{"id":575,"date":"2024-01-28T08:54:35","date_gmt":"2024-01-28T08:54:35","guid":{"rendered":"https:\/\/sculptureshome.com\/?post_type=product&#038;p=575"},"modified":"2024-01-28T08:54:35","modified_gmt":"2024-01-28T08:54:35","slug":"art-moderne-figure-sculpture-resine-ornements","status":"publish","type":"product","link":"https:\/\/sculptureshome.com\/fr\/product\/modern-art-figure-sculpture-resin-ornaments\/","title":{"rendered":"Art Moderne Figure Sculpture R\u00e9sine Ornements"},"content":{"rendered":"<div class=\"attribute-item\">\n<div class=\"left\" data-spm-anchor-id=\"a2700.details.0.i84.542c7febNDpM2q\">Lieu d'origine : Guangdong, Chine<\/div>\n<div class=\"right\">Mat\u00e9riau : R\u00e9sine<\/div>\n<div>Style : Moderne<\/div>\n<\/div>\n<div class=\"attribute-item\">\n<div class=\"left\">Utilisation : D\u00e9coration et cadeau<\/div>\n<\/div>\n<div class=\"attribute-item\">\n<div class=\"left\">Utilisation : D\u00e9corations pour la maison, cadeaux<\/div>\n<\/div>\n<div class=\"attribute-item\">\n<div class=\"left\">Couleur : Noir et blanc assortis<\/div>\n<div class=\"right\">Type de produit : Sculpture D\u00e9coration<\/div>\n<div>Taille : Taille personnalis\u00e9e<\/div>\n<\/div>","protected":false},"excerpt":{"rendered":"<p>Lieu d'origine : Guangdong, Chine Mat\u00e9riau : R\u00e9sine R\u00e9sine Style : Moderne Utilisation : D\u00e9coration et cadeau Utilisation : D\u00e9coration d'int\u00e9rieur et cadeaux Couleur : Noir et blanc Type de produit : Sculpture D\u00e9coration Taille : Taille personnalis\u00e9e<\/p>","protected":false},"featured_media":576,"comment_status":"open","ping_status":"closed","template":"","meta":[],"product_brand":[],"product_cat":[25],"product_tag":[],"class_list":{"0":"post-575","1":"product","2":"type-product","3":"status-publish","4":"has-post-thumbnail","6":"product_cat-decorative-sculpture","8":"first","9":"instock","10":"shipping-taxable","11":"product-type-simple"},"_links":{"self":[{"href":"https:\/\/sculptureshome.com\/fr\/wp-json\/wp\/v2\/product\/575","targetHints":{"allow":["GET"]}}],"collection":[{"href":"https:\/\/sculptureshome.com\/fr\/wp-json\/wp\/v2\/product"}],"about":[{"href":"https:\/\/sculptureshome.com\/fr\/wp-json\/wp\/v2\/types\/product"}],"replies":[{"embeddable":true,"href":"https:\/\/sculptureshome.com\/fr\/wp-json\/wp\/v2\/comments?post=575"}],"version-history":[{"count":0,"href":"https:\/\/sculptureshome.com\/fr\/wp-json\/wp\/v2\/product\/575\/revisions"}],"wp:featuredmedia":[{"embeddable":true,"href":"https:\/\/sculptureshome.com\/fr\/wp-json\/wp\/v2\/media\/576"}],"wp:attachment":[{"href":"https:\/\/sculptureshome.com\/fr\/wp-json\/wp\/v2\/media?parent=575"}],"wp:term":[{"taxonomy":"product_brand","embeddable":true,"href":"https:\/\/sculptureshome.com\/fr\/wp-json\/wp\/v2\/product_brand?post=575"},{"taxonomy":"product_cat","embeddable":true,"href":"https:\/\/sculptureshome.com\/fr\/wp-json\/wp\/v2\/product_cat?post=575"},{"taxonomy":"product_tag","embeddable":true,"href":"https:\/\/sculptureshome.com\/fr\/wp-json\/wp\/v2\/product_tag?post=575"}],"curies":[{"name":"wp","href":"https:\/\/api.w.org\/{rel}","templated":true}]}}