{"id":567,"date":"2024-01-28T08:50:33","date_gmt":"2024-01-28T08:50:33","guid":{"rendered":"https:\/\/sculptureshome.com\/?post_type=product&#038;p=567"},"modified":"2024-02-10T06:26:06","modified_gmt":"2024-02-10T06:26:06","slug":"cerf-en-cuivre-personnalise-pour-decoration-statue-animale-geante","status":"publish","type":"product","link":"https:\/\/sculptureshome.com\/fr\/product\/custom-copper-deer-for-decor-giant-animal-statue\/","title":{"rendered":"Cerf en cuivre personnalis\u00e9 pour d\u00e9coration Statue animali\u00e8re g\u00e9ante"},"content":{"rendered":"<div class=\"attribute-item\">\n<div class=\"left\" data-spm-anchor-id=\"a2700.details.0.i75.1f076726idQAzw\">Lieu d'origine : Guangdong, Chine<\/div>\n<div class=\"right\">Mat\u00e9riau : R\u00e9sine<\/div>\n<div>Style : Artificiel<\/div>\n<\/div>\n<div class=\"attribute-item\">\n<div class=\"left\">Utilisation : D\u00e9coration int\u00e9rieure<\/div>\n<div class=\"right\">Dossier r\u00e9gional : Chine<\/div>\n<\/div>\n<div class=\"attribute-item\">\n<div class=\"left\">Taille : Taille personnalis\u00e9e<\/div>\n<div class=\"right\">Couleur : Couleur personnalis\u00e9e<\/div>\n<\/div>\n<div class=\"attribute-item\">\n<div class=\"left\">Mat\u00e9riau : Fibre de verre<\/div>\n<div class=\"right\">Logo : Acceptation des logos personnalis\u00e9s<\/div>\n<div>Forme : Forme personnalis\u00e9e<\/div>\n<\/div>\n<div class=\"attribute-item\">\n<div class=\"left\">Fonction : D\u00e9coratif<\/div>\n<div class=\"right\">\n&nbsp;<\/p>\n<\/div>\n<\/div>\n<div class=\"attribute-item\">\n<div class=\"left\"><\/div>\n<div class=\"right\">\n&nbsp;<\/p>\n<\/div>\n<\/div>\n<div class=\"attribute-item\">\n<div class=\"left\"><\/div>\n<div class=\"right\"><\/div>\n<\/div>","protected":false},"excerpt":{"rendered":"<p>Lieu d'origine : Guangdong, Chine Mat\u00e9riau : R\u00e9sine R\u00e9sine Style : Artificiel Utilisation : D\u00e9coration de la maison Caract\u00e9ristique r\u00e9gionale : Chine Taille : Taille personnalis\u00e9e Couleur : Couleur personnalis\u00e9e Mat\u00e9riau : Fibre de verre Fibre de verre Logo : Logo personnalis\u00e9 Forme accept\u00e9e : Forme personnalis\u00e9e Fonction : D\u00e9coratif &nbsp; &nbsp;<\/p>","protected":false},"featured_media":568,"comment_status":"open","ping_status":"closed","template":"","meta":[],"product_brand":[],"product_cat":[30],"product_tag":[],"class_list":{"0":"post-567","1":"product","2":"type-product","3":"status-publish","4":"has-post-thumbnail","6":"product_cat-fiberglass-sculpture","8":"first","9":"instock","10":"shipping-taxable","11":"product-type-simple"},"_links":{"self":[{"href":"https:\/\/sculptureshome.com\/fr\/wp-json\/wp\/v2\/product\/567","targetHints":{"allow":["GET"]}}],"collection":[{"href":"https:\/\/sculptureshome.com\/fr\/wp-json\/wp\/v2\/product"}],"about":[{"href":"https:\/\/sculptureshome.com\/fr\/wp-json\/wp\/v2\/types\/product"}],"replies":[{"embeddable":true,"href":"https:\/\/sculptureshome.com\/fr\/wp-json\/wp\/v2\/comments?post=567"}],"version-history":[{"count":0,"href":"https:\/\/sculptureshome.com\/fr\/wp-json\/wp\/v2\/product\/567\/revisions"}],"wp:featuredmedia":[{"embeddable":true,"href":"https:\/\/sculptureshome.com\/fr\/wp-json\/wp\/v2\/media\/568"}],"wp:attachment":[{"href":"https:\/\/sculptureshome.com\/fr\/wp-json\/wp\/v2\/media?parent=567"}],"wp:term":[{"taxonomy":"product_brand","embeddable":true,"href":"https:\/\/sculptureshome.com\/fr\/wp-json\/wp\/v2\/product_brand?post=567"},{"taxonomy":"product_cat","embeddable":true,"href":"https:\/\/sculptureshome.com\/fr\/wp-json\/wp\/v2\/product_cat?post=567"},{"taxonomy":"product_tag","embeddable":true,"href":"https:\/\/sculptureshome.com\/fr\/wp-json\/wp\/v2\/product_tag?post=567"}],"curies":[{"name":"wp","href":"https:\/\/api.w.org\/{rel}","templated":true}]}}