{"id":563,"date":"2024-01-28T08:46:33","date_gmt":"2024-01-28T08:46:33","guid":{"rendered":"https:\/\/sculptureshome.com\/?post_type=product&#038;p=563"},"modified":"2024-01-28T08:46:33","modified_gmt":"2024-01-28T08:46:33","slug":"sculpture-religieuse-decorative","status":"publish","type":"product","link":"https:\/\/sculptureshome.com\/fr\/product\/religious-decorative-sculpture\/","title":{"rendered":"Sculpture d\u00e9corative religieuse"},"content":{"rendered":"<div class=\"attribute-item\">\n<div class=\"left\">Lieu d'origine\uff1aGuangdong, Chine<\/div>\n<div class=\"right\">Mat\u00e9riau : R\u00e9sine<\/div>\n<div>Style : Religieux<\/div>\n<\/div>\n<div class=\"attribute-item\">\n<div class=\"left\">Mat\u00e9riau : Plastique<\/div>\n<\/div>\n<div class=\"attribute-item\">\n<div class=\"left\">Utilisation : D\u00e9corations, cadeaux<\/div>\n<div class=\"right\">Taille : Image montr\u00e9e<\/div>\n<div>Couleur : Photo illustr\u00e9e<\/div>\n<\/div>\n<div class=\"attribute-item\">\n<div class=\"left\">Type : Sculpture d\u00e9corative<\/div>\n<\/div>\n<div class=\"attribute-item\">\n<div class=\"left\"><\/div>\n<div class=\"right\"><\/div>\n<\/div>","protected":false},"excerpt":{"rendered":"<p>Lieu d'origine\uff1aGuangdong, Chine Mat\u00e9riau : R\u00e9sine Style : Religieux Mat\u00e9riau : Plastique Utilisation : D\u00e9corations et cadeaux Taille : Photo montr\u00e9e Couleur : Photo montr\u00e9e Type : Sculpture d\u00e9corative<\/p>","protected":false},"featured_media":564,"comment_status":"open","ping_status":"closed","template":"","meta":[],"product_brand":[],"product_cat":[25],"product_tag":[],"class_list":{"0":"post-563","1":"product","2":"type-product","3":"status-publish","4":"has-post-thumbnail","6":"product_cat-decorative-sculpture","8":"first","9":"instock","10":"shipping-taxable","11":"product-type-simple"},"_links":{"self":[{"href":"https:\/\/sculptureshome.com\/fr\/wp-json\/wp\/v2\/product\/563","targetHints":{"allow":["GET"]}}],"collection":[{"href":"https:\/\/sculptureshome.com\/fr\/wp-json\/wp\/v2\/product"}],"about":[{"href":"https:\/\/sculptureshome.com\/fr\/wp-json\/wp\/v2\/types\/product"}],"replies":[{"embeddable":true,"href":"https:\/\/sculptureshome.com\/fr\/wp-json\/wp\/v2\/comments?post=563"}],"version-history":[{"count":0,"href":"https:\/\/sculptureshome.com\/fr\/wp-json\/wp\/v2\/product\/563\/revisions"}],"wp:featuredmedia":[{"embeddable":true,"href":"https:\/\/sculptureshome.com\/fr\/wp-json\/wp\/v2\/media\/564"}],"wp:attachment":[{"href":"https:\/\/sculptureshome.com\/fr\/wp-json\/wp\/v2\/media?parent=563"}],"wp:term":[{"taxonomy":"product_brand","embeddable":true,"href":"https:\/\/sculptureshome.com\/fr\/wp-json\/wp\/v2\/product_brand?post=563"},{"taxonomy":"product_cat","embeddable":true,"href":"https:\/\/sculptureshome.com\/fr\/wp-json\/wp\/v2\/product_cat?post=563"},{"taxonomy":"product_tag","embeddable":true,"href":"https:\/\/sculptureshome.com\/fr\/wp-json\/wp\/v2\/product_tag?post=563"}],"curies":[{"name":"wp","href":"https:\/\/api.w.org\/{rel}","templated":true}]}}