{"id":555,"date":"2024-01-28T08:42:47","date_gmt":"2024-01-28T08:42:47","guid":{"rendered":"https:\/\/sculptureshome.com\/?post_type=product&#038;p=555"},"modified":"2024-01-28T08:42:47","modified_gmt":"2024-01-28T08:42:47","slug":"decoration-retro-du-salon-de-la-maison","status":"publish","type":"product","link":"https:\/\/sculptureshome.com\/fr\/product\/hot-selling-retro-home-living-room-decoration\/","title":{"rendered":"D\u00e9coration de salon r\u00e9tro tr\u00e8s en vogue"},"content":{"rendered":"<div class=\"attribute-list\">\n<div class=\"attribute-item\">\n<div class=\"left\" data-spm-anchor-id=\"a2700.wholesale.0.i92.6ecf4e26ZjoqVl\">Occasion\uff1aBack to School<\/div>\n<div class=\"right\">Lieu d'origine\uff1aGuangdong, Chine<\/div>\n<div>Type\uff1aAutre d\u00e9coration d'int\u00e9rieur<\/div>\n<\/div>\n<div class=\"attribute-item\">\n<div class=\"left\">Mati\u00e8re\uff1am\u00e9tal<\/div>\n<\/div>\n<div class=\"attribute-item\">\n<div class=\"left\">Nom du produit\uff1a D\u00e9coration de table \u00e0 manger<\/div>\n<div class=\"right\">\n&nbsp;<\/p>\n<\/div>\n<\/div>\n<\/div>\n<div class=\"attribute-list\">\n<div class=\"attribute-item\">\n<div class=\"right\">\n<p>&nbsp;<\/p>\n<\/div>\n<\/div>\n<div class=\"attribute-item\">\n<div class=\"left\"><\/div>\n<div class=\"right\">\n&nbsp;<\/p>\n<\/div>\n<\/div>\n<div class=\"attribute-item\"><\/div>\n<div class=\"attribute-item\">\n<div class=\"right\"><\/div>\n<\/div>\n<\/div>","protected":false},"excerpt":{"rendered":"<p>Occasion\uff1aBack to School Place of Origin\uff1aGuangdong, China Type\uff1aOther Home Decor Material\uff1ametal Product name\uff1a Dining Table Decoration &nbsp; &nbsp; &nbsp;<\/p>","protected":false},"featured_media":556,"comment_status":"open","ping_status":"closed","template":"","meta":[],"product_brand":[],"product_cat":[25],"product_tag":[],"class_list":{"0":"post-555","1":"product","2":"type-product","3":"status-publish","4":"has-post-thumbnail","6":"product_cat-decorative-sculpture","8":"first","9":"instock","10":"shipping-taxable","11":"product-type-simple"},"_links":{"self":[{"href":"https:\/\/sculptureshome.com\/fr\/wp-json\/wp\/v2\/product\/555","targetHints":{"allow":["GET"]}}],"collection":[{"href":"https:\/\/sculptureshome.com\/fr\/wp-json\/wp\/v2\/product"}],"about":[{"href":"https:\/\/sculptureshome.com\/fr\/wp-json\/wp\/v2\/types\/product"}],"replies":[{"embeddable":true,"href":"https:\/\/sculptureshome.com\/fr\/wp-json\/wp\/v2\/comments?post=555"}],"version-history":[{"count":0,"href":"https:\/\/sculptureshome.com\/fr\/wp-json\/wp\/v2\/product\/555\/revisions"}],"wp:featuredmedia":[{"embeddable":true,"href":"https:\/\/sculptureshome.com\/fr\/wp-json\/wp\/v2\/media\/556"}],"wp:attachment":[{"href":"https:\/\/sculptureshome.com\/fr\/wp-json\/wp\/v2\/media?parent=555"}],"wp:term":[{"taxonomy":"product_brand","embeddable":true,"href":"https:\/\/sculptureshome.com\/fr\/wp-json\/wp\/v2\/product_brand?post=555"},{"taxonomy":"product_cat","embeddable":true,"href":"https:\/\/sculptureshome.com\/fr\/wp-json\/wp\/v2\/product_cat?post=555"},{"taxonomy":"product_tag","embeddable":true,"href":"https:\/\/sculptureshome.com\/fr\/wp-json\/wp\/v2\/product_tag?post=555"}],"curies":[{"name":"wp","href":"https:\/\/api.w.org\/{rel}","templated":true}]}}