{"id":540,"date":"2024-01-28T08:31:41","date_gmt":"2024-01-28T08:31:41","guid":{"rendered":"https:\/\/sculptureshome.com\/?post_type=product&#038;p=540"},"modified":"2024-01-28T08:31:41","modified_gmt":"2024-01-28T08:31:41","slug":"sculptures-modernes-pour-la-maison-decoration-de-la-maison","status":"publish","type":"product","link":"https:\/\/sculptureshome.com\/fr\/product\/modern-home-sculptures-house-decor\/","title":{"rendered":"Modern Home Sculptures House Decor"},"content":{"rendered":"<div class=\"attribute-list\">\n<div class=\"attribute-item\">\n<div class=\"left\" data-spm-anchor-id=\"a2700.details.0.i87.767f76f1coIM2G\">Style\uff1aArt d\u00e9co<\/div>\n<\/div>\n<\/div>\n<div class=\"attribute-list\">\n<div class=\"attribute-item\">\n<div class=\"left\">Lieu d'origine\uff1aGuangdong, Chine<\/div>\n<div class=\"right\">Occasion : quotidien<\/div>\n<\/div>\n<div class=\"attribute-item\">\n<div class=\"right\">Mat\u00e9riau : polyr\u00e9sine<\/div>\n<\/div>\n<div class=\"attribute-item\">\n<div class=\"right\">Utilisation : D\u00e9coratif<\/div>\n<div>Forme : Irr\u00e9gulier<\/div>\n<\/div>\n<div class=\"attribute-item\">\n<div class=\"left\">Mod\u00e8le : Portrait<\/div>\n<div class=\"right\">Th\u00e8me : Art<\/div>\n<\/div>\n<div class=\"attribute-item\">\n<div class=\"left\">Fonction : MOVABLE, D\u00e9coration int\u00e9rieure<\/div>\n<div class=\"right\">Type : d\u00e9coration d'int\u00e9rieur, sculpture d\u00e9corative<\/div>\n<div>Mat\u00e9riau : polyr\u00e9sine<\/div>\n<\/div>\n<div class=\"attribute-item\">\n<div class=\"left\">Application : maison, h\u00f4tel, bureau<\/div>\n<\/div>\n<\/div>","protected":false},"excerpt":{"rendered":"<p>Design Style\uff1aArt Deco Lieu d'origine\uff1aGuangdong, Chine Occasion : quotidien Mati\u00e8re : polyr\u00e9sine Utilisation : D\u00e9coratif Forme : Irr\u00e9gulier Motif : Portrait Th\u00e8me : Art Fonction : MOVABLE, Home decoration Type : Home decor,Decoration sculpture Material : polyresin Application : home,hotel,office<\/p>","protected":false},"featured_media":541,"comment_status":"open","ping_status":"closed","template":"","meta":[],"product_brand":[],"product_cat":[25],"product_tag":[],"class_list":{"0":"post-540","1":"product","2":"type-product","3":"status-publish","4":"has-post-thumbnail","6":"product_cat-decorative-sculpture","8":"first","9":"instock","10":"shipping-taxable","11":"product-type-simple"},"_links":{"self":[{"href":"https:\/\/sculptureshome.com\/fr\/wp-json\/wp\/v2\/product\/540","targetHints":{"allow":["GET"]}}],"collection":[{"href":"https:\/\/sculptureshome.com\/fr\/wp-json\/wp\/v2\/product"}],"about":[{"href":"https:\/\/sculptureshome.com\/fr\/wp-json\/wp\/v2\/types\/product"}],"replies":[{"embeddable":true,"href":"https:\/\/sculptureshome.com\/fr\/wp-json\/wp\/v2\/comments?post=540"}],"version-history":[{"count":0,"href":"https:\/\/sculptureshome.com\/fr\/wp-json\/wp\/v2\/product\/540\/revisions"}],"wp:featuredmedia":[{"embeddable":true,"href":"https:\/\/sculptureshome.com\/fr\/wp-json\/wp\/v2\/media\/541"}],"wp:attachment":[{"href":"https:\/\/sculptureshome.com\/fr\/wp-json\/wp\/v2\/media?parent=540"}],"wp:term":[{"taxonomy":"product_brand","embeddable":true,"href":"https:\/\/sculptureshome.com\/fr\/wp-json\/wp\/v2\/product_brand?post=540"},{"taxonomy":"product_cat","embeddable":true,"href":"https:\/\/sculptureshome.com\/fr\/wp-json\/wp\/v2\/product_cat?post=540"},{"taxonomy":"product_tag","embeddable":true,"href":"https:\/\/sculptureshome.com\/fr\/wp-json\/wp\/v2\/product_tag?post=540"}],"curies":[{"name":"wp","href":"https:\/\/api.w.org\/{rel}","templated":true}]}}