{"id":532,"date":"2024-01-28T08:26:03","date_gmt":"2024-01-28T08:26:03","guid":{"rendered":"https:\/\/sculptureshome.com\/?post_type=product&#038;p=532"},"modified":"2024-02-10T06:27:02","modified_gmt":"2024-02-10T06:27:02","slug":"design-attrayant-couleur-or-grand-abstrait-en-metal-pour-lexterieur","status":"publish","type":"product","link":"https:\/\/sculptureshome.com\/fr\/product\/attractive-design-gold-color-large-outdoor-metal-abstract\/","title":{"rendered":"Attractive Design Gold Color Large Outdoor Metal Abstract"},"content":{"rendered":"<div class=\"attribute-item\">\n<div class=\"left\">Lieu d'origine : Guanggdong, Chine<\/div>\n<div class=\"right\">Occasion : Mariage<\/div>\n<\/div>\n<div class=\"attribute-item\">\n<div class=\"left\">Mat\u00e9riau : M\u00e9tal<\/div>\n<div class=\"right\">Utilisation : D\u00e9coratif<\/div>\n<div>Forme : Sur mesure<\/div>\n<\/div>\n<div class=\"attribute-item\">\n<div class=\"right\">Mod\u00e8le : Autre<\/div>\n<\/div>\n<div class=\"attribute-item\">\n<div class=\"left\">\n<div class=\"left\">Technics\uff1aMetal Handicraft<\/div>\n<\/div>\n<\/div>","protected":false},"excerpt":{"rendered":"<p>Lieu d'origine : Guanggdong, Chine Occasion : Mariage Mat\u00e9riau : M\u00e9tal Utilisation : Forme d\u00e9corative : Motif personnalis\u00e9 : Autres techniques\uff1aMetal Handicraft<\/p>","protected":false},"featured_media":533,"comment_status":"open","ping_status":"closed","template":"","meta":[],"product_brand":[],"product_cat":[20,25],"product_tag":[],"class_list":{"0":"post-532","1":"product","2":"type-product","3":"status-publish","4":"has-post-thumbnail","6":"product_cat-art-sculpture","7":"product_cat-decorative-sculpture","9":"first","10":"instock","11":"shipping-taxable","12":"product-type-simple"},"_links":{"self":[{"href":"https:\/\/sculptureshome.com\/fr\/wp-json\/wp\/v2\/product\/532","targetHints":{"allow":["GET"]}}],"collection":[{"href":"https:\/\/sculptureshome.com\/fr\/wp-json\/wp\/v2\/product"}],"about":[{"href":"https:\/\/sculptureshome.com\/fr\/wp-json\/wp\/v2\/types\/product"}],"replies":[{"embeddable":true,"href":"https:\/\/sculptureshome.com\/fr\/wp-json\/wp\/v2\/comments?post=532"}],"version-history":[{"count":0,"href":"https:\/\/sculptureshome.com\/fr\/wp-json\/wp\/v2\/product\/532\/revisions"}],"wp:featuredmedia":[{"embeddable":true,"href":"https:\/\/sculptureshome.com\/fr\/wp-json\/wp\/v2\/media\/533"}],"wp:attachment":[{"href":"https:\/\/sculptureshome.com\/fr\/wp-json\/wp\/v2\/media?parent=532"}],"wp:term":[{"taxonomy":"product_brand","embeddable":true,"href":"https:\/\/sculptureshome.com\/fr\/wp-json\/wp\/v2\/product_brand?post=532"},{"taxonomy":"product_cat","embeddable":true,"href":"https:\/\/sculptureshome.com\/fr\/wp-json\/wp\/v2\/product_cat?post=532"},{"taxonomy":"product_tag","embeddable":true,"href":"https:\/\/sculptureshome.com\/fr\/wp-json\/wp\/v2\/product_tag?post=532"}],"curies":[{"name":"wp","href":"https:\/\/api.w.org\/{rel}","templated":true}]}}