{"id":524,"date":"2024-01-28T08:21:36","date_gmt":"2024-01-28T08:21:36","guid":{"rendered":"https:\/\/sculptureshome.com\/?post_type=product&#038;p=524"},"modified":"2024-01-28T08:21:36","modified_gmt":"2024-01-28T08:21:36","slug":"sculpture-pour-la-decoration-interieure","status":"publish","type":"product","link":"https:\/\/sculptureshome.com\/fr\/product\/sculpture-for-home-decoration\/","title":{"rendered":"Sculpture pour la d\u00e9coration int\u00e9rieure"},"content":{"rendered":"<div class=\"attribute-list\">\n<div class=\"attribute-item\">\n<div class=\"left\" data-spm-anchor-id=\"a2700.details.0.i75.63185a2cTIBkP2\">Style de design : Art d\u00e9co<\/div>\n<\/div>\n<\/div>\n<div class=\"attribute-list\">\n<div class=\"attribute-item\">\n<div class=\"left\" data-spm-anchor-id=\"a2700.details.0.i73.63185a2cTIBkP2\">Lieu d'origine : Guangdong, Chine<\/div>\n<\/div>\n<div class=\"attribute-item\">\n<div class=\"left\">Occasion : No\u00ebl<\/div>\n<\/div>\n<div class=\"attribute-item\">\n<div class=\"left\">Mat\u00e9riau : Fer<\/div>\n<div class=\"right\">Utilisation : D\u00e9coratif<\/div>\n<div>Forme : Irr\u00e9gulier<\/div>\n<\/div>\n<div class=\"attribute-item\">\n<div class=\"left\">Mod\u00e8le : Portrait<\/div>\n<div class=\"right\">Techniques : Artisanat du m\u00e9tal<\/div>\n<\/div>\n<div class=\"attribute-item\">\n<div class=\"left\">Logo : Logo personnalis\u00e9 Acceptable<\/div>\n<div class=\"right\"><\/div>\n<\/div>\n<\/div>","protected":false},"excerpt":{"rendered":"<p>Style du design : Art Deco Lieu d'origine : Guangdong, Chine Occasion : No\u00ebl Mat\u00e9riau : Fer Fer Utilisation : D\u00e9coratif Forme : Irregular Pattern : Portrait Technique : Artisanat en m\u00e9tal Logo : Logo personnalis\u00e9 acceptable<\/p>","protected":false},"featured_media":525,"comment_status":"open","ping_status":"closed","template":"","meta":[],"product_brand":[],"product_cat":[25],"product_tag":[],"class_list":{"0":"post-524","1":"product","2":"type-product","3":"status-publish","4":"has-post-thumbnail","6":"product_cat-decorative-sculpture","8":"first","9":"instock","10":"shipping-taxable","11":"product-type-simple"},"_links":{"self":[{"href":"https:\/\/sculptureshome.com\/fr\/wp-json\/wp\/v2\/product\/524","targetHints":{"allow":["GET"]}}],"collection":[{"href":"https:\/\/sculptureshome.com\/fr\/wp-json\/wp\/v2\/product"}],"about":[{"href":"https:\/\/sculptureshome.com\/fr\/wp-json\/wp\/v2\/types\/product"}],"replies":[{"embeddable":true,"href":"https:\/\/sculptureshome.com\/fr\/wp-json\/wp\/v2\/comments?post=524"}],"version-history":[{"count":0,"href":"https:\/\/sculptureshome.com\/fr\/wp-json\/wp\/v2\/product\/524\/revisions"}],"wp:featuredmedia":[{"embeddable":true,"href":"https:\/\/sculptureshome.com\/fr\/wp-json\/wp\/v2\/media\/525"}],"wp:attachment":[{"href":"https:\/\/sculptureshome.com\/fr\/wp-json\/wp\/v2\/media?parent=524"}],"wp:term":[{"taxonomy":"product_brand","embeddable":true,"href":"https:\/\/sculptureshome.com\/fr\/wp-json\/wp\/v2\/product_brand?post=524"},{"taxonomy":"product_cat","embeddable":true,"href":"https:\/\/sculptureshome.com\/fr\/wp-json\/wp\/v2\/product_cat?post=524"},{"taxonomy":"product_tag","embeddable":true,"href":"https:\/\/sculptureshome.com\/fr\/wp-json\/wp\/v2\/product_tag?post=524"}],"curies":[{"name":"wp","href":"https:\/\/api.w.org\/{rel}","templated":true}]}}