{"id":516,"date":"2024-01-28T08:17:06","date_gmt":"2024-01-28T08:17:06","guid":{"rendered":"https:\/\/sculptureshome.com\/?post_type=product&#038;p=516"},"modified":"2024-01-28T08:17:06","modified_gmt":"2024-01-28T08:17:06","slug":"statue-en-resine-de-haute-qualite","status":"publish","type":"product","link":"https:\/\/sculptureshome.com\/fr\/product\/high-quality-anime-figure-resin-statue\/","title":{"rendered":"Statue en r\u00e9sine de haute qualit\u00e9"},"content":{"rendered":"<div class=\"attribute-list\">\n<div class=\"attribute-item\">\n<div class=\"left\" data-spm-anchor-id=\"a2700.details.0.i66.c7d67f59dmor3v\">Type de produit : Figurine<\/div>\n<div class=\"right\">Th\u00e8me : Personnages de la t\u00e9l\u00e9vision et du cin\u00e9ma<\/div>\n<\/div>\n<\/div>\n<div class=\"attribute-list\">\n<div class=\"attribute-item\">\n<div class=\"left\">Lieu d'origine : Guangdong, Chine<\/div>\n<div class=\"right\">Mat\u00e9riau : R\u00e9sine<\/div>\n<div>Style : Artificiel<\/div>\n<\/div>\n<div class=\"attribute-item\">\n<div class=\"left\">Utilisation : D\u00e9coration int\u00e9rieure<\/div>\n<\/div>\n<div class=\"attribute-item\">\n<div class=\"left\">Logo : Acceptation des logos personnalis\u00e9s<\/div>\n<\/div>\n<div class=\"attribute-item\">\n<div class=\"left\">Couleur : Couleur personnalis\u00e9e<\/div>\n<div class=\"right\">Taille : Taille client<br \/>\n&nbsp;<\/p>\n<\/div>\n<\/div>\n<div class=\"attribute-item\">\n<div class=\"left\"><\/div>\n<div class=\"right\"><\/div>\n<\/div>\n<\/div>","protected":false},"excerpt":{"rendered":"<p>Type de produit : Figurine Th\u00e8me : TV &amp; Movie Character Lieu d'origine : Guangdong, Chine Mat\u00e9riau : R\u00e9sine R\u00e9sine Style : Artificiel Utilisation : D\u00e9coration de la maison Logo : Logo personnalis\u00e9 Couleur : Couleur personnalis\u00e9e Taille : Taille du client &nbsp;<\/p>","protected":false},"featured_media":517,"comment_status":"open","ping_status":"closed","template":"","meta":[],"product_brand":[],"product_cat":[25],"product_tag":[],"class_list":{"0":"post-516","1":"product","2":"type-product","3":"status-publish","4":"has-post-thumbnail","6":"product_cat-decorative-sculpture","8":"first","9":"instock","10":"shipping-taxable","11":"product-type-simple"},"_links":{"self":[{"href":"https:\/\/sculptureshome.com\/fr\/wp-json\/wp\/v2\/product\/516","targetHints":{"allow":["GET"]}}],"collection":[{"href":"https:\/\/sculptureshome.com\/fr\/wp-json\/wp\/v2\/product"}],"about":[{"href":"https:\/\/sculptureshome.com\/fr\/wp-json\/wp\/v2\/types\/product"}],"replies":[{"embeddable":true,"href":"https:\/\/sculptureshome.com\/fr\/wp-json\/wp\/v2\/comments?post=516"}],"version-history":[{"count":0,"href":"https:\/\/sculptureshome.com\/fr\/wp-json\/wp\/v2\/product\/516\/revisions"}],"wp:featuredmedia":[{"embeddable":true,"href":"https:\/\/sculptureshome.com\/fr\/wp-json\/wp\/v2\/media\/517"}],"wp:attachment":[{"href":"https:\/\/sculptureshome.com\/fr\/wp-json\/wp\/v2\/media?parent=516"}],"wp:term":[{"taxonomy":"product_brand","embeddable":true,"href":"https:\/\/sculptureshome.com\/fr\/wp-json\/wp\/v2\/product_brand?post=516"},{"taxonomy":"product_cat","embeddable":true,"href":"https:\/\/sculptureshome.com\/fr\/wp-json\/wp\/v2\/product_cat?post=516"},{"taxonomy":"product_tag","embeddable":true,"href":"https:\/\/sculptureshome.com\/fr\/wp-json\/wp\/v2\/product_tag?post=516"}],"curies":[{"name":"wp","href":"https:\/\/api.w.org\/{rel}","templated":true}]}}