{"id":508,"date":"2024-01-28T08:04:20","date_gmt":"2024-01-28T08:04:20","guid":{"rendered":"https:\/\/sculptureshome.com\/?post_type=product&#038;p=508"},"modified":"2024-01-28T08:04:20","modified_gmt":"2024-01-28T08:04:20","slug":"moule-moderne-en-resine-sculpture-humaine","status":"publish","type":"product","link":"https:\/\/sculptureshome.com\/fr\/product\/modern-resin-mould-human-sculpture\/","title":{"rendered":"Sculpture humaine moderne en r\u00e9sine"},"content":{"rendered":"<div class=\"attribute-item\">\n<div class=\"left\">Lieu d'origine : Guangdong, Chine<\/div>\n<\/div>\n<div class=\"attribute-item\">\n<div class=\"left\">Mat\u00e9riau : R\u00e9sine<\/div>\n<div class=\"right\">Style : moderne<\/div>\n<div>Utilisation : D\u00e9coration int\u00e9rieure<\/div>\n<\/div>\n<div class=\"attribute-item\">\n<div class=\"right\">Utilisation : cadeaux, d\u00e9corations pour la maison<\/div>\n<\/div>\n<div class=\"attribute-item\">\n<div class=\"right\">Caract\u00e9ristique : Sculpt\u00e9 \u00e0 la main<\/div>\n<\/div>\n<div class=\"attribute-item\">\n<div class=\"left\">\u00e9chantillon : Disponible<\/div>\n<\/div>","protected":false},"excerpt":{"rendered":"<p>Lieu d'origine : Guangdong, Chine Mat\u00e9riau : R\u00e9sine Style : moderne Utilisation : D\u00e9coration de la maison Utilisation : cadeaux, d\u00e9corations de la maison Caract\u00e9ristique : Fait \u00e0 la main \u00c9chantillon sculpt\u00e9 : Disponible<\/p>","protected":false},"featured_media":509,"comment_status":"open","ping_status":"closed","template":"","meta":[],"product_brand":[],"product_cat":[24],"product_tag":[],"class_list":{"0":"post-508","1":"product","2":"type-product","3":"status-publish","4":"has-post-thumbnail","6":"product_cat-human-statue","8":"first","9":"instock","10":"shipping-taxable","11":"product-type-simple"},"_links":{"self":[{"href":"https:\/\/sculptureshome.com\/fr\/wp-json\/wp\/v2\/product\/508","targetHints":{"allow":["GET"]}}],"collection":[{"href":"https:\/\/sculptureshome.com\/fr\/wp-json\/wp\/v2\/product"}],"about":[{"href":"https:\/\/sculptureshome.com\/fr\/wp-json\/wp\/v2\/types\/product"}],"replies":[{"embeddable":true,"href":"https:\/\/sculptureshome.com\/fr\/wp-json\/wp\/v2\/comments?post=508"}],"version-history":[{"count":0,"href":"https:\/\/sculptureshome.com\/fr\/wp-json\/wp\/v2\/product\/508\/revisions"}],"wp:featuredmedia":[{"embeddable":true,"href":"https:\/\/sculptureshome.com\/fr\/wp-json\/wp\/v2\/media\/509"}],"wp:attachment":[{"href":"https:\/\/sculptureshome.com\/fr\/wp-json\/wp\/v2\/media?parent=508"}],"wp:term":[{"taxonomy":"product_brand","embeddable":true,"href":"https:\/\/sculptureshome.com\/fr\/wp-json\/wp\/v2\/product_brand?post=508"},{"taxonomy":"product_cat","embeddable":true,"href":"https:\/\/sculptureshome.com\/fr\/wp-json\/wp\/v2\/product_cat?post=508"},{"taxonomy":"product_tag","embeddable":true,"href":"https:\/\/sculptureshome.com\/fr\/wp-json\/wp\/v2\/product_tag?post=508"}],"curies":[{"name":"wp","href":"https:\/\/api.w.org\/{rel}","templated":true}]}}