{"id":499,"date":"2024-01-28T08:00:29","date_gmt":"2024-01-28T08:00:29","guid":{"rendered":"https:\/\/sculptureshome.com\/?post_type=product&#038;p=499"},"modified":"2024-01-28T08:00:29","modified_gmt":"2024-01-28T08:00:29","slug":"simulation-super-hero-movie-statues-taille-humaine","status":"publish","type":"product","link":"https:\/\/sculptureshome.com\/fr\/product\/simulation-super-hero-movie-human-size-statues\/","title":{"rendered":"Simulation Super Hero Movie Statues taille humaine"},"content":{"rendered":"<div class=\"attribute-item\">\n<div class=\"left\" data-spm-anchor-id=\"a2700.details.0.i88.5bde6894SH1xG5\">Lieu d'origine : Guangdong, Chine<\/div>\n<div class=\"right\">Mat\u00e9riau : R\u00e9sine<\/div>\n<div>Style : Artificiel<\/div>\n<\/div>\n<div class=\"attribute-item\">\n<div class=\"left\">Utilisation : Art et collection<\/div>\n<div class=\"right\">Dossier r\u00e9gional : Chine<\/div>\n<\/div>\n<div class=\"attribute-item\">\n<div class=\"left\">Mat\u00e9riau : Silicone et fibre de verre<\/div>\n<\/div>\n<div class=\"attribute-item\">\n<div class=\"left\">Taille : Peut \u00eatre personnalis\u00e9<\/div>\n<div class=\"right\">V\u00eatements : sur mesure<\/div>\n<\/div>\n<div class=\"attribute-item\">\n<div class=\"left\">Dur\u00e9e de vie : Au moins 20 ans<\/div>\n<div class=\"right\">\n&nbsp;<\/p>\n<\/div>\n<\/div>\n<div class=\"attribute-item\">\n<div class=\"left\"><\/div>\n<div class=\"right\">\n&nbsp;<\/p>\n<\/div>\n<\/div>\n<div class=\"attribute-item\">\n<div class=\"left\"><\/div>\n<div class=\"right\">\n&nbsp;<\/p>\n<\/div>\n<\/div>\n<div class=\"attribute-item\">\n<div class=\"left\">Temp\u00e9rature<\/div>\n<div class=\"right\">La temp\u00e9rature ambiante est acceptable&nbsp;<\/p>\n<\/div>\n<\/div>\n<div class=\"attribute-item\">\n<div class=\"left\">Maintenance<\/div>\n<div class=\"right\">Soutien \u00e0 la maintenance \u00e0 long terme<\/div>\n<\/div>","protected":false},"excerpt":{"rendered":"<p>Lieu d'origine : Guangdong, Chine Mat\u00e9riau : R\u00e9sine R\u00e9sine Style : Artificiel Utilisation : Art et objets de collection Caract\u00e9ristique r\u00e9gionale : Chine Mat\u00e9riau : Silicone et fibre de verre Silicone et fibre de verre Taille : Peut \u00eatre personnalis\u00e9 V\u00eatement : Fabriqu\u00e9 sur mesure Dur\u00e9e de vie : Au moins 20 ans Temp\u00e9rature La temp\u00e9rature ambiante est acceptable Entretien Support d'entretien \u00e0 long terme<\/p>","protected":false},"featured_media":501,"comment_status":"open","ping_status":"closed","template":"","meta":[],"product_brand":[],"product_cat":[24],"product_tag":[],"class_list":{"0":"post-499","1":"product","2":"type-product","3":"status-publish","4":"has-post-thumbnail","6":"product_cat-human-statue","8":"first","9":"instock","10":"shipping-taxable","11":"product-type-simple"},"_links":{"self":[{"href":"https:\/\/sculptureshome.com\/fr\/wp-json\/wp\/v2\/product\/499","targetHints":{"allow":["GET"]}}],"collection":[{"href":"https:\/\/sculptureshome.com\/fr\/wp-json\/wp\/v2\/product"}],"about":[{"href":"https:\/\/sculptureshome.com\/fr\/wp-json\/wp\/v2\/types\/product"}],"replies":[{"embeddable":true,"href":"https:\/\/sculptureshome.com\/fr\/wp-json\/wp\/v2\/comments?post=499"}],"version-history":[{"count":0,"href":"https:\/\/sculptureshome.com\/fr\/wp-json\/wp\/v2\/product\/499\/revisions"}],"wp:featuredmedia":[{"embeddable":true,"href":"https:\/\/sculptureshome.com\/fr\/wp-json\/wp\/v2\/media\/501"}],"wp:attachment":[{"href":"https:\/\/sculptureshome.com\/fr\/wp-json\/wp\/v2\/media?parent=499"}],"wp:term":[{"taxonomy":"product_brand","embeddable":true,"href":"https:\/\/sculptureshome.com\/fr\/wp-json\/wp\/v2\/product_brand?post=499"},{"taxonomy":"product_cat","embeddable":true,"href":"https:\/\/sculptureshome.com\/fr\/wp-json\/wp\/v2\/product_cat?post=499"},{"taxonomy":"product_tag","embeddable":true,"href":"https:\/\/sculptureshome.com\/fr\/wp-json\/wp\/v2\/product_tag?post=499"}],"curies":[{"name":"wp","href":"https:\/\/api.w.org\/{rel}","templated":true}]}}