{"id":492,"date":"2024-01-28T07:55:51","date_gmt":"2024-01-28T07:55:51","guid":{"rendered":"https:\/\/sculptureshome.com\/?post_type=product&#038;p=492"},"modified":"2024-03-08T13:08:58","modified_gmt":"2024-03-08T13:08:58","slug":"statue-grandeur-nature-en-fibre-de-verre-du-soldat-casse-noix-colore","status":"publish","type":"product","link":"https:\/\/sculptureshome.com\/fr\/product\/colorful-nutcracker-soldier-fiberglass-life-size-statue\/","title":{"rendered":"Statue grandeur nature en fibre de verre du soldat casse-noix color\u00e9"},"content":{"rendered":"<div class=\"attribute-item\">\n<div class=\"left\" data-spm-anchor-id=\"a2700.details.0.i87.750765b5aVgCYi\">Lieu d'origine\uff1aZhejiang, Chine<\/div>\n<div class=\"right\">Mat\u00e9riau : R\u00e9sine<\/div>\n<div>Style : Art populaire Beaux-arts Art public<\/div>\n<\/div>\n<div class=\"attribute-item\">\n<div class=\"left\">Utilisation : D\u00e9coration de vacances et cadeaux<\/div>\n<\/div>\n<div class=\"attribute-item\">\n<div class=\"left\">Mat\u00e9riau : Fibre de verre, etc.<\/div>\n<\/div>\n<div class=\"attribute-item\">\n<div class=\"left\">Avantage : Production professionnelle<\/div>\n<div class=\"right\">Forme, taille : personnalisation possible<\/div>\n<div>Couleur : toute couleur<\/div>\n<\/div>","protected":false},"excerpt":{"rendered":"<p>Lieu d'origine\uff1aZhejiang, Chine Mat\u00e9riau : R\u00e9sine Style : Folk Art Fine Art Public Art Utilisation : D\u00e9coration de vacances et cadeau Mat\u00e9riau : Fibre de verre, etc : Production professionnelle Forme, taille : personnalisation possible Couleur : toutes les couleurs<\/p>","protected":false},"featured_media":493,"comment_status":"open","ping_status":"closed","template":"","meta":[],"product_brand":[],"product_cat":[30,24],"product_tag":[],"class_list":{"0":"post-492","1":"product","2":"type-product","3":"status-publish","4":"has-post-thumbnail","6":"product_cat-fiberglass-sculpture","7":"product_cat-human-statue","9":"first","10":"instock","11":"shipping-taxable","12":"product-type-simple"},"_links":{"self":[{"href":"https:\/\/sculptureshome.com\/fr\/wp-json\/wp\/v2\/product\/492","targetHints":{"allow":["GET"]}}],"collection":[{"href":"https:\/\/sculptureshome.com\/fr\/wp-json\/wp\/v2\/product"}],"about":[{"href":"https:\/\/sculptureshome.com\/fr\/wp-json\/wp\/v2\/types\/product"}],"replies":[{"embeddable":true,"href":"https:\/\/sculptureshome.com\/fr\/wp-json\/wp\/v2\/comments?post=492"}],"version-history":[{"count":0,"href":"https:\/\/sculptureshome.com\/fr\/wp-json\/wp\/v2\/product\/492\/revisions"}],"wp:featuredmedia":[{"embeddable":true,"href":"https:\/\/sculptureshome.com\/fr\/wp-json\/wp\/v2\/media\/493"}],"wp:attachment":[{"href":"https:\/\/sculptureshome.com\/fr\/wp-json\/wp\/v2\/media?parent=492"}],"wp:term":[{"taxonomy":"product_brand","embeddable":true,"href":"https:\/\/sculptureshome.com\/fr\/wp-json\/wp\/v2\/product_brand?post=492"},{"taxonomy":"product_cat","embeddable":true,"href":"https:\/\/sculptureshome.com\/fr\/wp-json\/wp\/v2\/product_cat?post=492"},{"taxonomy":"product_tag","embeddable":true,"href":"https:\/\/sculptureshome.com\/fr\/wp-json\/wp\/v2\/product_tag?post=492"}],"curies":[{"name":"wp","href":"https:\/\/api.w.org\/{rel}","templated":true}]}}