{"id":484,"date":"2024-01-28T07:47:09","date_gmt":"2024-01-28T07:47:09","guid":{"rendered":"https:\/\/sculptureshome.com\/?post_type=product&#038;p=484"},"modified":"2024-01-28T07:47:09","modified_gmt":"2024-01-28T07:47:09","slug":"personnage-sur-mesure-figurine-homme-statue-humaine-souvenir","status":"publish","type":"product","link":"https:\/\/sculptureshome.com\/fr\/product\/custom-made-character-male-figurine-human-statue-souvenir\/","title":{"rendered":"Personnage sur mesure Figurine masculine statue humaine souvenir"},"content":{"rendered":"<div class=\"attribute-item\">\n<div class=\"left\" data-spm-anchor-id=\"a2700.details.0.i86.356b738bK0d3VS\">Lieu d'origine\uff1aGuangdong, Chine<\/div>\n<\/div>\n<div class=\"attribute-item\">\n<div class=\"left\">Mat\u00e9riau : R\u00e9sine<\/div>\n<div class=\"right\">Style : R\u00e9aliste<\/div>\n<div>Utilisation : Souvenir<\/div>\n<\/div>\n<div class=\"attribute-item\">\n<div class=\"left\">Utilisation : D\u00e9coration int\u00e9rieure<\/div>\n<div class=\"right\">Nom du produit : Sculpture R\u00e9sine Figurine<\/div>\n<\/div>\n<div class=\"attribute-item\">\n<div class=\"left\">Fonction : D\u00e9coratif<\/div>\n<div>Logo : Logo personnalis\u00e9<\/div>\n<div class=\"right\">Forme : Forme personnalis\u00e9e<\/div>\n<\/div>\n<div class=\"attribute-item\">\n<div class=\"left\">Conception : OEM ODM<\/div>\n<div class=\"right\">\n&nbsp;<\/p>\n<\/div>\n<\/div>\n<div class=\"attribute-item\">\n<div class=\"left\"><\/div>\n<div class=\"right\" data-spm-anchor-id=\"a2700.details.0.i87.356b738bK0d3VS\">\n&nbsp;<\/p>\n<\/div>\n<\/div>\n<div class=\"attribute-item\">\n<div class=\"left\"><\/div>\n<div class=\"right\" data-spm-anchor-id=\"a2700.details.0.i88.356b738bK0d3VS\"><\/div>\n<\/div>","protected":false},"excerpt":{"rendered":"<p>Lieu d'origine\uff1aGuangdong, Chine Mat\u00e9riau : R\u00e9sine Style : R\u00e9aliste Utilisation : Souvenir Utilisation : D\u00e9coration int\u00e9rieure Nom du produit : Sculpture Figurine en r\u00e9sine Fonction : D\u00e9coration Logo : Logo personnalis\u00e9 Forme : Forme personnalis\u00e9e Conception : OEM ODM &nbsp; &nbsp;<\/p>","protected":false},"featured_media":485,"comment_status":"open","ping_status":"closed","template":"","meta":[],"product_brand":[],"product_cat":[24],"product_tag":[],"class_list":{"0":"post-484","1":"product","2":"type-product","3":"status-publish","4":"has-post-thumbnail","6":"product_cat-human-statue","8":"first","9":"instock","10":"shipping-taxable","11":"product-type-simple"},"_links":{"self":[{"href":"https:\/\/sculptureshome.com\/fr\/wp-json\/wp\/v2\/product\/484","targetHints":{"allow":["GET"]}}],"collection":[{"href":"https:\/\/sculptureshome.com\/fr\/wp-json\/wp\/v2\/product"}],"about":[{"href":"https:\/\/sculptureshome.com\/fr\/wp-json\/wp\/v2\/types\/product"}],"replies":[{"embeddable":true,"href":"https:\/\/sculptureshome.com\/fr\/wp-json\/wp\/v2\/comments?post=484"}],"version-history":[{"count":0,"href":"https:\/\/sculptureshome.com\/fr\/wp-json\/wp\/v2\/product\/484\/revisions"}],"wp:featuredmedia":[{"embeddable":true,"href":"https:\/\/sculptureshome.com\/fr\/wp-json\/wp\/v2\/media\/485"}],"wp:attachment":[{"href":"https:\/\/sculptureshome.com\/fr\/wp-json\/wp\/v2\/media?parent=484"}],"wp:term":[{"taxonomy":"product_brand","embeddable":true,"href":"https:\/\/sculptureshome.com\/fr\/wp-json\/wp\/v2\/product_brand?post=484"},{"taxonomy":"product_cat","embeddable":true,"href":"https:\/\/sculptureshome.com\/fr\/wp-json\/wp\/v2\/product_cat?post=484"},{"taxonomy":"product_tag","embeddable":true,"href":"https:\/\/sculptureshome.com\/fr\/wp-json\/wp\/v2\/product_tag?post=484"}],"curies":[{"name":"wp","href":"https:\/\/api.w.org\/{rel}","templated":true}]}}