{"id":439,"date":"2024-01-27T16:24:52","date_gmt":"2024-01-27T16:24:52","guid":{"rendered":"https:\/\/sculptureshome.com\/?post_type=product&#038;p=439"},"modified":"2024-01-27T16:24:52","modified_gmt":"2024-01-27T16:24:52","slug":"africa-india-style-art-decoration-animaux-en-bois-sculptes-a-la-main","status":"publish","type":"product","link":"https:\/\/sculptureshome.com\/fr\/product\/africa-india-style-art-decoration-hand-carved-wooden-animals\/","title":{"rendered":"Afrique Style Inde Art D\u00e9coration Animaux en bois sculpt\u00e9s \u00e0 la main"},"content":{"rendered":"<div class=\"attribute-item\">\n<div class=\"left\" data-spm-anchor-id=\"a2700.wholesale.0.i91.73263267Ym1LNN\">Lieu d'origine\uff1a Guangdong, Chine<\/div>\n<div class=\"right\">Mat\u00e9riau : R\u00e9sine<\/div>\n<div>Style : Artificiel<\/div>\n<div>Utilisation : D\u00e9coration int\u00e9rieure<\/p>\n<div class=\"left\">Type : Sculpture d\u00e9corative<\/div>\n<div class=\"right\">taille : 10.5*8*15CM<\/div>\n<\/div>\n<\/div>","protected":false},"excerpt":{"rendered":"<p>Lieu d'origine\uff1a Guangdong, Chine Mat\u00e9riau : R\u00e9sine Style : Artificiel Utilisation : D\u00e9coration de la maison Type : Taille de la sculpture : 10.5*8*15CM<\/p>","protected":false},"featured_media":440,"comment_status":"open","ping_status":"closed","template":"","meta":[],"product_brand":[],"product_cat":[22],"product_tag":[],"class_list":{"0":"post-439","1":"product","2":"type-product","3":"status-publish","4":"has-post-thumbnail","6":"product_cat-animal-sculpture","8":"first","9":"instock","10":"shipping-taxable","11":"product-type-simple"},"_links":{"self":[{"href":"https:\/\/sculptureshome.com\/fr\/wp-json\/wp\/v2\/product\/439","targetHints":{"allow":["GET"]}}],"collection":[{"href":"https:\/\/sculptureshome.com\/fr\/wp-json\/wp\/v2\/product"}],"about":[{"href":"https:\/\/sculptureshome.com\/fr\/wp-json\/wp\/v2\/types\/product"}],"replies":[{"embeddable":true,"href":"https:\/\/sculptureshome.com\/fr\/wp-json\/wp\/v2\/comments?post=439"}],"version-history":[{"count":0,"href":"https:\/\/sculptureshome.com\/fr\/wp-json\/wp\/v2\/product\/439\/revisions"}],"wp:featuredmedia":[{"embeddable":true,"href":"https:\/\/sculptureshome.com\/fr\/wp-json\/wp\/v2\/media\/440"}],"wp:attachment":[{"href":"https:\/\/sculptureshome.com\/fr\/wp-json\/wp\/v2\/media?parent=439"}],"wp:term":[{"taxonomy":"product_brand","embeddable":true,"href":"https:\/\/sculptureshome.com\/fr\/wp-json\/wp\/v2\/product_brand?post=439"},{"taxonomy":"product_cat","embeddable":true,"href":"https:\/\/sculptureshome.com\/fr\/wp-json\/wp\/v2\/product_cat?post=439"},{"taxonomy":"product_tag","embeddable":true,"href":"https:\/\/sculptureshome.com\/fr\/wp-json\/wp\/v2\/product_tag?post=439"}],"curies":[{"name":"wp","href":"https:\/\/api.w.org\/{rel}","templated":true}]}}