{"id":432,"date":"2024-01-27T16:20:16","date_gmt":"2024-01-27T16:20:16","guid":{"rendered":"https:\/\/sculptureshome.com\/?post_type=product&#038;p=432"},"modified":"2024-03-08T13:09:57","modified_gmt":"2024-03-08T13:09:57","slug":"sculpture-abstraite-danimaux-en-fibre-de-verre-grandeur-nature","status":"publish","type":"product","link":"https:\/\/sculptureshome.com\/fr\/product\/life-size-resine-fiberglass-abstract-animal-sculpture\/","title":{"rendered":"Sculpture abstraite d'animaux en r\u00e9sine de fibre de verre grandeur nature"},"content":{"rendered":"<div class=\"attribute-item\">\n<div class=\"left\">Mat\u00e9riau : R\u00e9sine<\/div>\n<div class=\"right\">Style : Art populaire<\/div>\n<div>Utilisation : D\u00e9coration int\u00e9rieure<\/div>\n<\/div>\n<div class=\"attribute-item\">\n<div class=\"left\">Caract\u00e9ristiques r\u00e9gionales : Europe<\/div>\n<\/div>\n<div class=\"attribute-item\">\n<div class=\"left\">Nom abr\u00e9g\u00e9 : cheetah statue r\u00e9sine<\/div>\n<div class=\"right\">Mat\u00e9riau : R\u00e9sine, acier inoxydable, polyr\u00e9sine<\/div>\n<div class=\"right\">Taille : Personnalis\u00e9 selon vos besoins<\/div>\n<div>Couleur : argent, noir, rouge, bleu, or, rose, violet<\/div>\n<\/div>\n<div class=\"attribute-item\">\n<div class=\"right\">Fabrication : Chrom\u00e9<\/div>\n<div class=\"right\">Service:conception et r\u00e9alisation de mod\u00e8les 3D<\/div>\n<\/div>\n<div class=\"attribute-item\">\n<div class=\"left\"><\/div>\n<div class=\"right\">\n&nbsp;<\/p>\n<\/div>\n<\/div>\n<div class=\"attribute-item\">\n<div class=\"left\"><\/div>\n<div class=\"right\">\n&nbsp;<\/p>\n<\/div>\n<\/div>\n<div class=\"attribute-item\">\n<div class=\"left\"><\/div>\n<div class=\"right\">\n&nbsp;<\/p>\n<\/div>\n<\/div>\n<div class=\"attribute-item\">\n<div class=\"left\"><\/div>\n<div class=\"right\" data-spm-anchor-id=\"a2700.details.0.i86.7cbd1ca6508fZ5\"><\/div>\n<\/div>","protected":false},"excerpt":{"rendered":"<p>Mat\u00e9riau : R\u00e9sine Style : Art populaire Utilisation : D\u00e9coration de la maison Caract\u00e9ristique r\u00e9gionale : Europe Nom bref : statue de gu\u00e9pard r\u00e9sine Mat\u00e9riau : R\u00e9sine, acier inoxydable, polyr\u00e9sine R\u00e9sine, acier inoxydable, polyr\u00e9sine Taille : Couleur : Argent, Noir, Rouge, Bleu, Or, Rose, Violet Craft : Chrome Plated Service : 3d model make &amp; design &nbsp; &nbsp; &nbsp;<\/p>","protected":false},"featured_media":433,"comment_status":"open","ping_status":"closed","template":"","meta":[],"product_brand":[],"product_cat":[22,30],"product_tag":[],"class_list":{"0":"post-432","1":"product","2":"type-product","3":"status-publish","4":"has-post-thumbnail","6":"product_cat-animal-sculpture","7":"product_cat-fiberglass-sculpture","9":"first","10":"instock","11":"shipping-taxable","12":"product-type-simple"},"_links":{"self":[{"href":"https:\/\/sculptureshome.com\/fr\/wp-json\/wp\/v2\/product\/432","targetHints":{"allow":["GET"]}}],"collection":[{"href":"https:\/\/sculptureshome.com\/fr\/wp-json\/wp\/v2\/product"}],"about":[{"href":"https:\/\/sculptureshome.com\/fr\/wp-json\/wp\/v2\/types\/product"}],"replies":[{"embeddable":true,"href":"https:\/\/sculptureshome.com\/fr\/wp-json\/wp\/v2\/comments?post=432"}],"version-history":[{"count":0,"href":"https:\/\/sculptureshome.com\/fr\/wp-json\/wp\/v2\/product\/432\/revisions"}],"wp:featuredmedia":[{"embeddable":true,"href":"https:\/\/sculptureshome.com\/fr\/wp-json\/wp\/v2\/media\/433"}],"wp:attachment":[{"href":"https:\/\/sculptureshome.com\/fr\/wp-json\/wp\/v2\/media?parent=432"}],"wp:term":[{"taxonomy":"product_brand","embeddable":true,"href":"https:\/\/sculptureshome.com\/fr\/wp-json\/wp\/v2\/product_brand?post=432"},{"taxonomy":"product_cat","embeddable":true,"href":"https:\/\/sculptureshome.com\/fr\/wp-json\/wp\/v2\/product_cat?post=432"},{"taxonomy":"product_tag","embeddable":true,"href":"https:\/\/sculptureshome.com\/fr\/wp-json\/wp\/v2\/product_tag?post=432"}],"curies":[{"name":"wp","href":"https:\/\/api.w.org\/{rel}","templated":true}]}}