{"id":424,"date":"2024-01-27T15:52:42","date_gmt":"2024-01-27T15:52:42","guid":{"rendered":"https:\/\/sculptureshome.com\/?post_type=product&#038;p=424"},"modified":"2024-01-27T15:52:42","modified_gmt":"2024-01-27T15:52:42","slug":"sculpture-animaliere-moderne-statue-de-leopard-en-resine-pour-decoration-dinterieur","status":"publish","type":"product","link":"https:\/\/sculptureshome.com\/fr\/product\/modern-animal-sculpture-resin-leopard-statue-for-home-decor\/","title":{"rendered":"Sculpture animali\u00e8re moderne en r\u00e9sine statue de l\u00e9opard pour la d\u00e9coration d'int\u00e9rieur"},"content":{"rendered":"<div class=\"attribute-item\">\n<div class=\"left\" data-spm-anchor-id=\"a2700.details.0.i86.23c75ec3gbx0YP\">Lieu d'origine : Guangdong, Chine<\/div>\n<\/div>\n<div class=\"attribute-item\">\n<div class=\"left\">Mat\u00e9riau : R\u00e9sine<\/div>\n<div class=\"right\">Style : Artificiel<\/div>\n<div>Utilisation : D\u00e9coration int\u00e9rieure<\/div>\n<\/div>\n<div class=\"attribute-item\">\n<div class=\"left\">Caract\u00e9ristiques r\u00e9gionales : Europe<\/div>\n<div class=\"right\">\n<p>&nbsp;<\/p>\n<\/div>\n<\/div>","protected":false},"excerpt":{"rendered":"<p>Lieu d'origine : Guangdong, Chine Mat\u00e9riau : R\u00e9sine R\u00e9sine Style : Artificiel Utilisation : D\u00e9coration de la maison Caract\u00e9ristique r\u00e9gionale : Europe &nbsp;<\/p>","protected":false},"featured_media":425,"comment_status":"open","ping_status":"closed","template":"","meta":[],"product_brand":[],"product_cat":[22],"product_tag":[],"class_list":{"0":"post-424","1":"product","2":"type-product","3":"status-publish","4":"has-post-thumbnail","6":"product_cat-animal-sculpture","8":"first","9":"instock","10":"shipping-taxable","11":"product-type-simple"},"_links":{"self":[{"href":"https:\/\/sculptureshome.com\/fr\/wp-json\/wp\/v2\/product\/424","targetHints":{"allow":["GET"]}}],"collection":[{"href":"https:\/\/sculptureshome.com\/fr\/wp-json\/wp\/v2\/product"}],"about":[{"href":"https:\/\/sculptureshome.com\/fr\/wp-json\/wp\/v2\/types\/product"}],"replies":[{"embeddable":true,"href":"https:\/\/sculptureshome.com\/fr\/wp-json\/wp\/v2\/comments?post=424"}],"version-history":[{"count":0,"href":"https:\/\/sculptureshome.com\/fr\/wp-json\/wp\/v2\/product\/424\/revisions"}],"wp:featuredmedia":[{"embeddable":true,"href":"https:\/\/sculptureshome.com\/fr\/wp-json\/wp\/v2\/media\/425"}],"wp:attachment":[{"href":"https:\/\/sculptureshome.com\/fr\/wp-json\/wp\/v2\/media?parent=424"}],"wp:term":[{"taxonomy":"product_brand","embeddable":true,"href":"https:\/\/sculptureshome.com\/fr\/wp-json\/wp\/v2\/product_brand?post=424"},{"taxonomy":"product_cat","embeddable":true,"href":"https:\/\/sculptureshome.com\/fr\/wp-json\/wp\/v2\/product_cat?post=424"},{"taxonomy":"product_tag","embeddable":true,"href":"https:\/\/sculptureshome.com\/fr\/wp-json\/wp\/v2\/product_tag?post=424"}],"curies":[{"name":"wp","href":"https:\/\/api.w.org\/{rel}","templated":true}]}}