{"id":408,"date":"2024-01-27T15:42:13","date_gmt":"2024-01-27T15:42:13","guid":{"rendered":"https:\/\/sculptureshome.com\/?post_type=product&#038;p=408"},"modified":"2024-01-27T15:42:13","modified_gmt":"2024-01-27T15:42:13","slug":"sculpture-animaliere-abstraite-en-metal","status":"publish","type":"product","link":"https:\/\/sculptureshome.com\/fr\/product\/custom-large-abstract-metal-art-animal-sculpture\/","title":{"rendered":"Sculpture abstraite en m\u00e9tal pour animaux"},"content":{"rendered":"<div class=\"attribute-item\">\n<div class=\"left\" data-spm-anchor-id=\"a2700.details.0.i78.116c633dtlrWmu\">Mat\u00e9riau : M\u00e9tal<\/div>\n<div class=\"right\">Impression : S\u00e9rigraphie<\/p>\n<div class=\"left\">M\u00e9thode d'impression : 2 couleurs<\/div>\n<div class=\"right\">Technique : Polie<\/div>\n<p>Style : Art populaire<\/p><\/div>\n<\/div>","protected":false},"excerpt":{"rendered":"<p>Mat\u00e9riau : M\u00e9tal Impression : S\u00e9rigraphie M\u00e9thode d'impression : 2 couleurs Technique : Polie Style : Art populaire<\/p>","protected":false},"featured_media":409,"comment_status":"open","ping_status":"closed","template":"","meta":[],"product_brand":[],"product_cat":[22],"product_tag":[],"class_list":{"0":"post-408","1":"product","2":"type-product","3":"status-publish","4":"has-post-thumbnail","6":"product_cat-animal-sculpture","8":"first","9":"instock","10":"shipping-taxable","11":"product-type-simple"},"_links":{"self":[{"href":"https:\/\/sculptureshome.com\/fr\/wp-json\/wp\/v2\/product\/408","targetHints":{"allow":["GET"]}}],"collection":[{"href":"https:\/\/sculptureshome.com\/fr\/wp-json\/wp\/v2\/product"}],"about":[{"href":"https:\/\/sculptureshome.com\/fr\/wp-json\/wp\/v2\/types\/product"}],"replies":[{"embeddable":true,"href":"https:\/\/sculptureshome.com\/fr\/wp-json\/wp\/v2\/comments?post=408"}],"version-history":[{"count":0,"href":"https:\/\/sculptureshome.com\/fr\/wp-json\/wp\/v2\/product\/408\/revisions"}],"wp:featuredmedia":[{"embeddable":true,"href":"https:\/\/sculptureshome.com\/fr\/wp-json\/wp\/v2\/media\/409"}],"wp:attachment":[{"href":"https:\/\/sculptureshome.com\/fr\/wp-json\/wp\/v2\/media?parent=408"}],"wp:term":[{"taxonomy":"product_brand","embeddable":true,"href":"https:\/\/sculptureshome.com\/fr\/wp-json\/wp\/v2\/product_brand?post=408"},{"taxonomy":"product_cat","embeddable":true,"href":"https:\/\/sculptureshome.com\/fr\/wp-json\/wp\/v2\/product_cat?post=408"},{"taxonomy":"product_tag","embeddable":true,"href":"https:\/\/sculptureshome.com\/fr\/wp-json\/wp\/v2\/product_tag?post=408"}],"curies":[{"name":"wp","href":"https:\/\/api.w.org\/{rel}","templated":true}]}}