{"id":393,"date":"2024-01-27T15:33:22","date_gmt":"2024-01-27T15:33:22","guid":{"rendered":"https:\/\/sculptureshome.com\/?post_type=product&#038;p=393"},"modified":"2024-01-27T15:33:22","modified_gmt":"2024-01-27T15:33:22","slug":"statue-de-majordome-bouledogue-francais-avec-double-plateau","status":"publish","type":"product","link":"https:\/\/sculptureshome.com\/fr\/product\/french-bulldog-butler-statue-with-double-trays\/","title":{"rendered":"Statue de bouledogue fran\u00e7ais avec double plateau"},"content":{"rendered":"<div class=\"attribute-list\">\n<div class=\"attribute-item\">\n<div class=\"left\" data-spm-anchor-id=\"a2700.wholesale.0.i94.1c3f6aecdTKuQZ\">Style\uff1aArt d\u00e9co<\/div>\n<\/div>\n<\/div>\n<div class=\"attribute-list\">\n<div class=\"attribute-item\">\n<div class=\"left\">Lieu d'origine : Guangdong, Chine<\/div>\n<\/div>\n<div class=\"attribute-item\">\n<div class=\"left\">Occasion : Thanksgiving<\/div>\n<div class=\"right\">Mat\u00e9riau : R\u00e9sine<\/div>\n<div>Utilisation : D\u00e9coratif<\/div>\n<\/div>\n<div class=\"attribute-item\">\n<div class=\"left\">Forme : Circulaire<\/div>\n<div class=\"right\">Mod\u00e8le : Sc\u00e9nique<\/div>\n<div>Format : M\u00e9tiers du m\u00e9tal<\/div>\n<\/div>\n<div class=\"attribute-item\">\n<div class=\"left\">\n<div class=\"left\">Technique : Plaqu\u00e9 or<\/div>\n<\/div>\n<\/div>\n<\/div>","protected":false},"excerpt":{"rendered":"<p>Design Style\uff1aArt Deco Lieu d'origine : Guangdong, Chine Occasion : Thanksgiving Mat\u00e9riau : R\u00e9sine Utilisation : Forme d\u00e9corative : Circulaire Motif : Sc\u00e9nique Format : M\u00e9tallique Technique : Plaqu\u00e9 or<\/p>","protected":false},"featured_media":394,"comment_status":"open","ping_status":"closed","template":"","meta":[],"product_brand":[],"product_cat":[22],"product_tag":[],"class_list":{"0":"post-393","1":"product","2":"type-product","3":"status-publish","4":"has-post-thumbnail","6":"product_cat-animal-sculpture","8":"first","9":"instock","10":"shipping-taxable","11":"product-type-simple"},"_links":{"self":[{"href":"https:\/\/sculptureshome.com\/fr\/wp-json\/wp\/v2\/product\/393","targetHints":{"allow":["GET"]}}],"collection":[{"href":"https:\/\/sculptureshome.com\/fr\/wp-json\/wp\/v2\/product"}],"about":[{"href":"https:\/\/sculptureshome.com\/fr\/wp-json\/wp\/v2\/types\/product"}],"replies":[{"embeddable":true,"href":"https:\/\/sculptureshome.com\/fr\/wp-json\/wp\/v2\/comments?post=393"}],"version-history":[{"count":0,"href":"https:\/\/sculptureshome.com\/fr\/wp-json\/wp\/v2\/product\/393\/revisions"}],"wp:featuredmedia":[{"embeddable":true,"href":"https:\/\/sculptureshome.com\/fr\/wp-json\/wp\/v2\/media\/394"}],"wp:attachment":[{"href":"https:\/\/sculptureshome.com\/fr\/wp-json\/wp\/v2\/media?parent=393"}],"wp:term":[{"taxonomy":"product_brand","embeddable":true,"href":"https:\/\/sculptureshome.com\/fr\/wp-json\/wp\/v2\/product_brand?post=393"},{"taxonomy":"product_cat","embeddable":true,"href":"https:\/\/sculptureshome.com\/fr\/wp-json\/wp\/v2\/product_cat?post=393"},{"taxonomy":"product_tag","embeddable":true,"href":"https:\/\/sculptureshome.com\/fr\/wp-json\/wp\/v2\/product_tag?post=393"}],"curies":[{"name":"wp","href":"https:\/\/api.w.org\/{rel}","templated":true}]}}