{"id":385,"date":"2024-01-27T15:02:53","date_gmt":"2024-01-27T15:02:53","guid":{"rendered":"https:\/\/sculptureshome.com\/?post_type=product&#038;p=385"},"modified":"2024-01-27T15:02:53","modified_gmt":"2024-01-27T15:02:53","slug":"statue-delephant-en-resine-coloree","status":"publish","type":"product","link":"https:\/\/sculptureshome.com\/fr\/product\/resin-colorful-elephant-statue\/","title":{"rendered":"Statue d'\u00e9l\u00e9phant color\u00e9e en r\u00e9sine"},"content":{"rendered":"<div class=\"attribute-list\">\n<div class=\"attribute-item\">\n<div class=\"left\" data-spm-anchor-id=\"a2700.details.0.i86.47383ee5i3XG6X\">Th\u00e8me\uff1aornement d'int\u00e9rieur<\/div>\n<\/div>\n<\/div>\n<div class=\"attribute-list\">\n<div class=\"attribute-item\">\n<div class=\"left\">Lieu d'origine\uff1aGuangdong, Chine<\/div>\n<div class=\"right\">Mati\u00e8re\uff1aR\u00e9sine<\/div>\n<\/div>\n<div class=\"attribute-item\">\n<div class=\"left\">Style\uff1amoderne<\/div>\n<\/div>\n<div class=\"attribute-item\">\n<div class=\"left\">Utilisation\uff1aD\u00e9coration de la maison et du bureau<\/div>\n<\/div>\n<div class=\"attribute-item\">\n<div class=\"left\">Color\uff1aCustomized Color Accepted<\/div>\n<div class=\"right\"><\/div>\n<\/div>\n<\/div>","protected":false},"excerpt":{"rendered":"<p>Theme\uff1aindoor ornament Place of Origin\uff1aGuangdong, China Material\uff1aResin Style\uff1amodern Use\uff1aHome and office decorations Color\uff1aCustomized Color Accepted<\/p>","protected":false},"featured_media":386,"comment_status":"open","ping_status":"closed","template":"","meta":[],"product_brand":[],"product_cat":[22],"product_tag":[],"class_list":{"0":"post-385","1":"product","2":"type-product","3":"status-publish","4":"has-post-thumbnail","6":"product_cat-animal-sculpture","8":"first","9":"instock","10":"shipping-taxable","11":"product-type-simple"},"_links":{"self":[{"href":"https:\/\/sculptureshome.com\/fr\/wp-json\/wp\/v2\/product\/385","targetHints":{"allow":["GET"]}}],"collection":[{"href":"https:\/\/sculptureshome.com\/fr\/wp-json\/wp\/v2\/product"}],"about":[{"href":"https:\/\/sculptureshome.com\/fr\/wp-json\/wp\/v2\/types\/product"}],"replies":[{"embeddable":true,"href":"https:\/\/sculptureshome.com\/fr\/wp-json\/wp\/v2\/comments?post=385"}],"version-history":[{"count":0,"href":"https:\/\/sculptureshome.com\/fr\/wp-json\/wp\/v2\/product\/385\/revisions"}],"wp:featuredmedia":[{"embeddable":true,"href":"https:\/\/sculptureshome.com\/fr\/wp-json\/wp\/v2\/media\/386"}],"wp:attachment":[{"href":"https:\/\/sculptureshome.com\/fr\/wp-json\/wp\/v2\/media?parent=385"}],"wp:term":[{"taxonomy":"product_brand","embeddable":true,"href":"https:\/\/sculptureshome.com\/fr\/wp-json\/wp\/v2\/product_brand?post=385"},{"taxonomy":"product_cat","embeddable":true,"href":"https:\/\/sculptureshome.com\/fr\/wp-json\/wp\/v2\/product_cat?post=385"},{"taxonomy":"product_tag","embeddable":true,"href":"https:\/\/sculptureshome.com\/fr\/wp-json\/wp\/v2\/product_tag?post=385"}],"curies":[{"name":"wp","href":"https:\/\/api.w.org\/{rel}","templated":true}]}}