{"id":352,"date":"2024-01-26T12:35:15","date_gmt":"2024-01-26T12:35:15","guid":{"rendered":"https:\/\/sculptureshome.com\/?post_type=product&#038;p=352"},"modified":"2024-01-26T12:35:15","modified_gmt":"2024-01-26T12:35:15","slug":"epingles-de-mode-personnalisees","status":"publish","type":"product","link":"https:\/\/sculptureshome.com\/fr\/product\/custom-fashion-pins\/","title":{"rendered":"\u00c9pingles de mode personnalis\u00e9es"},"content":{"rendered":"<div class=\"attribute-item\">\n<div class=\"left\" data-spm-anchor-id=\"a2700.details.0.i89.7a4a77026ZhkJB\">Lieu d'origine : Guangdong, Chine<\/div>\n<\/div>\n<div class=\"attribute-item\">\n<div class=\"left\" data-spm-anchor-id=\"a2700.details.0.i88.7a4a77026ZhkJB\">Mat\u00e9riau : M\u00e9tal<\/div>\n<div class=\"right\">Impression : impression typographique, h\u00e9liogravure, s\u00e9rigraphie, impression num\u00e9rique, impression offset, impression UV, impression par transfert thermique, impression par gaufrage, impression par d\u00e9coupage, selon votre demande.<br \/>\nM\u00e9thode d'impression : sur demande<\/p>\n<p>Technique : <span data-spm-anchor-id=\"a2700.details.0.i90.7a4a77026ZhkJB\">Casting<\/span><\/p>\n<\/div>\n<\/div>\n<div class=\"attribute-item\">\n<div class=\"right\">\n<div class=\"left\">Style : dessin anim\u00e9 mignon<\/div>\n<div><\/div>\n<div class=\"left\">Utilisation : Art et collection<\/div>\n<div class=\"right\">\n<div class=\"attribute-item\">\n<div><\/div>\n<div class=\"left\">Forme : toutes les formes sont acceptables<\/div>\n<\/div>\n<\/div>\n<div><\/div>\n<div class=\"right\">\n<div class=\"attribute-item\">\n<div class=\"right\" data-spm-anchor-id=\"a2700.details.0.i91.7a4a77026ZhkJB\">\n<div class=\"left\">Accessoire :  Peut \u00eatre bas\u00e9 sur votre demande<\/p>\n<div class=\"right\" data-spm-anchor-id=\"a2700.details.0.i92.7a4a77026ZhkJB\"><\/div>\n<\/div>\n<p>&nbsp;<\/p>\n<\/div>\n<\/div>\n<div class=\"attribute-item\">\n<div class=\"right\" data-spm-anchor-id=\"a2700.details.0.i92.7a4a77026ZhkJB\"><\/div>\n<\/div>\n<\/div>\n<p>&nbsp;<\/p>\n<\/div>\n<\/div>\n<div class=\"attribute-item\">\n<div class=\"left\"><\/div>\n<div class=\"right\">\n&nbsp;<\/p>\n<\/div>\n<\/div>\n<div class=\"attribute-item\">\n<div class=\"left\"><\/div>\n<div class=\"right\">\n&nbsp;<\/p>\n<\/div>\n<\/div>\n<div class=\"attribute-item\">\n<div class=\"right\"><\/div>\n<\/div>\n<div class=\"attribute-item\">\n<div class=\"right\"><\/div>\n<\/div>\n<div class=\"attribute-item\">\n<div class=\"left\">Th\u00e8me<\/div>\n<div class=\"right\">Animaux&nbsp;<\/p>\n<\/div>\n<\/div>\n<div class=\"attribute-item\">\n<div class=\"left\">Dossier r\u00e9gional<\/div>\n<div class=\"right\">L'Europe&nbsp;<\/p>\n<\/div>\n<\/div>\n<div class=\"attribute-item\">\n<div class=\"left\">Nom de la marque<\/div>\n<div class=\"right\">JIABO&nbsp;<\/p>\n<\/div>\n<\/div>\n<div class=\"attribute-item\">\n<div class=\"left\">Num\u00e9ro de mod\u00e8le<\/div>\n<div class=\"right\">OEM&nbsp;<\/p>\n<\/div>\n<\/div>\n<div class=\"attribute-item\"><\/div>\n<div class=\"attribute-item\">\n<div class=\"right\" data-spm-anchor-id=\"a2700.details.0.i92.7a4a77026ZhkJB\"><\/div>\n<\/div>","protected":false},"excerpt":{"rendered":"<p>Place of Origin: Guangdong, China Material: Metal Printing:Letterpress printing, Gravure printing, Silk screen printing, Digital printing, Offset printing, UV printing, Thermal transfer printing, Embossing printing, Die cutting printing, can base on your request Print Method: can base on your request Technique: Casting Style: cute cartoon Use: Art &amp; Collectible Shape: any shape acceptable Accessory:\u00a0 Can [&hellip;]<\/p>\n","protected":false},"featured_media":353,"comment_status":"open","ping_status":"closed","template":"","meta":[],"product_brand":[],"product_cat":[25],"product_tag":[],"class_list":{"0":"post-352","1":"product","2":"type-product","3":"status-publish","4":"has-post-thumbnail","6":"product_cat-decorative-sculpture","8":"first","9":"instock","10":"shipping-taxable","11":"product-type-simple"},"_links":{"self":[{"href":"https:\/\/sculptureshome.com\/fr\/wp-json\/wp\/v2\/product\/352","targetHints":{"allow":["GET"]}}],"collection":[{"href":"https:\/\/sculptureshome.com\/fr\/wp-json\/wp\/v2\/product"}],"about":[{"href":"https:\/\/sculptureshome.com\/fr\/wp-json\/wp\/v2\/types\/product"}],"replies":[{"embeddable":true,"href":"https:\/\/sculptureshome.com\/fr\/wp-json\/wp\/v2\/comments?post=352"}],"version-history":[{"count":0,"href":"https:\/\/sculptureshome.com\/fr\/wp-json\/wp\/v2\/product\/352\/revisions"}],"wp:featuredmedia":[{"embeddable":true,"href":"https:\/\/sculptureshome.com\/fr\/wp-json\/wp\/v2\/media\/353"}],"wp:attachment":[{"href":"https:\/\/sculptureshome.com\/fr\/wp-json\/wp\/v2\/media?parent=352"}],"wp:term":[{"taxonomy":"product_brand","embeddable":true,"href":"https:\/\/sculptureshome.com\/fr\/wp-json\/wp\/v2\/product_brand?post=352"},{"taxonomy":"product_cat","embeddable":true,"href":"https:\/\/sculptureshome.com\/fr\/wp-json\/wp\/v2\/product_cat?post=352"},{"taxonomy":"product_tag","embeddable":true,"href":"https:\/\/sculptureshome.com\/fr\/wp-json\/wp\/v2\/product_tag?post=352"}],"curies":[{"name":"wp","href":"https:\/\/api.w.org\/{rel}","templated":true}]}}