{"id":345,"date":"2024-01-26T12:27:53","date_gmt":"2024-01-26T12:27:53","guid":{"rendered":"https:\/\/sculptureshome.com\/?post_type=product&#038;p=345"},"modified":"2024-01-26T12:27:53","modified_gmt":"2024-01-26T12:27:53","slug":"exterieur-abstrait-metal-acier-inoxydable-sculpture-moderne-exterieur","status":"publish","type":"product","link":"https:\/\/sculptureshome.com\/fr\/product\/outdoor-abstract-metal-stainless-steel-modern-sculpture-exterior\/","title":{"rendered":"Sculpture moderne abstraite en m\u00e9tal en acier inoxydable pour l'ext\u00e9rieur"},"content":{"rendered":"<div class=\"attribute-item\">\n<div class=\"left\">Lieu d'origine : Guangdong, Chine<\/p>\n<p>Mat\u00e9riau : M\u00e9tal<\/p><\/div>\n<div class=\"right\">\n<p>Impression : polie<\/p>\n<\/div>\n<\/div>\n<div class=\"attribute-item\">\n<div class=\"left\">M\u00e9thode d'impression : 4 couleurs<\/div>\n<div class=\"right\">\n<p>Technique\uff1aSoudage<\/p>\n<\/div>\n<\/div>\n<div class=\"attribute-item\">\n<div class=\"left\">Style\uff1aSculptures de jardin en acier inoxydable<\/div>\n<div class=\"right\">\n<p>Utilisation\uff1aCity\/Square\/urban Decoration<\/p>\n<p>Th\u00e8me : Graden\/Sculpture ext\u00e9rieure<\/p>\n<\/div>\n<\/div>\n<div class=\"attribute-item\">\n<div class=\"right\" data-spm-anchor-id=\"a2700.details.0.i63.52471835ixfiRm\"><\/div>\n<\/div>","protected":false},"excerpt":{"rendered":"<p>Lieu d'origine : Guangdong, Chine Mat\u00e9riau : M\u00e9tal Impression : poli M\u00e9thode d'impression : 4 couleurs Technique\uff1aSoudage Style\uff1aSculptures de jardin en acier inoxydable Utilisation\uff1aD\u00e9coration urbaine Th\u00e8me : Graden\/Sculpture d'ext\u00e9rieur<\/p>","protected":false},"featured_media":346,"comment_status":"open","ping_status":"closed","template":"","meta":[],"product_brand":[],"product_cat":[21],"product_tag":[],"class_list":{"0":"post-345","1":"product","2":"type-product","3":"status-publish","4":"has-post-thumbnail","6":"product_cat-modern-sculpture","8":"first","9":"instock","10":"shipping-taxable","11":"product-type-simple"},"_links":{"self":[{"href":"https:\/\/sculptureshome.com\/fr\/wp-json\/wp\/v2\/product\/345","targetHints":{"allow":["GET"]}}],"collection":[{"href":"https:\/\/sculptureshome.com\/fr\/wp-json\/wp\/v2\/product"}],"about":[{"href":"https:\/\/sculptureshome.com\/fr\/wp-json\/wp\/v2\/types\/product"}],"replies":[{"embeddable":true,"href":"https:\/\/sculptureshome.com\/fr\/wp-json\/wp\/v2\/comments?post=345"}],"version-history":[{"count":0,"href":"https:\/\/sculptureshome.com\/fr\/wp-json\/wp\/v2\/product\/345\/revisions"}],"wp:featuredmedia":[{"embeddable":true,"href":"https:\/\/sculptureshome.com\/fr\/wp-json\/wp\/v2\/media\/346"}],"wp:attachment":[{"href":"https:\/\/sculptureshome.com\/fr\/wp-json\/wp\/v2\/media?parent=345"}],"wp:term":[{"taxonomy":"product_brand","embeddable":true,"href":"https:\/\/sculptureshome.com\/fr\/wp-json\/wp\/v2\/product_brand?post=345"},{"taxonomy":"product_cat","embeddable":true,"href":"https:\/\/sculptureshome.com\/fr\/wp-json\/wp\/v2\/product_cat?post=345"},{"taxonomy":"product_tag","embeddable":true,"href":"https:\/\/sculptureshome.com\/fr\/wp-json\/wp\/v2\/product_tag?post=345"}],"curies":[{"name":"wp","href":"https:\/\/api.w.org\/{rel}","templated":true}]}}