{"id":337,"date":"2024-01-26T12:22:29","date_gmt":"2024-01-26T12:22:29","guid":{"rendered":"https:\/\/sculptureshome.com\/?post_type=product&#038;p=337"},"modified":"2024-01-26T12:23:24","modified_gmt":"2024-01-26T12:23:24","slug":"decoration-dinterieur-luxe-moderne-art-abstrait-sculpture","status":"publish","type":"product","link":"https:\/\/sculptureshome.com\/fr\/product\/home-decoration-luxury-modern-abstract-arts-sculpture\/","title":{"rendered":"Home Decoration Luxury Modern Abstract Arts Sculpture"},"content":{"rendered":"<div class=\"attribute-item\">\n<div class=\"left\" data-spm-anchor-id=\"a2700.details.0.i83.7003c081I2BR3R\">Occasion\uff1aD\u00e9coration int\u00e9rieure\/Mariage\/F\u00eate\/No\u00ebl<\/div>\n<\/div>\n<div class=\"attribute-item\">\n<div class=\"right\"><\/div>\n<\/div>\n<div class=\"attribute-item\">\n<div class=\"left\">Mati\u00e8re\uff1a M\u00e9tal<\/div>\n<div><\/div>\n<\/div>\n<div class=\"attribute-item\">\n<div class=\"right\">Utilisation : D\u00e9coratif\/D\u00e9coration de la maison<\/div>\n<div><\/div>\n<\/div>\n<div class=\"attribute-item\">\n<div class=\"left\">Forme : Sur mesure<\/div>\n<\/div>\n<div><\/div>\n<div>Motif : Abstrait<\/div>\n<div><\/div>\n<div>Format : Printemps<\/div>\n<div class=\"left\"><\/div>\n<div>Techniques : Artisanat du m\u00e9tal<\/div>","protected":false},"excerpt":{"rendered":"<p>Occasion\uff1aD\u00e9coration de la maison\/Mariage\/F\u00eate\/No\u00ebl Mat\u00e9riau\uff1a M\u00e9tal Utilisation : D\u00e9coratif\/D\u00e9coration de la maison Forme : Motif personnalis\u00e9 : Abstrait Format : Printemps Technique : M\u00e9tal Artisanat<\/p>","protected":false},"featured_media":338,"comment_status":"open","ping_status":"closed","template":"","meta":[],"product_brand":[],"product_cat":[21],"product_tag":[],"class_list":{"0":"post-337","1":"product","2":"type-product","3":"status-publish","4":"has-post-thumbnail","6":"product_cat-modern-sculpture","8":"first","9":"instock","10":"shipping-taxable","11":"product-type-simple"},"_links":{"self":[{"href":"https:\/\/sculptureshome.com\/fr\/wp-json\/wp\/v2\/product\/337","targetHints":{"allow":["GET"]}}],"collection":[{"href":"https:\/\/sculptureshome.com\/fr\/wp-json\/wp\/v2\/product"}],"about":[{"href":"https:\/\/sculptureshome.com\/fr\/wp-json\/wp\/v2\/types\/product"}],"replies":[{"embeddable":true,"href":"https:\/\/sculptureshome.com\/fr\/wp-json\/wp\/v2\/comments?post=337"}],"version-history":[{"count":0,"href":"https:\/\/sculptureshome.com\/fr\/wp-json\/wp\/v2\/product\/337\/revisions"}],"wp:featuredmedia":[{"embeddable":true,"href":"https:\/\/sculptureshome.com\/fr\/wp-json\/wp\/v2\/media\/338"}],"wp:attachment":[{"href":"https:\/\/sculptureshome.com\/fr\/wp-json\/wp\/v2\/media?parent=337"}],"wp:term":[{"taxonomy":"product_brand","embeddable":true,"href":"https:\/\/sculptureshome.com\/fr\/wp-json\/wp\/v2\/product_brand?post=337"},{"taxonomy":"product_cat","embeddable":true,"href":"https:\/\/sculptureshome.com\/fr\/wp-json\/wp\/v2\/product_cat?post=337"},{"taxonomy":"product_tag","embeddable":true,"href":"https:\/\/sculptureshome.com\/fr\/wp-json\/wp\/v2\/product_tag?post=337"}],"curies":[{"name":"wp","href":"https:\/\/api.w.org\/{rel}","templated":true}]}}