{"id":314,"date":"2024-01-26T11:42:15","date_gmt":"2024-01-26T11:42:15","guid":{"rendered":"https:\/\/sculptureshome.com\/?post_type=product&#038;p=314"},"modified":"2024-01-26T11:42:15","modified_gmt":"2024-01-26T11:42:15","slug":"accent-decoratif-sculpture-abstraite-en-metal","status":"publish","type":"product","link":"https:\/\/sculptureshome.com\/fr\/product\/decorative-accent-abstract-metal-sculpture\/","title":{"rendered":"Sculpture d\u00e9corative d'accent en m\u00e9tal abstrait"},"content":{"rendered":"<div class=\"attribute-list\">\n<div class=\"attribute-item\">\n<div class=\"right\">\n<p>Type de produit : craf<\/p>\n<\/div>\n<\/div>\n<\/div>\n<div class=\"attribute-list\">\n<div class=\"attribute-item\">\n<div class=\"left\">Utilisation : D\u00e9coration int\u00e9rieure<\/div>\n<\/div>\n<div class=\"attribute-item\">\n<div class=\"left\">Th\u00e8me : Ange<\/div>\n<\/div>\n<div class=\"attribute-item\">\n<div class=\"left\">Dossier r\u00e9gional : Chine<\/div>\n<\/div>\n<div class=\"attribute-item\">\n<div class=\"left\">Couleur : Noir<\/div>\n<\/div>\n<div class=\"attribute-item\">\n<div class=\"left\">Utilisation : D\u00e9coration<\/div>\n<\/div>\n<div class=\"attribute-item\">\n<div class=\"left\">Taille : 170*100*505mm<\/div>\n<\/div>\n<div class=\"attribute-item\">\n<div class=\"left\">Mat\u00e9riau : Alliage et marbre<\/div>\n<\/div>\n<div class=\"attribute-item\">\n<div class=\"left\">Style : Art de la danse<\/div>\n<div class=\"right\"><\/div>\n<\/div>\n<\/div>","protected":false},"excerpt":{"rendered":"<p>Type de produit : craf Utilisation : d\u00e9coration int\u00e9rieure Th\u00e8me : Ange Caract\u00e9ristique r\u00e9gionale : Chine Couleur : Noir Utilisation : D\u00e9coration Taille : 170*100*505mm Mat\u00e9riau : Alliage et marbre Style : Art de la danseuse<\/p>","protected":false},"featured_media":315,"comment_status":"open","ping_status":"closed","template":"","meta":[],"product_brand":[],"product_cat":[21],"product_tag":[],"class_list":{"0":"post-314","1":"product","2":"type-product","3":"status-publish","4":"has-post-thumbnail","6":"product_cat-modern-sculpture","8":"first","9":"instock","10":"shipping-taxable","11":"product-type-simple"},"_links":{"self":[{"href":"https:\/\/sculptureshome.com\/fr\/wp-json\/wp\/v2\/product\/314","targetHints":{"allow":["GET"]}}],"collection":[{"href":"https:\/\/sculptureshome.com\/fr\/wp-json\/wp\/v2\/product"}],"about":[{"href":"https:\/\/sculptureshome.com\/fr\/wp-json\/wp\/v2\/types\/product"}],"replies":[{"embeddable":true,"href":"https:\/\/sculptureshome.com\/fr\/wp-json\/wp\/v2\/comments?post=314"}],"version-history":[{"count":0,"href":"https:\/\/sculptureshome.com\/fr\/wp-json\/wp\/v2\/product\/314\/revisions"}],"wp:featuredmedia":[{"embeddable":true,"href":"https:\/\/sculptureshome.com\/fr\/wp-json\/wp\/v2\/media\/315"}],"wp:attachment":[{"href":"https:\/\/sculptureshome.com\/fr\/wp-json\/wp\/v2\/media?parent=314"}],"wp:term":[{"taxonomy":"product_brand","embeddable":true,"href":"https:\/\/sculptureshome.com\/fr\/wp-json\/wp\/v2\/product_brand?post=314"},{"taxonomy":"product_cat","embeddable":true,"href":"https:\/\/sculptureshome.com\/fr\/wp-json\/wp\/v2\/product_cat?post=314"},{"taxonomy":"product_tag","embeddable":true,"href":"https:\/\/sculptureshome.com\/fr\/wp-json\/wp\/v2\/product_tag?post=314"}],"curies":[{"name":"wp","href":"https:\/\/api.w.org\/{rel}","templated":true}]}}