{"id":311,"date":"2024-01-26T10:26:54","date_gmt":"2024-01-26T10:26:54","guid":{"rendered":"https:\/\/sculptureshome.com\/?post_type=product&#038;p=311"},"modified":"2024-01-26T10:26:54","modified_gmt":"2024-01-26T10:26:54","slug":"grossiste-cheval-moderne-en-bronze-artistique","status":"publish","type":"product","link":"https:\/\/sculptureshome.com\/fr\/product\/wholesale-modern-artistic-bronze-horse\/","title":{"rendered":"Wholesale Modern Artistic Bronze Horse"},"content":{"rendered":"<h4>Type : Fer<\/h4>\n<h4>Autres caract\u00e9ristiques<\/h4>\n<div class=\"attribute-list\">\n<div class=\"attribute-item\">\n<div class=\"left\">Lieu d'origine : Guangdong, Chine<\/div>\n<\/div>\n<div class=\"attribute-item\">\n<div class=\"left\">Mat\u00e9riau : M\u00e9tal<\/div>\n<div class=\"right\">Technique : Plaqu\u00e9<\/div>\n<div>Style : Imitation antique<\/div>\n<\/div>\n<div class=\"attribute-item\">\n<div class=\"left\">Utilisation : D\u00e9coration int\u00e9rieure<\/div>\n<div class=\"right\">Th\u00e8me : Abstrait<\/div>\n<\/div>\n<\/div>","protected":false},"excerpt":{"rendered":"<p>Type : Fer Autres attributs Lieu d'origine : Guangdong, Chine Mat\u00e9riau : M\u00e9tal M\u00e9tal Technique : Plaqu\u00e9 Style : Imitation antique Utilisation : D\u00e9coration de la maison Th\u00e8me : Abstrait<\/p>","protected":false},"featured_media":312,"comment_status":"open","ping_status":"closed","template":"","meta":[],"product_brand":[],"product_cat":[21],"product_tag":[],"class_list":{"0":"post-311","1":"product","2":"type-product","3":"status-publish","4":"has-post-thumbnail","6":"product_cat-modern-sculpture","8":"first","9":"instock","10":"shipping-taxable","11":"product-type-simple"},"_links":{"self":[{"href":"https:\/\/sculptureshome.com\/fr\/wp-json\/wp\/v2\/product\/311","targetHints":{"allow":["GET"]}}],"collection":[{"href":"https:\/\/sculptureshome.com\/fr\/wp-json\/wp\/v2\/product"}],"about":[{"href":"https:\/\/sculptureshome.com\/fr\/wp-json\/wp\/v2\/types\/product"}],"replies":[{"embeddable":true,"href":"https:\/\/sculptureshome.com\/fr\/wp-json\/wp\/v2\/comments?post=311"}],"version-history":[{"count":0,"href":"https:\/\/sculptureshome.com\/fr\/wp-json\/wp\/v2\/product\/311\/revisions"}],"wp:featuredmedia":[{"embeddable":true,"href":"https:\/\/sculptureshome.com\/fr\/wp-json\/wp\/v2\/media\/312"}],"wp:attachment":[{"href":"https:\/\/sculptureshome.com\/fr\/wp-json\/wp\/v2\/media?parent=311"}],"wp:term":[{"taxonomy":"product_brand","embeddable":true,"href":"https:\/\/sculptureshome.com\/fr\/wp-json\/wp\/v2\/product_brand?post=311"},{"taxonomy":"product_cat","embeddable":true,"href":"https:\/\/sculptureshome.com\/fr\/wp-json\/wp\/v2\/product_cat?post=311"},{"taxonomy":"product_tag","embeddable":true,"href":"https:\/\/sculptureshome.com\/fr\/wp-json\/wp\/v2\/product_tag?post=311"}],"curies":[{"name":"wp","href":"https:\/\/api.w.org\/{rel}","templated":true}]}}