{"id":306,"date":"2024-01-26T10:20:25","date_gmt":"2024-01-26T10:20:25","guid":{"rendered":"https:\/\/sculptureshome.com\/?post_type=product&#038;p=306"},"modified":"2024-01-26T10:20:25","modified_gmt":"2024-01-26T10:20:25","slug":"fabricant-personnalise-grande-sculpture-en-metal-noir-dynamique-en-forme-de-boeuf-pour-le-hall-dentree-dun-hotel","status":"publish","type":"product","link":"https:\/\/sculptureshome.com\/fr\/product\/manufacturer-personalized-large-black-dynamic-ox-metal-sculpture-for-hotel-lobby\/","title":{"rendered":"Fabricant Personnalis\u00e9 Grande sculpture en m\u00e9tal de b\u0153uf dynamique noir pour le hall d'entr\u00e9e d'un h\u00f4tel"},"content":{"rendered":"<div class=\"attribute-list\">\n<div class=\"attribute-item\">\n<div class=\"left\" data-spm-anchor-id=\"a2700.details.0.i85.47dd1bbcnNqHmz\">Type : Fer<\/div>\n<\/div>\n<div class=\"attribute-item\">\n<div class=\"left\">Type de produit : SCULPTURE<\/div>\n<\/div>\n<\/div>\n<div class=\"attribute-list\">\n<div class=\"attribute-item\">\n<div class=\"left\">Lieu d'origine : Guangdong, Chine<\/div>\n<div class=\"right\">Mat\u00e9riau : M\u00e9tal<\/div>\n<div>Technique : Plaqu\u00e9<\/div>\n<\/div>\n<div class=\"attribute-item\">\n<div class=\"left\">Style : Imitation antique<\/div>\n<div class=\"right\">Utilisation : D\u00e9coration int\u00e9rieure<\/div>\n<div>Th\u00e8me : Abstrait<\/div>\n<\/div>\n<div class=\"attribute-item\">\n<div class=\"left\"><\/div>\n<div class=\"right\">\n&nbsp;<\/p>\n<\/div>\n<\/div>\n<div class=\"attribute-item\">\n<div class=\"left\"><\/div>\n<\/div>\n<\/div>","protected":false},"excerpt":{"rendered":"<p>Type : Fer Type de produit : SCULPTURE Lieu d'origine : Guangdong, Chine Mat\u00e9riau : M\u00e9tal M\u00e9tal Technique : Plaqu\u00e9 Style : Imitation antique Utilisation : D\u00e9coration de la maison Th\u00e8me : Abstrait &nbsp;<\/p>","protected":false},"featured_media":307,"comment_status":"open","ping_status":"closed","template":"","meta":[],"product_brand":[],"product_cat":[21],"product_tag":[],"class_list":{"0":"post-306","1":"product","2":"type-product","3":"status-publish","4":"has-post-thumbnail","6":"product_cat-modern-sculpture","8":"first","9":"instock","10":"shipping-taxable","11":"product-type-simple"},"_links":{"self":[{"href":"https:\/\/sculptureshome.com\/fr\/wp-json\/wp\/v2\/product\/306","targetHints":{"allow":["GET"]}}],"collection":[{"href":"https:\/\/sculptureshome.com\/fr\/wp-json\/wp\/v2\/product"}],"about":[{"href":"https:\/\/sculptureshome.com\/fr\/wp-json\/wp\/v2\/types\/product"}],"replies":[{"embeddable":true,"href":"https:\/\/sculptureshome.com\/fr\/wp-json\/wp\/v2\/comments?post=306"}],"version-history":[{"count":0,"href":"https:\/\/sculptureshome.com\/fr\/wp-json\/wp\/v2\/product\/306\/revisions"}],"wp:featuredmedia":[{"embeddable":true,"href":"https:\/\/sculptureshome.com\/fr\/wp-json\/wp\/v2\/media\/307"}],"wp:attachment":[{"href":"https:\/\/sculptureshome.com\/fr\/wp-json\/wp\/v2\/media?parent=306"}],"wp:term":[{"taxonomy":"product_brand","embeddable":true,"href":"https:\/\/sculptureshome.com\/fr\/wp-json\/wp\/v2\/product_brand?post=306"},{"taxonomy":"product_cat","embeddable":true,"href":"https:\/\/sculptureshome.com\/fr\/wp-json\/wp\/v2\/product_cat?post=306"},{"taxonomy":"product_tag","embeddable":true,"href":"https:\/\/sculptureshome.com\/fr\/wp-json\/wp\/v2\/product_tag?post=306"}],"curies":[{"name":"wp","href":"https:\/\/api.w.org\/{rel}","templated":true}]}}