{"id":2319,"date":"2025-07-24T14:17:35","date_gmt":"2025-07-24T14:17:35","guid":{"rendered":"https:\/\/sculptureshome.com\/?post_type=product&#038;p=2319"},"modified":"2025-08-31T05:57:21","modified_gmt":"2025-08-31T05:57:21","slug":"canape-creatif-de-forme-irreguliere-meubles-imprimes-en-3d","status":"publish","type":"product","link":"https:\/\/sculptureshome.com\/fr\/product\/creative-irregular-shaped-sofa-custom-3d-printed-furniture\/","title":{"rendered":"Canap\u00e9 cr\u00e9atif de forme irr\u00e9guli\u00e8re | Meubles imprim\u00e9s en 3D sur mesure"},"content":{"rendered":"<p data-start=\"55\" data-end=\"246\">Les canap\u00e9s cr\u00e9atifs de forme irr\u00e9guli\u00e8re sont id\u00e9aux pour les magasins branch\u00e9s et \u00e0 la pointe de la mode, offrant aux clients une exp\u00e9rience d'achat unique tout en mettant en valeur la personnalit\u00e9 et le sens du style de la marque.<\/p>\n<p data-start=\"248\" data-end=\"409\">Dans les entreprises cr\u00e9atives ou les p\u00e9pini\u00e8res de start-ups, ces canap\u00e9s peuvent \u00eatre utilis\u00e9s dans les bureaux pour offrir aux employ\u00e9s des espaces de d\u00e9tente non conventionnels qui inspirent de nouvelles id\u00e9es.<\/p>\n<p data-start=\"411\" data-end=\"547\" data-is-last-node=\"\" data-is-only-node=\"\">Lorsqu'ils sont expos\u00e9s dans les salles d'exposition de d\u00e9coration d'int\u00e9rieur, ils attirent l'attention et mettent en valeur l'innovation et le flair artistique dans le domaine de la conception.<\/p>","protected":false},"excerpt":{"rendered":"<p data-start=\"0\" data-end=\"271\">A <strong data-start=\"2\" data-end=\"36\">canap\u00e9 cr\u00e9atif de forme irr\u00e9guli\u00e8re<\/strong> est un meuble de conception unique qui se distingue des canap\u00e9s traditionnels par sa forme, ses mat\u00e9riaux ou son style non conventionnels. Il est souvent utilis\u00e9 dans des contextes particuliers pour obtenir un effet visuel ou fonctionnel sp\u00e9cifique.<\/p>\n<p data-start=\"273\" data-end=\"419\" data-is-last-node=\"\" data-is-only-node=\"\">Ces canap\u00e9s peuvent ajouter de la personnalit\u00e9 et de l'originalit\u00e9 \u00e0 des lieux tels que les caf\u00e9s, en incitant les clients \u00e0 s'attarder et en contribuant \u00e0 cr\u00e9er une atmosph\u00e8re confortable et attrayante.<\/p>","protected":false},"featured_media":2320,"comment_status":"open","ping_status":"closed","template":"","meta":[],"product_brand":[],"product_cat":[29],"product_tag":[],"class_list":{"0":"post-2319","1":"product","2":"type-product","3":"status-publish","4":"has-post-thumbnail","6":"product_cat-3d-printing-furniture","8":"first","9":"instock","10":"shipping-taxable","11":"product-type-simple"},"_links":{"self":[{"href":"https:\/\/sculptureshome.com\/fr\/wp-json\/wp\/v2\/product\/2319","targetHints":{"allow":["GET"]}}],"collection":[{"href":"https:\/\/sculptureshome.com\/fr\/wp-json\/wp\/v2\/product"}],"about":[{"href":"https:\/\/sculptureshome.com\/fr\/wp-json\/wp\/v2\/types\/product"}],"replies":[{"embeddable":true,"href":"https:\/\/sculptureshome.com\/fr\/wp-json\/wp\/v2\/comments?post=2319"}],"version-history":[{"count":0,"href":"https:\/\/sculptureshome.com\/fr\/wp-json\/wp\/v2\/product\/2319\/revisions"}],"wp:featuredmedia":[{"embeddable":true,"href":"https:\/\/sculptureshome.com\/fr\/wp-json\/wp\/v2\/media\/2320"}],"wp:attachment":[{"href":"https:\/\/sculptureshome.com\/fr\/wp-json\/wp\/v2\/media?parent=2319"}],"wp:term":[{"taxonomy":"product_brand","embeddable":true,"href":"https:\/\/sculptureshome.com\/fr\/wp-json\/wp\/v2\/product_brand?post=2319"},{"taxonomy":"product_cat","embeddable":true,"href":"https:\/\/sculptureshome.com\/fr\/wp-json\/wp\/v2\/product_cat?post=2319"},{"taxonomy":"product_tag","embeddable":true,"href":"https:\/\/sculptureshome.com\/fr\/wp-json\/wp\/v2\/product_tag?post=2319"}],"curies":[{"name":"wp","href":"https:\/\/api.w.org\/{rel}","templated":true}]}}