{"id":2297,"date":"2025-07-24T13:44:48","date_gmt":"2025-07-24T13:44:48","guid":{"rendered":"https:\/\/sculptureshome.com\/?post_type=product&#038;p=2297"},"modified":"2025-07-24T13:44:48","modified_gmt":"2025-07-24T13:44:48","slug":"arbre-a-chat-et-maison-pour-chat-irreguliers-de-style-moderne-meubles-imprimes-en-3d-sur-mesure","status":"publish","type":"product","link":"https:\/\/sculptureshome.com\/fr\/product\/modern-style-irregular-cat-tree-and-cat-house-custom-3d-printed-furniture\/","title":{"rendered":"Arbre \u00e0 chat irr\u00e9gulier de style moderne et maison pour chat | Meubles imprim\u00e9s en 3D sur mesure"},"content":{"rendered":"","protected":false},"excerpt":{"rendered":"<p data-start=\"55\" data-end=\"346\">Dans le monde des propri\u00e9taires de chats, la cr\u00e9ation d'un petit havre de paix confortable et unique pour leurs ma\u00eetres f\u00e9lins est une priorit\u00e9 absolue. Aujourd'hui, nous entrons dans l'univers fantaisiste des arbres et des maisons pour chats de style moderne et de forme irr\u00e9guli\u00e8re - des \"palais\" \u00e9l\u00e9gants et fonctionnels qui font de chaque chat un v\u00e9ritable cr\u00e9ateur de tendances !<\/p>\n<p data-start=\"348\" data-end=\"651\" data-is-last-node=\"\" data-is-only-node=\"\">Ces arbres et maisons pour chats modernes, au design unique, sont le parfait m\u00e9lange de la mode et de la fonction. Ils constituent une maison de r\u00eave pour les chats et un \u00e9l\u00e9ment de d\u00e9coration remarquable dans n'importe quel espace de vie. Si vous souhaitez offrir \u00e0 votre chat un sanctuaire unique, pourquoi ne pas opter pour l'un de ces arbres \u00e0 chat pratiques et \u00e9l\u00e9gants ?<\/p>","protected":false},"featured_media":2298,"comment_status":"open","ping_status":"closed","template":"","meta":[],"product_brand":[],"product_cat":[29],"product_tag":[],"class_list":{"0":"post-2297","1":"product","2":"type-product","3":"status-publish","4":"has-post-thumbnail","6":"product_cat-3d-printing-furniture","8":"first","9":"instock","10":"shipping-taxable","11":"product-type-simple"},"_links":{"self":[{"href":"https:\/\/sculptureshome.com\/fr\/wp-json\/wp\/v2\/product\/2297","targetHints":{"allow":["GET"]}}],"collection":[{"href":"https:\/\/sculptureshome.com\/fr\/wp-json\/wp\/v2\/product"}],"about":[{"href":"https:\/\/sculptureshome.com\/fr\/wp-json\/wp\/v2\/types\/product"}],"replies":[{"embeddable":true,"href":"https:\/\/sculptureshome.com\/fr\/wp-json\/wp\/v2\/comments?post=2297"}],"version-history":[{"count":0,"href":"https:\/\/sculptureshome.com\/fr\/wp-json\/wp\/v2\/product\/2297\/revisions"}],"wp:featuredmedia":[{"embeddable":true,"href":"https:\/\/sculptureshome.com\/fr\/wp-json\/wp\/v2\/media\/2298"}],"wp:attachment":[{"href":"https:\/\/sculptureshome.com\/fr\/wp-json\/wp\/v2\/media?parent=2297"}],"wp:term":[{"taxonomy":"product_brand","embeddable":true,"href":"https:\/\/sculptureshome.com\/fr\/wp-json\/wp\/v2\/product_brand?post=2297"},{"taxonomy":"product_cat","embeddable":true,"href":"https:\/\/sculptureshome.com\/fr\/wp-json\/wp\/v2\/product_cat?post=2297"},{"taxonomy":"product_tag","embeddable":true,"href":"https:\/\/sculptureshome.com\/fr\/wp-json\/wp\/v2\/product_tag?post=2297"}],"curies":[{"name":"wp","href":"https:\/\/api.w.org\/{rel}","templated":true}]}}