{"id":1936,"date":"2025-05-04T12:13:43","date_gmt":"2025-05-04T12:13:43","guid":{"rendered":"https:\/\/sculptureshome.com\/product\/h70-9in-half-body-horse-sculpture-fiberglass-floor-lamp-villa-hotel-lobby-interior-decoration-standard-lamp-craft-ornament-light\/"},"modified":"2025-05-04T12:36:04","modified_gmt":"2025-05-04T12:36:04","slug":"h70-9in-half-body-horse-sculpture-fiberglass-floor-lamp-villa","status":"publish","type":"product","link":"https:\/\/sculptureshome.com\/fr\/product\/h70-9in-half-body-horse-sculpture-fiberglass-floor-lamp-villa\/","title":{"rendered":"H70.9in Half Body Horse Sculpture Fiberglass Floor Lamp"},"content":{"rendered":"<p>&nbsp;<\/p>\n<ul>\n<li><strong>Application : <\/strong> H\u00f4tel<\/li>\n<li><strong>Temp\u00e9rature de couleurCCT : <\/strong> 3500K blanc chaud<\/li>\n<li><strong>Mat\u00e9riau du corps de la lampe : <\/strong> Fibre de verre<\/li>\n<li><strong>Type de base : <\/strong> E27<\/li>\n<li><strong>Tension d'entr\u00e9eV : <\/strong> AC 85-265V<\/li>\n<li><strong>Efficacit\u00e9 lumineuse de la lampe : <\/strong> 100<\/li>\n<li><strong>Flux lumineux de la lampe : <\/strong> 1100<\/li>\n<li><strong>Ann\u00e9e de garantie : <\/strong> 3 ans<\/li>\n<li><strong>Temp\u00e9rature de fonctionnement\u2103 : <\/strong> -40 \u2013 80<\/li>\n<li><strong>Rendu des couleurs IndexRa : <\/strong> 90<\/li>\n<li><strong>Caract\u00e9ristiques : <\/strong> installation facile<\/li>\n<li><strong>Source lumineuse : <\/strong> LED<\/li>\n<li><strong>Support Dimmer : <\/strong> NON<\/li>\n<li><strong>Mat\u00e9riau : <\/strong> Fibre de verre<\/li>\n<li><strong>Mode de contr\u00f4le : <\/strong> Contr\u00f4le de l'interrupteur<\/li>\n<li><strong>BRICOLAGE : <\/strong> Non<\/li>\n<li><strong>Service de solutions d'\u00e9clairage : <\/strong> Vente group\u00e9e de projets, Conception de l'\u00e9clairage et des circuits, Comptage sur site, Disposition DIALux evo, Dessin et conception de l'\u00e9clairage, Disposition LitePro DLX, Disposition auto CAD, Disposition Agi32, Conception de l'\u00e9clairage de projet, Installation de projet<\/li>\n<li><strong>Style de conception : <\/strong> Moderne<\/li>\n<li><strong>Heures de vie : <\/strong> 50000<\/li>\n<li><strong>PCs\/ Ctn : <\/strong> 1<\/li>\n<li><strong>Dimension de l'emballage : <\/strong> 166*84*50<\/li>\n<li><strong>Dimension du produit : <\/strong> D650*H1800<\/li>\n<li><strong>Poids du produit\uff08kg\uff09 : <\/strong> 25<\/li>\n<li><strong>Mat\u00e9riau de l'abat-jour : <\/strong> Fabic<\/li>\n<li><strong>\u00c9chantillon gratuit : <\/strong> NON<\/li>\n<li><strong>Couleur de l'ombre : <\/strong> Noir<\/li>\n<li><strong>Forme de l'abat-jour : <\/strong> ROND<\/li>\n<li><strong>Nom du produit : <\/strong> Lampes sur pied Sculpture<\/li>\n<li><strong>Style : <\/strong> Post Modern<\/li>\n<li><strong>Mots-cl\u00e9s : <\/strong> Lampes sur pied pour chevaux<\/li>\n<li><strong>Couleur : <\/strong> Noir, blanc, or<\/li>\n<li><strong>Certification : <\/strong> CC\/CE<\/li>\n<li><strong>Tension : <\/strong> AC 80-265V<\/li>\n<li><strong>MOQ : <\/strong> 1 pi\u00e8ce<\/li>\n<li><strong>Emballage : <\/strong> Emballage en bois<\/li>\n<li><strong>OEM\/ODM : <\/strong> Service personnalis\u00e9<\/li>\n<\/ul>","protected":false},"excerpt":{"rendered":"<p>&nbsp; Application : Hotel Color TemperatureCCT : 3500K Warm White Lamp Body Material : Fiberglass Base Type : E27 Input VoltageV : AC 85-265V Lamp Luminous Efficiencylm\/w : 100 Lamp Luminous Fluxlm : 1100 WarrantyYear : 3-Year Working Temperature\u2103 : -40 &#8211; 80 Color Rendering IndexRa : 90 Feature : easy installation Light Source : [&hellip;]<\/p>\n","protected":false},"featured_media":1960,"comment_status":"open","ping_status":"closed","template":"","meta":[],"product_brand":[],"product_cat":[20,25,30],"product_tag":[],"class_list":{"0":"post-1936","1":"product","2":"type-product","3":"status-publish","4":"has-post-thumbnail","6":"product_cat-art-sculpture","7":"product_cat-decorative-sculpture","8":"product_cat-fiberglass-sculpture","10":"first","11":"instock","12":"shipping-taxable","13":"product-type-simple"},"_links":{"self":[{"href":"https:\/\/sculptureshome.com\/fr\/wp-json\/wp\/v2\/product\/1936","targetHints":{"allow":["GET"]}}],"collection":[{"href":"https:\/\/sculptureshome.com\/fr\/wp-json\/wp\/v2\/product"}],"about":[{"href":"https:\/\/sculptureshome.com\/fr\/wp-json\/wp\/v2\/types\/product"}],"replies":[{"embeddable":true,"href":"https:\/\/sculptureshome.com\/fr\/wp-json\/wp\/v2\/comments?post=1936"}],"version-history":[{"count":0,"href":"https:\/\/sculptureshome.com\/fr\/wp-json\/wp\/v2\/product\/1936\/revisions"}],"wp:featuredmedia":[{"embeddable":true,"href":"https:\/\/sculptureshome.com\/fr\/wp-json\/wp\/v2\/media\/1960"}],"wp:attachment":[{"href":"https:\/\/sculptureshome.com\/fr\/wp-json\/wp\/v2\/media?parent=1936"}],"wp:term":[{"taxonomy":"product_brand","embeddable":true,"href":"https:\/\/sculptureshome.com\/fr\/wp-json\/wp\/v2\/product_brand?post=1936"},{"taxonomy":"product_cat","embeddable":true,"href":"https:\/\/sculptureshome.com\/fr\/wp-json\/wp\/v2\/product_cat?post=1936"},{"taxonomy":"product_tag","embeddable":true,"href":"https:\/\/sculptureshome.com\/fr\/wp-json\/wp\/v2\/product_tag?post=1936"}],"curies":[{"name":"wp","href":"https:\/\/api.w.org\/{rel}","templated":true}]}}