{"id":1933,"date":"2025-05-04T12:13:23","date_gmt":"2025-05-04T12:13:23","guid":{"rendered":"https:\/\/sculptureshome.com\/product\/frp-artificial-fiberglass-sculpture-artwork-garden-fiberglass-decorations-outdoor-decoration\/"},"modified":"2025-05-04T12:39:22","modified_gmt":"2025-05-04T12:39:22","slug":"sculpture-artificielle-en-fibre-de-verre","status":"publish","type":"product","link":"https:\/\/sculptureshome.com\/fr\/product\/frp-artificial-fiberglass-sculpture\/","title":{"rendered":"Sculpture artificielle en fibre de verre FRP"},"content":{"rendered":"<ul>\n<li><strong>Mat\u00e9riau : <\/strong> Fibre de verre<\/li>\n<li><strong>Caract\u00e9ristiques : <\/strong> Artistique<\/li>\n<li><strong>Technique : <\/strong> Peint \u00e0 la main<\/li>\n<li><strong>Forme : <\/strong> Animaux<\/li>\n<li><strong>Mod\u00e8le : <\/strong> SCULPTURE<\/li>\n<li><strong>Type de produit : <\/strong> SCULPTURE<\/li>\n<li><strong>Style : <\/strong> Animaux<\/li>\n<li><strong>Application : <\/strong> Art et objets de collection<\/li>\n<li><strong>Nom du produit : <\/strong> Sculpture animali\u00e8re Figurine en r\u00e9sine<\/li>\n<li><strong>Taille : <\/strong> Taille personnalis\u00e9e<\/li>\n<li><strong>Couleur : <\/strong> Couleur personnalis\u00e9e<\/li>\n<li><strong>MOQ : <\/strong> 1pcs<\/li>\n<li><strong>Conception : <\/strong> En d\u00e9p\u00f4t<\/li>\n<li><strong>Type : <\/strong> Ourdoor Decor Sculpture<\/li>\n<li><strong>Paquet : <\/strong> Papier bulle + bo\u00eete int\u00e9rieure + s\u00e9curit\u00e9 du carton<\/li>\n<li><strong>Service : <\/strong> 365 jours de service<\/li>\n<li><strong>Produit : <\/strong> Statues D\u00e9coration ext\u00e9rieure Sculpture<\/li>\n<li><strong>Mot-cl\u00e9 : <\/strong> Ornement de centre commercial<\/li>\n<\/ul>","protected":false},"excerpt":{"rendered":"<p>Material : Fiberglass Feature : Artistic Technique : Hand-painted Shape : Animal Pattern : SCULPTURE Product Type : SCULPTURE Style : Animal Application : Art &amp; Collectible Product name : Animal Sculpture Resin Figurine Size : Customized Size Color : Customized Color MOQ : 1pcs Design : Custmized Type : Ourdoor Decor Sculpture Package : [&hellip;]<\/p>\n","protected":false},"featured_media":1969,"comment_status":"open","ping_status":"closed","template":"","meta":[],"product_brand":[],"product_cat":[22,30],"product_tag":[],"class_list":{"0":"post-1933","1":"product","2":"type-product","3":"status-publish","4":"has-post-thumbnail","6":"product_cat-animal-sculpture","7":"product_cat-fiberglass-sculpture","9":"first","10":"instock","11":"shipping-taxable","12":"product-type-simple"},"_links":{"self":[{"href":"https:\/\/sculptureshome.com\/fr\/wp-json\/wp\/v2\/product\/1933","targetHints":{"allow":["GET"]}}],"collection":[{"href":"https:\/\/sculptureshome.com\/fr\/wp-json\/wp\/v2\/product"}],"about":[{"href":"https:\/\/sculptureshome.com\/fr\/wp-json\/wp\/v2\/types\/product"}],"replies":[{"embeddable":true,"href":"https:\/\/sculptureshome.com\/fr\/wp-json\/wp\/v2\/comments?post=1933"}],"version-history":[{"count":0,"href":"https:\/\/sculptureshome.com\/fr\/wp-json\/wp\/v2\/product\/1933\/revisions"}],"wp:featuredmedia":[{"embeddable":true,"href":"https:\/\/sculptureshome.com\/fr\/wp-json\/wp\/v2\/media\/1969"}],"wp:attachment":[{"href":"https:\/\/sculptureshome.com\/fr\/wp-json\/wp\/v2\/media?parent=1933"}],"wp:term":[{"taxonomy":"product_brand","embeddable":true,"href":"https:\/\/sculptureshome.com\/fr\/wp-json\/wp\/v2\/product_brand?post=1933"},{"taxonomy":"product_cat","embeddable":true,"href":"https:\/\/sculptureshome.com\/fr\/wp-json\/wp\/v2\/product_cat?post=1933"},{"taxonomy":"product_tag","embeddable":true,"href":"https:\/\/sculptureshome.com\/fr\/wp-json\/wp\/v2\/product_tag?post=1933"}],"curies":[{"name":"wp","href":"https:\/\/api.w.org\/{rel}","templated":true}]}}