{"id":1931,"date":"2025-05-04T12:13:01","date_gmt":"2025-05-04T12:13:01","guid":{"rendered":"https:\/\/sculptureshome.com\/product\/shop-window-decorative-ideas-modern-sculpture-interior-decoration-models-fiberglass-sculpture-colored-pencil-model\/"},"modified":"2025-05-04T12:41:28","modified_gmt":"2025-05-04T12:41:28","slug":"sculpture-moderne-modeles-de-decoration-interieure-sculpture-en-fibre-de-verre-modele-en-crayon-de-couleur","status":"publish","type":"product","link":"https:\/\/sculptureshome.com\/fr\/product\/modern-sculpture-interior-decoration-models-fiberglass-sculpture-colored-pencil-model\/","title":{"rendered":"Mod\u00e8les de d\u00e9coration int\u00e9rieure Sculpture en fibre de verre Mod\u00e8le aux crayons de couleur"},"content":{"rendered":"<ul>\n<li><strong>Mat\u00e9riau : <\/strong> R\u00e9sine, fibre de verre<\/li>\n<li><strong>Type de produit : <\/strong> SCULPTURE<\/li>\n<li><strong>Style : <\/strong> Animaux, Western<\/li>\n<li><strong>Lieu d'origine : <\/strong> Guangdong, Chine<\/li>\n<li><strong>Num\u00e9ro de mod\u00e8le : <\/strong> 20240828001<\/li>\n<li><strong>Nom du produit : <\/strong> Sculpture en fibre de verre Mod\u00e8le aux crayons de couleur<\/li>\n<li><strong>Couleur : <\/strong> Plusieurs couleurs<\/li>\n<li><strong>Taille 1 : <\/strong> Hauteur 200cm ou sur mesure<\/li>\n<li><strong>MOQ : <\/strong> 1pc<\/li>\n<li><strong>Conception : <\/strong> Disponible<\/li>\n<li><strong>OEM &amp; ODM : <\/strong> Oui, bienvenue<\/li>\n<li><strong>Utiliser : <\/strong> d\u00e9coration int\u00e9rieure<\/li>\n<li><strong>Caract\u00e9ristiques r\u00e9gionales : <\/strong> L'Europe<\/li>\n<\/ul>","protected":false},"excerpt":{"rendered":"<p>Material : Resin, Fiberglass Product Type : SCULPTURE Style : Animal, Western Place of Origin : Guangdong, China Model Number : 20240828001 Product name : Fiberglass Sculpture Colored Pencil Model Color : Many colors Size 1 : Height 200cm or Customize MOQ : 1pc Design : Available OEM &amp; ODM : Yes, welcome Use : [&hellip;]<\/p>\n","protected":false},"featured_media":1930,"comment_status":"open","ping_status":"closed","template":"","meta":[],"product_brand":[],"product_cat":[20],"product_tag":[],"class_list":{"0":"post-1931","1":"product","2":"type-product","3":"status-publish","4":"has-post-thumbnail","6":"product_cat-art-sculpture","8":"first","9":"outofstock","10":"shipping-taxable","11":"product-type-variable"},"_links":{"self":[{"href":"https:\/\/sculptureshome.com\/fr\/wp-json\/wp\/v2\/product\/1931","targetHints":{"allow":["GET"]}}],"collection":[{"href":"https:\/\/sculptureshome.com\/fr\/wp-json\/wp\/v2\/product"}],"about":[{"href":"https:\/\/sculptureshome.com\/fr\/wp-json\/wp\/v2\/types\/product"}],"replies":[{"embeddable":true,"href":"https:\/\/sculptureshome.com\/fr\/wp-json\/wp\/v2\/comments?post=1931"}],"version-history":[{"count":0,"href":"https:\/\/sculptureshome.com\/fr\/wp-json\/wp\/v2\/product\/1931\/revisions"}],"wp:featuredmedia":[{"embeddable":true,"href":"https:\/\/sculptureshome.com\/fr\/wp-json\/wp\/v2\/media\/1930"}],"wp:attachment":[{"href":"https:\/\/sculptureshome.com\/fr\/wp-json\/wp\/v2\/media?parent=1931"}],"wp:term":[{"taxonomy":"product_brand","embeddable":true,"href":"https:\/\/sculptureshome.com\/fr\/wp-json\/wp\/v2\/product_brand?post=1931"},{"taxonomy":"product_cat","embeddable":true,"href":"https:\/\/sculptureshome.com\/fr\/wp-json\/wp\/v2\/product_cat?post=1931"},{"taxonomy":"product_tag","embeddable":true,"href":"https:\/\/sculptureshome.com\/fr\/wp-json\/wp\/v2\/product_tag?post=1931"}],"curies":[{"name":"wp","href":"https:\/\/api.w.org\/{rel}","templated":true}]}}