{"id":1928,"date":"2025-05-04T12:12:38","date_gmt":"2025-05-04T12:12:38","guid":{"rendered":"https:\/\/sculptureshome.com\/product\/life-size-3d-resin-astronaut-statue-creative-pop-art-indoor-home-decoration-christmas-fiberglass-sculpture-animal-model-home\/"},"modified":"2025-05-04T12:42:59","modified_gmt":"2025-05-04T12:42:59","slug":"pop-art-creatif-decoration-interieure-noel-sculpture-en-fibre-de-verre-animal-modele-maison","status":"publish","type":"product","link":"https:\/\/sculptureshome.com\/fr\/product\/creative-pop-art-indoor-home-decoration-christmas-fiberglass-sculpture-animal-model-home\/","title":{"rendered":"Home Decoration Christmas Fiberglass Sculpture"},"content":{"rendered":"<ul>\n<li><strong>Mat\u00e9riau : <\/strong> R\u00e9sine, fibre de verre<\/li>\n<li><strong>Style : <\/strong> Personnage de t\u00e9l\u00e9vision et de cin\u00e9ma, artificiel<\/li>\n<li><strong>Lieu d'origine : <\/strong> Anhui, Chine<\/li>\n<li><strong>Occasion : <\/strong> No\u00ebl<\/li>\n<li><strong>Couleur : <\/strong> Couleur personnalis\u00e9e<\/li>\n<li><strong>Emballage : <\/strong> Caisses en bois solides<\/li>\n<li><strong>Conception : <\/strong> Mod\u00e8les personnalis\u00e9s accept\u00e9s<\/li>\n<li><strong>Utiliser : <\/strong> Art et objets de collection<\/li>\n<li><strong>Caract\u00e9ristiques r\u00e9gionales : <\/strong> L'Europe<\/li>\n<\/ul>","protected":false},"excerpt":{"rendered":"<p>Mati\u00e8re : R\u00e9sine, fibre de verre Style : Personnage de t\u00e9l\u00e9vision et de film, artificiel Lieu d'origine : Anhui, Chine Occasion : No\u00ebl Couleur : Couleur personnalis\u00e9e Emballage : Caisse en bois solide Design : Design personnalis\u00e9 Utilisation : Art et collection Utilisation acceptable : Art et objets de collection Caract\u00e9ristique r\u00e9gionale : Europe<\/p>","protected":false},"featured_media":1927,"comment_status":"open","ping_status":"closed","template":"","meta":[],"product_brand":[],"product_cat":[20,30],"product_tag":[],"class_list":{"0":"post-1928","1":"product","2":"type-product","3":"status-publish","4":"has-post-thumbnail","6":"product_cat-art-sculpture","7":"product_cat-fiberglass-sculpture","9":"first","10":"instock","11":"shipping-taxable","12":"product-type-simple"},"_links":{"self":[{"href":"https:\/\/sculptureshome.com\/fr\/wp-json\/wp\/v2\/product\/1928","targetHints":{"allow":["GET"]}}],"collection":[{"href":"https:\/\/sculptureshome.com\/fr\/wp-json\/wp\/v2\/product"}],"about":[{"href":"https:\/\/sculptureshome.com\/fr\/wp-json\/wp\/v2\/types\/product"}],"replies":[{"embeddable":true,"href":"https:\/\/sculptureshome.com\/fr\/wp-json\/wp\/v2\/comments?post=1928"}],"version-history":[{"count":0,"href":"https:\/\/sculptureshome.com\/fr\/wp-json\/wp\/v2\/product\/1928\/revisions"}],"wp:featuredmedia":[{"embeddable":true,"href":"https:\/\/sculptureshome.com\/fr\/wp-json\/wp\/v2\/media\/1927"}],"wp:attachment":[{"href":"https:\/\/sculptureshome.com\/fr\/wp-json\/wp\/v2\/media?parent=1928"}],"wp:term":[{"taxonomy":"product_brand","embeddable":true,"href":"https:\/\/sculptureshome.com\/fr\/wp-json\/wp\/v2\/product_brand?post=1928"},{"taxonomy":"product_cat","embeddable":true,"href":"https:\/\/sculptureshome.com\/fr\/wp-json\/wp\/v2\/product_cat?post=1928"},{"taxonomy":"product_tag","embeddable":true,"href":"https:\/\/sculptureshome.com\/fr\/wp-json\/wp\/v2\/product_tag?post=1928"}],"curies":[{"name":"wp","href":"https:\/\/api.w.org\/{rel}","templated":true}]}}