{"id":1893,"date":"2025-05-04T11:38:26","date_gmt":"2025-05-04T11:38:26","guid":{"rendered":"https:\/\/sculptureshome.com\/product\/david-statue-resin-sculptures-statues\/"},"modified":"2025-05-04T11:54:30","modified_gmt":"2025-05-04T11:54:30","slug":"statue-de-david-sculptures-en-resine-statues","status":"publish","type":"product","link":"https:\/\/sculptureshome.com\/fr\/product\/david-statue-resin-sculptures-statues\/","title":{"rendered":"Statue de David Sculptures en r\u00e9sine Statues"},"content":{"rendered":"<ul>\n<li><strong>Mat\u00e9riau : <\/strong> R\u00e9sine<\/li>\n<li><strong>Type de produit : <\/strong> Figurine<\/li>\n<li><strong>Style : <\/strong> Amour, art populaire<\/li>\n<li><strong>Num\u00e9ro de mod\u00e8le : <\/strong> BYX-2220<\/li>\n<li><strong>Nom du produit : <\/strong> Statue de David Sculptures en r\u00e9sine Statues<\/li>\n<li><strong>Taille : <\/strong> 16,3 x 6,8 x 15,7 pouces<\/li>\n<li><strong>MOQ : <\/strong> 200pcs<\/li>\n<li><strong>Dur\u00e9e de l'\u00e9chantillon : <\/strong> 7-10 jours<\/li>\n<li><strong>D\u00e9lai de livraison : <\/strong> 30-35 jours<\/li>\n<li><strong>Utilisation : <\/strong> D\u00e9coration de jardin, cadeau, d\u00e9coration d'int\u00e9rieur<\/li>\n<li><strong>Couleur : <\/strong> Couleur personnalis\u00e9e<\/li>\n<li><strong>OEM\/ODM : <\/strong> Oui, nous fournissons des OEM<\/li>\n<li><strong>Logo : <\/strong> Accepte les logos personnalis\u00e9s<\/li>\n<li><strong>Conception : <\/strong> Mod\u00e8les personnalis\u00e9s accept\u00e9s<\/li>\n<li><strong>Utiliser : <\/strong> Art et objets de collection<\/li>\n<li><strong>Caract\u00e9ristiques r\u00e9gionales : <\/strong> L'Europe<\/li>\n<\/ul>","protected":false},"excerpt":{"rendered":"<p>Material : Resin Product Type : Figurine Style : Love, Folk Art Model Number : BYX-2220 Product name : David Statue Resin Sculptures Statues Size : 16.3 x 6.8 x 15.7 inches MOQ : 200pcs Sample time : 7-10days Delivery time : 30-35days Usage : Garden decoration,gift,Home decoration Color : Customized Color OEM\/ODM : Yes.We [&hellip;]<\/p>\n","protected":false},"featured_media":1895,"comment_status":"open","ping_status":"closed","template":"","meta":[],"product_brand":[],"product_cat":[20,28],"product_tag":[],"class_list":{"0":"post-1893","1":"product","2":"type-product","3":"status-publish","4":"has-post-thumbnail","6":"product_cat-art-sculpture","7":"product_cat-resin-sculpture","9":"first","10":"instock","11":"shipping-taxable","12":"product-type-simple"},"_links":{"self":[{"href":"https:\/\/sculptureshome.com\/fr\/wp-json\/wp\/v2\/product\/1893","targetHints":{"allow":["GET"]}}],"collection":[{"href":"https:\/\/sculptureshome.com\/fr\/wp-json\/wp\/v2\/product"}],"about":[{"href":"https:\/\/sculptureshome.com\/fr\/wp-json\/wp\/v2\/types\/product"}],"replies":[{"embeddable":true,"href":"https:\/\/sculptureshome.com\/fr\/wp-json\/wp\/v2\/comments?post=1893"}],"version-history":[{"count":0,"href":"https:\/\/sculptureshome.com\/fr\/wp-json\/wp\/v2\/product\/1893\/revisions"}],"wp:featuredmedia":[{"embeddable":true,"href":"https:\/\/sculptureshome.com\/fr\/wp-json\/wp\/v2\/media\/1895"}],"wp:attachment":[{"href":"https:\/\/sculptureshome.com\/fr\/wp-json\/wp\/v2\/media?parent=1893"}],"wp:term":[{"taxonomy":"product_brand","embeddable":true,"href":"https:\/\/sculptureshome.com\/fr\/wp-json\/wp\/v2\/product_brand?post=1893"},{"taxonomy":"product_cat","embeddable":true,"href":"https:\/\/sculptureshome.com\/fr\/wp-json\/wp\/v2\/product_cat?post=1893"},{"taxonomy":"product_tag","embeddable":true,"href":"https:\/\/sculptureshome.com\/fr\/wp-json\/wp\/v2\/product_tag?post=1893"}],"curies":[{"name":"wp","href":"https:\/\/api.w.org\/{rel}","templated":true}]}}