{"id":1885,"date":"2025-05-04T11:24:51","date_gmt":"2025-05-04T11:24:51","guid":{"rendered":"https:\/\/sculptureshome.com\/product\/30cm-life-size-kaw-statue-good-quality-pvc-resin-cartoon-kaws-ornament\/"},"modified":"2025-05-04T11:59:12","modified_gmt":"2025-05-04T11:59:12","slug":"statue-de-kaw-de-30cm-en-resine-pvc-de-bonne-qualite-ornement-kaws-de-dessin-anime","status":"publish","type":"product","link":"https:\/\/sculptureshome.com\/fr\/product\/30cm-life-size-kaw-statue-good-quality-pvc-resin-cartoon-kaws-ornament\/","title":{"rendered":"30CM Statue Kaw grandeur nature Bonne qualit\u00e9 PVC R\u00e9sine Cartoon KAWS Ornament"},"content":{"rendered":"<ul>\n<li><strong>caract\u00e8res : <\/strong> Brique d'ours<\/li>\n<li><strong>Par animation Source : <\/strong> Autres<\/li>\n<li><strong>Attribut de la marchandise : <\/strong> Accessoires<\/li>\n<li><strong>Dipl\u00f4me de fin d'\u00e9tudes : <\/strong> Produits finis<\/li>\n<li><strong>Emballage d'origine : <\/strong> Oui<\/li>\n<li><strong>Th\u00e8me : <\/strong> Autres<\/li>\n<li><strong>Condition : <\/strong> Articles en stock<\/li>\n<li><strong>Sexe : <\/strong> Unisexe<\/li>\n<li><strong>Tranche d'\u00e2ge : <\/strong> 2 \u00e0 4 ans, 5 \u00e0 7 ans, 8 \u00e0 13 ans, 14 ans et plus<\/li>\n<li><strong>Style : <\/strong> MOD\u00c8LE DE JOUET<\/li>\n<li><strong>Mat\u00e9riau : <\/strong> R\u00e9sine, PVC, PVC<\/li>\n<li><strong>Fonction : <\/strong> Ornements d\u00e9coratifs, jouets \u00e0 figurines en r\u00e9sine<\/li>\n<li><strong>Caract\u00e9ristiques : <\/strong> Accessoires Anime<\/li>\n<li><strong>Nom du produit : <\/strong> Jouet de dessin anim\u00e9<\/li>\n<li><strong>MOQ : <\/strong> 1pcs<\/li>\n<li><strong>Paquet : <\/strong> Bo\u00eete de couleur<\/li>\n<li><strong>OEM&amp;ODM : <\/strong> OEM ODM disponible<\/li>\n<li><strong>D\u00e9lai de livraison : <\/strong> 3-7 jours<\/li>\n<li><strong>Conception : <\/strong> Dessins d'anime<\/li>\n<li><strong>Dur\u00e9e de la r\u00e9mun\u00e9ration : <\/strong> Paypal.Western Union.MoneyGram.T.T<\/li>\n<li><strong>M\u00e9thode d'exp\u00e9dition : <\/strong> DHL UPS FEDEX SEA<\/li>\n<\/ul>","protected":false},"excerpt":{"rendered":"<p>characters : Bearbrick By Animation Source : Other Commodity Attribute : Accessories Completion Degree : Finished Goods Original Package : Yes Theme : Other Condition : In-Stock Items Gender : Unisex Age Range : 2 to 4 Years, 5 to 7 years, 8 to 13 Years, 14 Years &amp; up Style : MODEL TOY Material [&hellip;]<\/p>\n","protected":false},"featured_media":1884,"comment_status":"open","ping_status":"closed","template":"","meta":[],"product_brand":[],"product_cat":[28],"product_tag":[],"class_list":{"0":"post-1885","1":"product","2":"type-product","3":"status-publish","4":"has-post-thumbnail","6":"product_cat-resin-sculpture","8":"first","9":"instock","10":"shipping-taxable","11":"product-type-simple"},"_links":{"self":[{"href":"https:\/\/sculptureshome.com\/fr\/wp-json\/wp\/v2\/product\/1885","targetHints":{"allow":["GET"]}}],"collection":[{"href":"https:\/\/sculptureshome.com\/fr\/wp-json\/wp\/v2\/product"}],"about":[{"href":"https:\/\/sculptureshome.com\/fr\/wp-json\/wp\/v2\/types\/product"}],"replies":[{"embeddable":true,"href":"https:\/\/sculptureshome.com\/fr\/wp-json\/wp\/v2\/comments?post=1885"}],"version-history":[{"count":0,"href":"https:\/\/sculptureshome.com\/fr\/wp-json\/wp\/v2\/product\/1885\/revisions"}],"wp:featuredmedia":[{"embeddable":true,"href":"https:\/\/sculptureshome.com\/fr\/wp-json\/wp\/v2\/media\/1884"}],"wp:attachment":[{"href":"https:\/\/sculptureshome.com\/fr\/wp-json\/wp\/v2\/media?parent=1885"}],"wp:term":[{"taxonomy":"product_brand","embeddable":true,"href":"https:\/\/sculptureshome.com\/fr\/wp-json\/wp\/v2\/product_brand?post=1885"},{"taxonomy":"product_cat","embeddable":true,"href":"https:\/\/sculptureshome.com\/fr\/wp-json\/wp\/v2\/product_cat?post=1885"},{"taxonomy":"product_tag","embeddable":true,"href":"https:\/\/sculptureshome.com\/fr\/wp-json\/wp\/v2\/product_tag?post=1885"}],"curies":[{"name":"wp","href":"https:\/\/api.w.org\/{rel}","templated":true}]}}