{"id":1883,"date":"2025-05-04T11:23:46","date_gmt":"2025-05-04T11:23:46","guid":{"rendered":"https:\/\/sculptureshome.com\/product\/oem-5-axis-custom-3d-print-sla-uv-resin-3d-printing-person-sculpture\/"},"modified":"2025-05-04T11:59:56","modified_gmt":"2025-05-04T11:59:56","slug":"oem-5-axis-custom-3d-print-sla-uv-resin-3d-printing-person-sculpture","status":"publish","type":"product","link":"https:\/\/sculptureshome.com\/fr\/product\/oem-5-axis-custom-3d-print-sla-uv-resin-3d-printing-person-sculpture\/","title":{"rendered":"OEM 5-Axis Custom 3D Print Sla UV Resin 3D Printing Person Sculpture"},"content":{"rendered":"<ul>\n<li><strong>Usinage CNC ou non : <\/strong> Pas d'usinage CNC<\/li>\n<li><strong>Type : <\/strong> Brochage, per\u00e7age, gravure \/ usinage chimique, usinage au laser, fraisage, autres services d'usinage, tournage, \u00e9lectro\u00e9rosion \u00e0 fil, prototypage rapide<\/li>\n<li><strong>Capacit\u00e9s mat\u00e9rielles : <\/strong> Aluminium, laiton, bronze, cuivre, m\u00e9taux tremp\u00e9s, m\u00e9taux pr\u00e9cieux, acier inoxydable, alliages d'acier<\/li>\n<li><strong>Micro-usinage ou non : <\/strong> Pas de micro-usinage<\/li>\n<li><strong>Nom du produit : <\/strong> Impression 3D personnalis\u00e9e Sla UV Resin 3D Printing Person Sculpture<\/li>\n<li><strong>Processus : <\/strong> Impression 3D SLA\/SLM\/SLS\/MJF\/FDM\/DLP\/LCD<\/li>\n<li><strong>Pr\u00e9cision : <\/strong> \u00b10,10 mm<\/li>\n<li><strong>Couleur : <\/strong> Couleur personnalis\u00e9e<\/li>\n<li><strong>MOQ : <\/strong> 1Pi\u00e8ce<\/li>\n<li><strong>Application : <\/strong> M\u00e9dical, Automobile, Education, Mod\u00e9lisme Prototypage rapide<\/li>\n<li><strong>Format du dessin : <\/strong> 2D\/PDF\/CAD\/DWG\/DXF3DSTL\/STP\/STEP\/OBJ\/3MF\/X-T\/IGES<\/li>\n<li><strong>Mat\u00e9riaux disponibles : <\/strong> R\u00e9sine Plastique nylon M\u00e9tal<\/li>\n<li><strong>Emballage : <\/strong> Carton, Bo\u00eete en bois, Personnalisable<\/li>\n<li><strong>Express : <\/strong> Fedex, DHL, UPS<\/li>\n<\/ul>","protected":false},"excerpt":{"rendered":"<p>CNC Machining or Not : Not CNC Machining Type : Broaching, DRILLING, Etching \/ Chemical Machining, Laser Machining, Milling, Other Machining Services, Turning, Wire EDM, Rapid Prototyping Material Capabilities : Aluminum, Brass, Bronze, Copper, Hardened Metals, Precious Metals, Stainless Steel, Steel Alloys Micro Machining or Not : Not Micro Machining Product name : Custom 3D [&hellip;]<\/p>\n","protected":false},"featured_media":1882,"comment_status":"open","ping_status":"closed","template":"","meta":[],"product_brand":[],"product_cat":[28],"product_tag":[],"class_list":{"0":"post-1883","1":"product","2":"type-product","3":"status-publish","4":"has-post-thumbnail","6":"product_cat-resin-sculpture","8":"first","9":"instock","10":"shipping-taxable","11":"product-type-simple"},"_links":{"self":[{"href":"https:\/\/sculptureshome.com\/fr\/wp-json\/wp\/v2\/product\/1883","targetHints":{"allow":["GET"]}}],"collection":[{"href":"https:\/\/sculptureshome.com\/fr\/wp-json\/wp\/v2\/product"}],"about":[{"href":"https:\/\/sculptureshome.com\/fr\/wp-json\/wp\/v2\/types\/product"}],"replies":[{"embeddable":true,"href":"https:\/\/sculptureshome.com\/fr\/wp-json\/wp\/v2\/comments?post=1883"}],"version-history":[{"count":0,"href":"https:\/\/sculptureshome.com\/fr\/wp-json\/wp\/v2\/product\/1883\/revisions"}],"wp:featuredmedia":[{"embeddable":true,"href":"https:\/\/sculptureshome.com\/fr\/wp-json\/wp\/v2\/media\/1882"}],"wp:attachment":[{"href":"https:\/\/sculptureshome.com\/fr\/wp-json\/wp\/v2\/media?parent=1883"}],"wp:term":[{"taxonomy":"product_brand","embeddable":true,"href":"https:\/\/sculptureshome.com\/fr\/wp-json\/wp\/v2\/product_brand?post=1883"},{"taxonomy":"product_cat","embeddable":true,"href":"https:\/\/sculptureshome.com\/fr\/wp-json\/wp\/v2\/product_cat?post=1883"},{"taxonomy":"product_tag","embeddable":true,"href":"https:\/\/sculptureshome.com\/fr\/wp-json\/wp\/v2\/product_tag?post=1883"}],"curies":[{"name":"wp","href":"https:\/\/api.w.org\/{rel}","templated":true}]}}