{"id":1879,"date":"2025-05-04T11:22:33","date_gmt":"2025-05-04T11:22:33","guid":{"rendered":"https:\/\/sculptureshome.com\/product\/alien-ufo-resin-gnome-sculpture-fantasy-garden-decor-indoor-outdoor-figurine-for-yard-or-patio-display\/"},"modified":"2025-05-04T12:03:14","modified_gmt":"2025-05-04T12:03:14","slug":"gnome-extraterrestre-en-resine-decoration-de-jardin-figurine-dinterieur-et-dexterieur-pour-jardin-ou-terrasse","status":"publish","type":"product","link":"https:\/\/sculptureshome.com\/fr\/product\/alien-ufo-resin-gnome-sculpture-fantasy-garden-decor-indoor-outdoor-figurine-for-yard-or-patio-display\/","title":{"rendered":"Alien UFO Resin Gnome Sculpture Fantasy Garden Decor Indoor Outdoor Figurine for Yard or Patio Display"},"content":{"rendered":"<ul>\n<li><strong>Mat\u00e9riau : <\/strong> R\u00e9sine<\/li>\n<li><strong>Caract\u00e9ristiques : <\/strong> Respect de l'environnement<\/li>\n<li><strong>Technique : <\/strong> Peint \u00e0 la main<\/li>\n<li><strong>Forme : <\/strong> Non<\/li>\n<li><strong>Mod\u00e8le : <\/strong> Non<\/li>\n<li><strong>Type de produit : <\/strong> Figurine<\/li>\n<li><strong>Style : <\/strong> Animaux<\/li>\n<li><strong>Application : <\/strong> Halloween, D\u00e9coration et cadeau de mariage, Art et objets de collection, D\u00e9coration et cadeau de vacances, d\u00e9coration d'int\u00e9rieur<\/li>\n<li><strong>Lieu d'origine : <\/strong> Guangdong, Chine<\/li>\n<\/ul>","protected":false},"excerpt":{"rendered":"<p>Mat\u00e9riau : R\u00e9sine Caract\u00e9ristique : \u00c9cologique Technique : Peint \u00e0 la main Forme : Non Motif : Non Type de produit : Figurine Style : Animal Application : Halloween, D\u00e9coration et cadeau de mariage, Art et collection, D\u00e9coration et cadeau de vacances, d\u00e9coration int\u00e9rieure Lieu d'origine : Guangdong, Chine<\/p>","protected":false},"featured_media":1910,"comment_status":"open","ping_status":"closed","template":"","meta":[],"product_brand":[],"product_cat":[28],"product_tag":[],"class_list":{"0":"post-1879","1":"product","2":"type-product","3":"status-publish","4":"has-post-thumbnail","6":"product_cat-resin-sculpture","8":"first","9":"instock","10":"shipping-taxable","11":"product-type-simple"},"_links":{"self":[{"href":"https:\/\/sculptureshome.com\/fr\/wp-json\/wp\/v2\/product\/1879","targetHints":{"allow":["GET"]}}],"collection":[{"href":"https:\/\/sculptureshome.com\/fr\/wp-json\/wp\/v2\/product"}],"about":[{"href":"https:\/\/sculptureshome.com\/fr\/wp-json\/wp\/v2\/types\/product"}],"replies":[{"embeddable":true,"href":"https:\/\/sculptureshome.com\/fr\/wp-json\/wp\/v2\/comments?post=1879"}],"version-history":[{"count":0,"href":"https:\/\/sculptureshome.com\/fr\/wp-json\/wp\/v2\/product\/1879\/revisions"}],"wp:featuredmedia":[{"embeddable":true,"href":"https:\/\/sculptureshome.com\/fr\/wp-json\/wp\/v2\/media\/1910"}],"wp:attachment":[{"href":"https:\/\/sculptureshome.com\/fr\/wp-json\/wp\/v2\/media?parent=1879"}],"wp:term":[{"taxonomy":"product_brand","embeddable":true,"href":"https:\/\/sculptureshome.com\/fr\/wp-json\/wp\/v2\/product_brand?post=1879"},{"taxonomy":"product_cat","embeddable":true,"href":"https:\/\/sculptureshome.com\/fr\/wp-json\/wp\/v2\/product_cat?post=1879"},{"taxonomy":"product_tag","embeddable":true,"href":"https:\/\/sculptureshome.com\/fr\/wp-json\/wp\/v2\/product_tag?post=1879"}],"curies":[{"name":"wp","href":"https:\/\/api.w.org\/{rel}","templated":true}]}}