{"id":186,"date":"2024-01-15T09:04:50","date_gmt":"2024-01-15T09:04:50","guid":{"rendered":"https:\/\/sculptureshome.com\/?post_type=product&#038;p=186"},"modified":"2024-01-15T09:04:50","modified_gmt":"2024-01-15T09:04:50","slug":"lecture-vulgaire-alphabet-complet-abstrait-statue-feminine","status":"publish","type":"product","link":"https:\/\/sculptureshome.com\/fr\/product\/vulgar-reading-full-alphabet-abstract-female-statue\/","title":{"rendered":"Lecture vulgaire Alphabet complet Statue f\u00e9minine abstraite"},"content":{"rendered":"<div class=\"attribute-list\">\n<div class=\"attribute-item\"><\/div>\n<\/div>\n<h4>Lieu d'origine<\/h4>\n<div class=\"attribute-list\">\n<div class=\"attribute-item\">\n<div class=\"right\">Guangdong, Chine&nbsp;<\/p>\n<\/div>\n<\/div>\n<div class=\"attribute-item\">\n<div class=\"left\">Mat\u00e9riau : R\u00e9sine<\/div>\n<\/div>\n<div class=\"attribute-item\">\n<div class=\"left\">Utilisation : D\u00e9coration et cadeaux<\/div>\n<\/div>\n<div class=\"attribute-item\">\n<div class=\"left\">Nom du produit : lecture f\u00e9minine<\/div>\n<\/div>\n<div class=\"attribute-item\">\n<div class=\"left\">Mat\u00e9riau : r\u00e9sine<\/div>\n<div class=\"right\"><\/div>\n<\/div>\n<\/div>","protected":false},"excerpt":{"rendered":"<p>Lieu d'origine Guangdong, Chine Mat\u00e9riau : R\u00e9sine Utilisation : D\u00e9coration et cadeau Nom du produit : lecture pour femme Mat\u00e9riau : r\u00e9sine<\/p>","protected":false},"featured_media":187,"comment_status":"open","ping_status":"closed","template":"","meta":[],"product_brand":[],"product_cat":[20],"product_tag":[],"class_list":{"0":"post-186","1":"product","2":"type-product","3":"status-publish","4":"has-post-thumbnail","6":"product_cat-art-sculpture","8":"first","9":"instock","10":"shipping-taxable","11":"product-type-simple"},"_links":{"self":[{"href":"https:\/\/sculptureshome.com\/fr\/wp-json\/wp\/v2\/product\/186","targetHints":{"allow":["GET"]}}],"collection":[{"href":"https:\/\/sculptureshome.com\/fr\/wp-json\/wp\/v2\/product"}],"about":[{"href":"https:\/\/sculptureshome.com\/fr\/wp-json\/wp\/v2\/types\/product"}],"replies":[{"embeddable":true,"href":"https:\/\/sculptureshome.com\/fr\/wp-json\/wp\/v2\/comments?post=186"}],"version-history":[{"count":0,"href":"https:\/\/sculptureshome.com\/fr\/wp-json\/wp\/v2\/product\/186\/revisions"}],"wp:featuredmedia":[{"embeddable":true,"href":"https:\/\/sculptureshome.com\/fr\/wp-json\/wp\/v2\/media\/187"}],"wp:attachment":[{"href":"https:\/\/sculptureshome.com\/fr\/wp-json\/wp\/v2\/media?parent=186"}],"wp:term":[{"taxonomy":"product_brand","embeddable":true,"href":"https:\/\/sculptureshome.com\/fr\/wp-json\/wp\/v2\/product_brand?post=186"},{"taxonomy":"product_cat","embeddable":true,"href":"https:\/\/sculptureshome.com\/fr\/wp-json\/wp\/v2\/product_cat?post=186"},{"taxonomy":"product_tag","embeddable":true,"href":"https:\/\/sculptureshome.com\/fr\/wp-json\/wp\/v2\/product_tag?post=186"}],"curies":[{"name":"wp","href":"https:\/\/api.w.org\/{rel}","templated":true}]}}