{"id":1793,"date":"2025-05-03T06:12:48","date_gmt":"2025-05-03T06:12:48","guid":{"rendered":"https:\/\/sculptureshome.com\/product\/european-outdoor-decor-custom-size-abstract-dandelion-metal-stainless-steel-sculpture\/"},"modified":"2025-05-03T06:34:11","modified_gmt":"2025-05-03T06:34:11","slug":"sculpture-abstraite-de-pissenlit-en-metal-et-acier-inoxydable-sur-mesure","status":"publish","type":"product","link":"https:\/\/sculptureshome.com\/fr\/product\/custom-size-abstract-dandelion-metal-stainless-steel-sculpture\/","title":{"rendered":"D\u00e9coration d'ext\u00e9rieur europ\u00e9enne Sculpture abstraite de pissenlit en m\u00e9tal et en acier inoxydable de taille personnalis\u00e9e"},"content":{"rendered":"<ul>\n<li><strong>Mat\u00e9riau : <\/strong> m\u00e9tal<\/li>\n<li><strong>Impression : <\/strong> Impression typographique<\/li>\n<li><strong>Type de produit : <\/strong> SCULPTURE<\/li>\n<li><strong>Technique : <\/strong> Casting<\/li>\n<li><strong>Style : <\/strong> Animal, Imitation antique<\/li>\n<li><strong>Nom du produit : <\/strong> pissenlit m\u00e9tal acier inoxydable sculpture<\/li>\n<li><strong>Mat\u00e9riau du produit : <\/strong> Acier inoxydable<\/li>\n<li><strong>Taille : <\/strong> H100-300cm, d'autres dimensions peuvent \u00eatre personnalis\u00e9es.<\/li>\n<li><strong>Technique : <\/strong> Polissage des miroirs<\/li>\n<li><strong>Utilisation : <\/strong> D\u00e9coration int\u00e9rieure<\/li>\n<li><strong>Emballage : <\/strong> Caisses en bois solides<\/li>\n<li><strong>Couleur : <\/strong> Rouge, rose, bleu, or, argent<\/li>\n<li><strong>Service 1 : <\/strong> Service personnalis\u00e9<\/li>\n<li><strong>Service 2 : <\/strong> Assurance commerciale<\/li>\n<li><strong>Service 3 : <\/strong> Livraison de porte \u00e0 porte<\/li>\n<li><strong>M\u00e9thode d'impression : <\/strong> 1 couleur<\/li>\n<li><strong>Type : <\/strong> Acier<\/li>\n<li><strong>Utiliser : <\/strong> d\u00e9coration int\u00e9rieure<\/li>\n<li><strong>Caract\u00e9ristiques r\u00e9gionales : <\/strong> L'Europe<\/li>\n<\/ul>","protected":false},"excerpt":{"rendered":"<p>Material : metal Printing : Letterpress printing Product Type : SCULPTURE Technique : Casting Style : Animal, Antique Imitation Product Name : dandelion metal stainless steel sculpture Product Material : Stainless Steel Size : H100-300cm, other size can be customized Technical : Mirror Polishing Usage : Home Decoration Packing : Strong Wooden Crates Color : [&hellip;]<\/p>\n","protected":false},"featured_media":1794,"comment_status":"open","ping_status":"closed","template":"","meta":[],"product_brand":[],"product_cat":[49,20],"product_tag":[],"class_list":{"0":"post-1793","1":"product","2":"type-product","3":"status-publish","4":"has-post-thumbnail","6":"product_cat-custom-stainless-steel-sculpture-factory","7":"product_cat-art-sculpture","9":"first","10":"outofstock","11":"shipping-taxable","12":"product-type-variable"},"_links":{"self":[{"href":"https:\/\/sculptureshome.com\/fr\/wp-json\/wp\/v2\/product\/1793","targetHints":{"allow":["GET"]}}],"collection":[{"href":"https:\/\/sculptureshome.com\/fr\/wp-json\/wp\/v2\/product"}],"about":[{"href":"https:\/\/sculptureshome.com\/fr\/wp-json\/wp\/v2\/types\/product"}],"replies":[{"embeddable":true,"href":"https:\/\/sculptureshome.com\/fr\/wp-json\/wp\/v2\/comments?post=1793"}],"version-history":[{"count":0,"href":"https:\/\/sculptureshome.com\/fr\/wp-json\/wp\/v2\/product\/1793\/revisions"}],"wp:featuredmedia":[{"embeddable":true,"href":"https:\/\/sculptureshome.com\/fr\/wp-json\/wp\/v2\/media\/1794"}],"wp:attachment":[{"href":"https:\/\/sculptureshome.com\/fr\/wp-json\/wp\/v2\/media?parent=1793"}],"wp:term":[{"taxonomy":"product_brand","embeddable":true,"href":"https:\/\/sculptureshome.com\/fr\/wp-json\/wp\/v2\/product_brand?post=1793"},{"taxonomy":"product_cat","embeddable":true,"href":"https:\/\/sculptureshome.com\/fr\/wp-json\/wp\/v2\/product_cat?post=1793"},{"taxonomy":"product_tag","embeddable":true,"href":"https:\/\/sculptureshome.com\/fr\/wp-json\/wp\/v2\/product_tag?post=1793"}],"curies":[{"name":"wp","href":"https:\/\/api.w.org\/{rel}","templated":true}]}}