{"id":1791,"date":"2025-05-03T06:12:25","date_gmt":"2025-05-03T06:12:25","guid":{"rendered":"https:\/\/sculptureshome.com\/product\/customized-sphere-handcraft-stainless-steel-large-metal-abstract-art-garden-sculpture-statue\/"},"modified":"2025-05-03T06:51:48","modified_gmt":"2025-05-03T06:51:48","slug":"statue-dart-abstrait-en-metal-en-acier-inoxydable-pour-le-jardin","status":"publish","type":"product","link":"https:\/\/sculptureshome.com\/fr\/product\/handcraft-stainless-steel-large-metal-abstract-art-garden-sculpture-statue\/","title":{"rendered":"Sph\u00e8re en acier inoxydable Sculpture de jardin art abstrait personnalis\u00e9e"},"content":{"rendered":"<ul>\n<li><strong>type : <\/strong> Autres am\u00e9nagements paysagers et terrasses<\/li>\n<li><strong>mat\u00e9riau : <\/strong> acier inoxydable<\/li>\n<li><strong>Mat\u00e9riau : <\/strong> Acier Corten<\/li>\n<li><strong>Utilisation : <\/strong> Jardin ext\u00e9rieur<\/li>\n<li><strong>Couleur : <\/strong> Noir<\/li>\n<li><strong>Taille : <\/strong> Taille personnalis\u00e9e<\/li>\n<li><strong>Type : <\/strong> sph\u00e8re de foyer<\/li>\n<li><strong>Fonction : <\/strong> Cadeau de d\u00e9coration de jardin<\/li>\n<li><strong>Paquet : <\/strong> Caisse en bois<\/li>\n<li><strong>Structure : <\/strong> personnalis\u00e9 sur la base d'un dessin<\/li>\n<li><strong>Logo : <\/strong> disponible<\/li>\n<li><strong>\u00e9paisseur : <\/strong> 3mm-5mm<\/li>\n<\/ul>","protected":false},"excerpt":{"rendered":"<p>type : Autres mat\u00e9riaux d'am\u00e9nagement paysager et de terrasse : acier inoxydable Mat\u00e9riau : acier Corten Utilisation : jardin ext\u00e9rieur Couleur : noir Taille : taille personnalis\u00e9e Type : sph\u00e8re de foyer Fonction : d\u00e9coration de jardin Emballage cadeau : caisse en bois Structure : personnalis\u00e9e sur la base du dessin Logo : disponible \u00c9paisseur : 3mm-5mm<\/p>","protected":false},"featured_media":1800,"comment_status":"open","ping_status":"closed","template":"","meta":[],"product_brand":[],"product_cat":[49,25],"product_tag":[],"class_list":{"0":"post-1791","1":"product","2":"type-product","3":"status-publish","4":"has-post-thumbnail","6":"product_cat-custom-stainless-steel-sculpture-factory","7":"product_cat-decorative-sculpture","9":"first","10":"instock","11":"shipping-taxable","12":"product-type-simple"},"_links":{"self":[{"href":"https:\/\/sculptureshome.com\/fr\/wp-json\/wp\/v2\/product\/1791","targetHints":{"allow":["GET"]}}],"collection":[{"href":"https:\/\/sculptureshome.com\/fr\/wp-json\/wp\/v2\/product"}],"about":[{"href":"https:\/\/sculptureshome.com\/fr\/wp-json\/wp\/v2\/types\/product"}],"replies":[{"embeddable":true,"href":"https:\/\/sculptureshome.com\/fr\/wp-json\/wp\/v2\/comments?post=1791"}],"version-history":[{"count":0,"href":"https:\/\/sculptureshome.com\/fr\/wp-json\/wp\/v2\/product\/1791\/revisions"}],"wp:featuredmedia":[{"embeddable":true,"href":"https:\/\/sculptureshome.com\/fr\/wp-json\/wp\/v2\/media\/1800"}],"wp:attachment":[{"href":"https:\/\/sculptureshome.com\/fr\/wp-json\/wp\/v2\/media?parent=1791"}],"wp:term":[{"taxonomy":"product_brand","embeddable":true,"href":"https:\/\/sculptureshome.com\/fr\/wp-json\/wp\/v2\/product_brand?post=1791"},{"taxonomy":"product_cat","embeddable":true,"href":"https:\/\/sculptureshome.com\/fr\/wp-json\/wp\/v2\/product_cat?post=1791"},{"taxonomy":"product_tag","embeddable":true,"href":"https:\/\/sculptureshome.com\/fr\/wp-json\/wp\/v2\/product_tag?post=1791"}],"curies":[{"name":"wp","href":"https:\/\/api.w.org\/{rel}","templated":true}]}}