{"id":1789,"date":"2025-05-03T06:10:32","date_gmt":"2025-05-03T06:10:32","guid":{"rendered":"https:\/\/sculptureshome.com\/product\/custom-large-stainless-steel-sculpture-modern-city-landscape-logo-decoration-garden-stainless-steel-sculpture\/"},"modified":"2025-05-03T07:06:05","modified_gmt":"2025-05-03T07:06:05","slug":"sculpture-sur-mesure-en-acier-inoxydable-paysage-urbain-moderne","status":"publish","type":"product","link":"https:\/\/sculptureshome.com\/fr\/product\/custom-large-stainless-steel-sculpture-modern-city-landscape\/","title":{"rendered":"Sculpture en acier inoxydable de grande taille Sculpture moderne de paysage urbain Sculpture de d\u00e9coration avec logo"},"content":{"rendered":"<ul>\n<li><strong>Mat\u00e9riau : <\/strong> m\u00e9tal, acier inoxydable 304\/316<\/li>\n<li><strong>Impression : <\/strong> Impression num\u00e9rique<\/li>\n<li><strong>Type de produit : <\/strong> mod\u00e8le<\/li>\n<li><strong>Technique : <\/strong> \u00c9mail dur<\/li>\n<li><strong>Style : <\/strong> Art sculpture, Moderne<\/li>\n<li><strong>Num\u00e9ro de mod\u00e8le : <\/strong> ACIER INOXYDABLE<\/li>\n<li><strong>Couleur : <\/strong> Couleur personnalis\u00e9e<\/li>\n<li><strong>Forme : <\/strong> Taille sur mesure<\/li>\n<li><strong>Logo : <\/strong> Logo du client<\/li>\n<li><strong>MOQ : <\/strong> 1 pi\u00e8ce<\/li>\n<li><strong>Conception : <\/strong> Mod\u00e8les du client<\/li>\n<li><strong>Techniques : <\/strong> 100% Sculpt\u00e9 \u00e0 la main<\/li>\n<li><strong>Couleur : <\/strong> Besoins des clients<\/li>\n<li><strong>Utilisation : <\/strong> D\u00e9coration ext\u00e9rieure moderne en m\u00e9tal<\/li>\n<li><strong>Sur mesure : <\/strong> Logo personnalisable<\/li>\n<li><strong>M\u00e9thode d'impression : <\/strong> 1 couleur<\/li>\n<li><strong>Type : <\/strong> Acier inoxydable<\/li>\n<li><strong>Utiliser : <\/strong> Art et objets de collection<\/li>\n<\/ul>","protected":false},"excerpt":{"rendered":"<p>Material : metal, Stainless Steel 304\/316 Printing : Digital printing Product Type : model Technique : Hard Enamel Style : Art sculpture, Modern Model Number : STAINLESS STEEL Color : Custom Color Shape : Custom Made Size Logo : Customer Logo MOQ : 1 Piece Design : Customer&#8217;s Designs Technics : 100% Hand Carved Colour [&hellip;]<\/p>\n","protected":false},"featured_media":1809,"comment_status":"open","ping_status":"closed","template":"","meta":[],"product_brand":[],"product_cat":[26,20,49],"product_tag":[],"class_list":{"0":"post-1789","1":"product","2":"type-product","3":"status-publish","4":"has-post-thumbnail","6":"product_cat-landscape-sculpture","7":"product_cat-art-sculpture","8":"product_cat-custom-stainless-steel-sculpture-factory","10":"first","11":"outofstock","12":"shipping-taxable","13":"product-type-simple"},"_links":{"self":[{"href":"https:\/\/sculptureshome.com\/fr\/wp-json\/wp\/v2\/product\/1789","targetHints":{"allow":["GET"]}}],"collection":[{"href":"https:\/\/sculptureshome.com\/fr\/wp-json\/wp\/v2\/product"}],"about":[{"href":"https:\/\/sculptureshome.com\/fr\/wp-json\/wp\/v2\/types\/product"}],"replies":[{"embeddable":true,"href":"https:\/\/sculptureshome.com\/fr\/wp-json\/wp\/v2\/comments?post=1789"}],"version-history":[{"count":0,"href":"https:\/\/sculptureshome.com\/fr\/wp-json\/wp\/v2\/product\/1789\/revisions"}],"wp:featuredmedia":[{"embeddable":true,"href":"https:\/\/sculptureshome.com\/fr\/wp-json\/wp\/v2\/media\/1809"}],"wp:attachment":[{"href":"https:\/\/sculptureshome.com\/fr\/wp-json\/wp\/v2\/media?parent=1789"}],"wp:term":[{"taxonomy":"product_brand","embeddable":true,"href":"https:\/\/sculptureshome.com\/fr\/wp-json\/wp\/v2\/product_brand?post=1789"},{"taxonomy":"product_cat","embeddable":true,"href":"https:\/\/sculptureshome.com\/fr\/wp-json\/wp\/v2\/product_cat?post=1789"},{"taxonomy":"product_tag","embeddable":true,"href":"https:\/\/sculptureshome.com\/fr\/wp-json\/wp\/v2\/product_tag?post=1789"}],"curies":[{"name":"wp","href":"https:\/\/api.w.org\/{rel}","templated":true}]}}