{"id":1787,"date":"2025-05-03T06:09:54","date_gmt":"2025-05-03T06:09:54","guid":{"rendered":"https:\/\/sculptureshome.com\/product\/vincentaa-large-modern-mirror-polished-circle-sculpture-garden-decoration-stainless-steel-sculpture\/"},"modified":"2025-05-03T07:12:37","modified_gmt":"2025-05-03T07:12:37","slug":"grand-miroir-moderne-sculpture-circulaire-polie","status":"publish","type":"product","link":"https:\/\/sculptureshome.com\/fr\/product\/large-modern-mirror-polished-circle-sculpture\/","title":{"rendered":"Grande sculpture moderne en acier inoxydable \u00e0 cercle poli par miroir"},"content":{"rendered":"<ul>\n<li><strong>Mat\u00e9riau : <\/strong> Acier inoxydable, acier inoxydable<\/li>\n<li><strong>Forme : <\/strong> Sur mesure<\/li>\n<li><strong>Placage : <\/strong> Peinture<\/li>\n<li><strong>Impression : <\/strong> Impression typographique<\/li>\n<li><strong>Type de produit : <\/strong> SCULPTURE<\/li>\n<li><strong>Technique : <\/strong> Peintures<\/li>\n<li><strong>Style : <\/strong> Patriotisme<\/li>\n<li><strong>Application : <\/strong> Ext\u00e9rieur<\/li>\n<li><strong>Num\u00e9ro de mod\u00e8le : <\/strong> GAD-03<\/li>\n<li><strong>Nom du produit : <\/strong> sculpture ext\u00e9rieure en acier inoxydable<\/li>\n<li><strong>Taille : <\/strong> D250CM, D300CM<\/li>\n<li><strong>Couleur : <\/strong> argent<\/li>\n<li><strong>Poids : <\/strong> 500 kg<\/li>\n<li><strong>MOQ : <\/strong> 1 pi\u00e8ce<\/li>\n<li><strong>Service 3 : <\/strong> P\u00e9riode de garantie de 30 ans<\/li>\n<li><strong>Service 1 : <\/strong> Le service de l'\u00e9quipe de designers \u00e0 vos c\u00f4t\u00e9s<\/li>\n<li><strong>Service 2 : <\/strong> Service de livraison de porte \u00e0 porte<\/li>\n<\/ul>","protected":false},"excerpt":{"rendered":"<p>Material : Stainless Steel, stainless steel Shape : Customized Plating : Painting Printing : Letterpress printing Product Type : SCULPTURE Technique : Painted Style : Patriotism Application : Outdoor Model Number : GAD-03 Product Name : sculpture outdoor stainless steel Size : D250CM, D300CM Color : silver Weight : 500kg MOQ : 1 Piece Service [&hellip;]<\/p>\n","protected":false},"featured_media":1823,"comment_status":"open","ping_status":"closed","template":"","meta":[],"product_brand":[],"product_cat":[26,49],"product_tag":[],"class_list":{"0":"post-1787","1":"product","2":"type-product","3":"status-publish","4":"has-post-thumbnail","6":"product_cat-landscape-sculpture","7":"product_cat-custom-stainless-steel-sculpture-factory","9":"first","10":"instock","11":"shipping-taxable","12":"product-type-simple"},"_links":{"self":[{"href":"https:\/\/sculptureshome.com\/fr\/wp-json\/wp\/v2\/product\/1787","targetHints":{"allow":["GET"]}}],"collection":[{"href":"https:\/\/sculptureshome.com\/fr\/wp-json\/wp\/v2\/product"}],"about":[{"href":"https:\/\/sculptureshome.com\/fr\/wp-json\/wp\/v2\/types\/product"}],"replies":[{"embeddable":true,"href":"https:\/\/sculptureshome.com\/fr\/wp-json\/wp\/v2\/comments?post=1787"}],"version-history":[{"count":0,"href":"https:\/\/sculptureshome.com\/fr\/wp-json\/wp\/v2\/product\/1787\/revisions"}],"wp:featuredmedia":[{"embeddable":true,"href":"https:\/\/sculptureshome.com\/fr\/wp-json\/wp\/v2\/media\/1823"}],"wp:attachment":[{"href":"https:\/\/sculptureshome.com\/fr\/wp-json\/wp\/v2\/media?parent=1787"}],"wp:term":[{"taxonomy":"product_brand","embeddable":true,"href":"https:\/\/sculptureshome.com\/fr\/wp-json\/wp\/v2\/product_brand?post=1787"},{"taxonomy":"product_cat","embeddable":true,"href":"https:\/\/sculptureshome.com\/fr\/wp-json\/wp\/v2\/product_cat?post=1787"},{"taxonomy":"product_tag","embeddable":true,"href":"https:\/\/sculptureshome.com\/fr\/wp-json\/wp\/v2\/product_tag?post=1787"}],"curies":[{"name":"wp","href":"https:\/\/api.w.org\/{rel}","templated":true}]}}