{"id":1785,"date":"2025-05-03T06:09:28","date_gmt":"2025-05-03T06:09:28","guid":{"rendered":"https:\/\/sculptureshome.com\/product\/polished-metal-art-statue-stainless-steel-wings-sculpture-for-sale-2\/"},"modified":"2025-05-03T07:19:15","modified_gmt":"2025-05-03T07:19:15","slug":"statue-dart-en-metal-poli-sculpture-dailes-en-acier-inoxydable","status":"publish","type":"product","link":"https:\/\/sculptureshome.com\/fr\/product\/polished-metal-art-statue-stainless-steel-wings-sculpture\/","title":{"rendered":"Statue d'art en m\u00e9tal poli Sculpture d'ailes en acier inoxydable"},"content":{"rendered":"<ul>\n<li><strong>Mat\u00e9riau : <\/strong> m\u00e9tal<\/li>\n<li><strong>Type de produit : <\/strong> SCULPTURE<\/li>\n<li><strong>Technique : <\/strong> Poli<\/li>\n<li><strong>Style : <\/strong> L'art<\/li>\n<li><strong>Taille : <\/strong> Selon personnalis\u00e9 pour d\u00e9cider<\/li>\n<li><strong>Forme : <\/strong> Ailes<\/li>\n<li><strong>Transport : <\/strong> Par mer<\/li>\n<li><strong>Qualit\u00e9 : <\/strong> Excellent<\/li>\n<li><strong>Assurance : <\/strong> Couvrir tous les risques<\/li>\n<li><strong>Type d'approvisionnement : <\/strong> OEM\/ODM<\/li>\n<li><strong>Exemple : <\/strong> Selon le prix du produit \u00e0 fournir<\/li>\n<li><strong>Emballage : <\/strong> Caisse en bois avec softform \u00e0 l'int\u00e9rieur<\/li>\n<li><strong>Conception : <\/strong> Mod\u00e8les personnalis\u00e9s accept\u00e9s<\/li>\n<li><strong>Logo : <\/strong> Logo personnalis\u00e9 acceptable<\/li>\n<li><strong>Type : <\/strong> sculpture en acier inoxydable<\/li>\n<li><strong>Caract\u00e9ristiques r\u00e9gionales : <\/strong> Occidentale<\/li>\n<li><strong>Utiliser : <\/strong> D\u00e9coration<\/li>\n<\/ul>","protected":false},"excerpt":{"rendered":"<p>Material : metal Product Type : SCULPTURE Technique : Polished Style : Art Size : According to customized to decide Shape : Wings Transport : By sea Quality : Excellent Insurance : Cover all risks Supply type : OEM\/ODM Sample : According to product price to supply Packing : Wooden crate with softform inside Design [&hellip;]<\/p>\n","protected":false},"featured_media":1829,"comment_status":"open","ping_status":"closed","template":"","meta":[],"product_brand":[],"product_cat":[20,49],"product_tag":[],"class_list":{"0":"post-1785","1":"product","2":"type-product","3":"status-publish","4":"has-post-thumbnail","6":"product_cat-art-sculpture","7":"product_cat-custom-stainless-steel-sculpture-factory","9":"first","10":"outofstock","11":"shipping-taxable","12":"product-type-simple"},"_links":{"self":[{"href":"https:\/\/sculptureshome.com\/fr\/wp-json\/wp\/v2\/product\/1785","targetHints":{"allow":["GET"]}}],"collection":[{"href":"https:\/\/sculptureshome.com\/fr\/wp-json\/wp\/v2\/product"}],"about":[{"href":"https:\/\/sculptureshome.com\/fr\/wp-json\/wp\/v2\/types\/product"}],"replies":[{"embeddable":true,"href":"https:\/\/sculptureshome.com\/fr\/wp-json\/wp\/v2\/comments?post=1785"}],"version-history":[{"count":0,"href":"https:\/\/sculptureshome.com\/fr\/wp-json\/wp\/v2\/product\/1785\/revisions"}],"wp:featuredmedia":[{"embeddable":true,"href":"https:\/\/sculptureshome.com\/fr\/wp-json\/wp\/v2\/media\/1829"}],"wp:attachment":[{"href":"https:\/\/sculptureshome.com\/fr\/wp-json\/wp\/v2\/media?parent=1785"}],"wp:term":[{"taxonomy":"product_brand","embeddable":true,"href":"https:\/\/sculptureshome.com\/fr\/wp-json\/wp\/v2\/product_brand?post=1785"},{"taxonomy":"product_cat","embeddable":true,"href":"https:\/\/sculptureshome.com\/fr\/wp-json\/wp\/v2\/product_cat?post=1785"},{"taxonomy":"product_tag","embeddable":true,"href":"https:\/\/sculptureshome.com\/fr\/wp-json\/wp\/v2\/product_tag?post=1785"}],"curies":[{"name":"wp","href":"https:\/\/api.w.org\/{rel}","templated":true}]}}