{"id":1759,"date":"2025-05-03T06:08:08","date_gmt":"2025-05-03T06:08:08","guid":{"rendered":"https:\/\/sculptureshome.com\/product\/outdoor-large-mirror-mushroom-metal-statue-stainless-steel-giant-mushroom-sculpture-for-garden-decor\/"},"modified":"2025-05-03T07:31:51","modified_gmt":"2025-05-03T07:31:51","slug":"statue-de-champignon-en-metal-en-acier-inoxydable-sculpture-de-champignon-geante-pour-decoration-de-jardin","status":"publish","type":"product","link":"https:\/\/sculptureshome.com\/fr\/product\/outdoor-large-mirror-mushroom-metal-statue-stainless-steel-giant-mushroom-sculpture-for-garden-decor\/","title":{"rendered":"Statue d'ext\u00e9rieur en m\u00e9tal inoxydable avec grand champignon miroir"},"content":{"rendered":"<ul>\n<li><strong>Mat\u00e9riau : <\/strong> Acier inoxydable, statue d'aciers m\u00e9talliques r\u00e9sistants aux intemp\u00e9ries<\/li>\n<li><strong>Forme : <\/strong> 3D<\/li>\n<li><strong>Placage : <\/strong> autres<\/li>\n<li><strong>Impression : <\/strong> Statue d'aciers r\u00e9sistant aux intemp\u00e9ries, Sculpture 3D d'aciers r\u00e9sistant aux intemp\u00e9ries<\/li>\n<li><strong>Type de produit : <\/strong> SCULPTURE, art ext\u00e9rieur et int\u00e9rieur<\/li>\n<li><strong>Technique : <\/strong> acier inoxydable<\/li>\n<li><strong>Style : <\/strong> statue sur les aciers r\u00e9sistant aux intemp\u00e9ries<\/li>\n<li><strong>Application : <\/strong> Autres, Art et objets de collection<\/li>\n<li><strong>Num\u00e9ro de mod\u00e8le : <\/strong> Bonbons-442<\/li>\n<li><strong>M\u00e9thode d'impression : <\/strong> Peinture \u00e9cologique<\/li>\n<li><strong>Taille : <\/strong> Taille r\u00e9elle ou personnalisation<\/li>\n<li><strong>Logo : <\/strong> Personnalisation accept\u00e9e<\/li>\n<li><strong>Conception : <\/strong> Personnalis\u00e9 2D \/ 3D<\/li>\n<li><strong>\u00c9poque de fabrication : <\/strong> 15-35 jours ouvrables<\/li>\n<li><strong>type d'\u00e9mail : <\/strong> autres<\/li>\n<\/ul>","protected":false},"excerpt":{"rendered":"<p>Material : Stainless Steel, Metal weathering steels statue Shape : 3D Plating : other Printing : weathering steels statue, weathering steels 3D Sculpture Product Type : SCULPTURE, Outsdoor and inside art Technique : stainless steel Style : weathering steels statue Application : Other, Art &amp; Collectible Model Number : Candy-442 Print Method : ECO-friendly paint [&hellip;]<\/p>\n","protected":false},"featured_media":1766,"comment_status":"open","ping_status":"closed","template":"","meta":[],"product_brand":[],"product_cat":[49],"product_tag":[],"class_list":{"0":"post-1759","1":"product","2":"type-product","3":"status-publish","4":"has-post-thumbnail","6":"product_cat-custom-stainless-steel-sculpture-factory","8":"first","9":"instock","10":"shipping-taxable","11":"product-type-simple"},"_links":{"self":[{"href":"https:\/\/sculptureshome.com\/fr\/wp-json\/wp\/v2\/product\/1759","targetHints":{"allow":["GET"]}}],"collection":[{"href":"https:\/\/sculptureshome.com\/fr\/wp-json\/wp\/v2\/product"}],"about":[{"href":"https:\/\/sculptureshome.com\/fr\/wp-json\/wp\/v2\/types\/product"}],"replies":[{"embeddable":true,"href":"https:\/\/sculptureshome.com\/fr\/wp-json\/wp\/v2\/comments?post=1759"}],"version-history":[{"count":0,"href":"https:\/\/sculptureshome.com\/fr\/wp-json\/wp\/v2\/product\/1759\/revisions"}],"wp:featuredmedia":[{"embeddable":true,"href":"https:\/\/sculptureshome.com\/fr\/wp-json\/wp\/v2\/media\/1766"}],"wp:attachment":[{"href":"https:\/\/sculptureshome.com\/fr\/wp-json\/wp\/v2\/media?parent=1759"}],"wp:term":[{"taxonomy":"product_brand","embeddable":true,"href":"https:\/\/sculptureshome.com\/fr\/wp-json\/wp\/v2\/product_brand?post=1759"},{"taxonomy":"product_cat","embeddable":true,"href":"https:\/\/sculptureshome.com\/fr\/wp-json\/wp\/v2\/product_cat?post=1759"},{"taxonomy":"product_tag","embeddable":true,"href":"https:\/\/sculptureshome.com\/fr\/wp-json\/wp\/v2\/product_tag?post=1759"}],"curies":[{"name":"wp","href":"https:\/\/api.w.org\/{rel}","templated":true}]}}