{"id":1751,"date":"2025-05-03T05:54:23","date_gmt":"2025-05-03T05:54:23","guid":{"rendered":"https:\/\/sculptureshome.com\/product\/custom-backlit-signs-stainless-steel-business-shop-3d-letter-signage-led-sign-board-logo-outdoor-store-front-led-channel-sign\/"},"modified":"2025-05-03T07:44:03","modified_gmt":"2025-05-03T07:44:03","slug":"enseignes-retro-eclairees-personnalisees-en-acier-inoxydable-enseignes-de-magasin-en-lettres-3d","status":"publish","type":"product","link":"https:\/\/sculptureshome.com\/fr\/product\/custom-backlit-signs-stainless-steel-business-shop-3d-letter-signage\/","title":{"rendered":"Enseignes r\u00e9tro-\u00e9clair\u00e9es personnalis\u00e9es en acier inoxydable Enseigne de magasin en 3D Enseigne de panneau \u00e0 leds Logo"},"content":{"rendered":"<ul>\n<li><strong>type : <\/strong> enseignes lumineuses \u00e0 leds<\/li>\n<li><strong>Num\u00e9ro de mod\u00e8le : <\/strong> Panneau \u00e9lectronique en m\u00e9tal<\/li>\n<li><strong>source lumineuse : <\/strong> Bandes LED, Modules LED, Ampoules LED, N\u00e9on LED, Tube LED, Lampe, N\u00e9on lumineux<\/li>\n<li><strong>source d'alimentation : <\/strong> Fiche, Adaptateur, DC, AC, Transformateur<\/li>\n<li><strong>tension d'entr\u00e9e : <\/strong> 110<\/li>\n<li><strong>temp\u00e9rature de travail : <\/strong> 20<\/li>\n<li><strong>dur\u00e9e de vie : <\/strong> 50000<\/li>\n<li><strong>Garantie : <\/strong> 2 ans<\/li>\n<li><strong>Mode d'installation : <\/strong> Montage mural<\/li>\n<li><strong>utilisation : <\/strong> Ext\u00e9rieur, d\u00e9coration, publicit\u00e9, direction, int\u00e9rieur, avertissement et rappel, \u00e9clairage<\/li>\n<li><strong>lieux de d\u00e9p\u00f4t des candidatures : <\/strong> B\u00e2timents, magasins, mariages, \u00e9coles, bars, gares routi\u00e8res, h\u00f4pitaux, centres commerciaux, entreprises, parcs, maisons, bureaux, h\u00f4tels, \u00e9v\u00e9nements et f\u00eates.<\/li>\n<li><strong>Fonction d'affichage : <\/strong> r\u00e9tro\u00e9clair\u00e9, personnalis\u00e9<\/li>\n<li><strong>Forme : <\/strong> 3D, Personnalis\u00e9, Rectangle, ROND, NUM\u00c9RO, d\u00e9coup\u00e9 en forme, 26 Lettres, d\u00e9coup\u00e9 en lettre, symbole, d\u00e9coup\u00e9 en carr\u00e9, Forme personnalis\u00e9e<\/li>\n<li><strong>Nom du produit : <\/strong> Lettres r\u00e9tro\u00e9clair\u00e9es par canal<\/li>\n<li><strong>Mat\u00e9riau : <\/strong> Acier inoxydable<\/li>\n<li><strong>Installation : <\/strong> Vis Boulons Fixation<\/li>\n<li><strong>Conception : <\/strong> Mod\u00e8les sur mesure<\/li>\n<li><strong>Taille : <\/strong> Taille personnalis\u00e9e<\/li>\n<li><strong>Certificat : <\/strong> CE RoHs<\/li>\n<li><strong>Couleur claire : <\/strong> Couleur personnalis\u00e9e<\/li>\n<li><strong>Emballage : <\/strong> Paquet personnalis\u00e9<\/li>\n<\/ul>","protected":false},"excerpt":{"rendered":"<p>type : led Illuminated signs model number : Metal electronic sign light source : LED Strips, LED Modules, LED Bulbs, LED Neon, LED Tube, Lamp, Neon Light power source : Plug, Adaptor, DC, AC, Transformer input voltage : 110 working temperature : 20 working lifetime : 50000 Warranty : 2 Years Installation Way : Wall-mounted [&hellip;]<\/p>\n","protected":false},"featured_media":1750,"comment_status":"open","ping_status":"closed","template":"","meta":[],"product_brand":[],"product_cat":[25,49],"product_tag":[],"class_list":{"0":"post-1751","1":"product","2":"type-product","3":"status-publish","4":"has-post-thumbnail","6":"product_cat-decorative-sculpture","7":"product_cat-custom-stainless-steel-sculpture-factory","9":"first","10":"instock","11":"shipping-taxable","12":"product-type-simple"},"_links":{"self":[{"href":"https:\/\/sculptureshome.com\/fr\/wp-json\/wp\/v2\/product\/1751","targetHints":{"allow":["GET"]}}],"collection":[{"href":"https:\/\/sculptureshome.com\/fr\/wp-json\/wp\/v2\/product"}],"about":[{"href":"https:\/\/sculptureshome.com\/fr\/wp-json\/wp\/v2\/types\/product"}],"replies":[{"embeddable":true,"href":"https:\/\/sculptureshome.com\/fr\/wp-json\/wp\/v2\/comments?post=1751"}],"version-history":[{"count":0,"href":"https:\/\/sculptureshome.com\/fr\/wp-json\/wp\/v2\/product\/1751\/revisions"}],"wp:featuredmedia":[{"embeddable":true,"href":"https:\/\/sculptureshome.com\/fr\/wp-json\/wp\/v2\/media\/1750"}],"wp:attachment":[{"href":"https:\/\/sculptureshome.com\/fr\/wp-json\/wp\/v2\/media?parent=1751"}],"wp:term":[{"taxonomy":"product_brand","embeddable":true,"href":"https:\/\/sculptureshome.com\/fr\/wp-json\/wp\/v2\/product_brand?post=1751"},{"taxonomy":"product_cat","embeddable":true,"href":"https:\/\/sculptureshome.com\/fr\/wp-json\/wp\/v2\/product_cat?post=1751"},{"taxonomy":"product_tag","embeddable":true,"href":"https:\/\/sculptureshome.com\/fr\/wp-json\/wp\/v2\/product_tag?post=1751"}],"curies":[{"name":"wp","href":"https:\/\/api.w.org\/{rel}","templated":true}]}}