{"id":1747,"date":"2025-05-03T05:53:53","date_gmt":"2025-05-03T05:53:53","guid":{"rendered":"https:\/\/sculptureshome.com\/product\/modern-abstract-figure-metal-sculpture-ornament-for-home-decor-black-and-gold-living-room-study-decorations\/"},"modified":"2025-05-03T07:49:26","modified_gmt":"2025-05-03T07:49:26","slug":"figure-abstraite-moderne-sculpture-en-metal","status":"publish","type":"product","link":"https:\/\/sculptureshome.com\/fr\/product\/modern-abstract-figure-metal-sculpture\/","title":{"rendered":"Figure abstraite moderne Sculpture en m\u00e9tal Ornement pour la d\u00e9coration d'int\u00e9rieur"},"content":{"rendered":"<ul>\n<li><strong>lieu d'origine : <\/strong> Guangdong, Chine<\/li>\n<li><strong>Num\u00e9ro de mod\u00e8le : <\/strong> M1003611\/M1003612<\/li>\n<li><strong>mat\u00e9riau : <\/strong> Acier inoxydable<\/li>\n<li><strong>forme : <\/strong> Humain<\/li>\n<li><strong>mod\u00e8le : <\/strong> Portrait<\/li>\n<li><strong>occasion : <\/strong> universel<\/li>\n<li><strong>techniques : <\/strong> Artisanat m\u00e9tallique<\/li>\n<li><strong>style de conception : <\/strong> Moderne<\/li>\n<li><strong>Couleur : <\/strong> Noir, or<\/li>\n<li><strong>Mat\u00e9riau : <\/strong> Acier inoxydable<\/li>\n<li><strong>Conception : <\/strong> Moderne et \u00e9l\u00e9gant<\/li>\n<li><strong>OEM &amp; ODM : <\/strong> Service de personnalisation fourni<\/li>\n<li><strong>Type : <\/strong> D\u00e9coration Beautify<\/li>\n<li><strong>Caract\u00e9ristiques : <\/strong> D\u00e9corations int\u00e9rieures modernes<\/li>\n<li><strong>Fonction : <\/strong> D\u00e9corsion \u00e0 domicile<\/li>\n<li><strong>Style : <\/strong> Art moderne<\/li>\n<li><strong>Application : <\/strong> Accueil D\u00e9coration d'h\u00f4tel<\/li>\n<\/ul>","protected":false},"excerpt":{"rendered":"<p>place of origin : Guangdong, China model number : M1003611\/M1003612 material : Stainless steel shape : Human pattern : Portrait occasion : universal technics : Metal Handicraft design style : Modern Color : Black, Gold Material : Stainless steel Design : Modern Stylish OEM &amp; ODM : Customization Service Provided Type : Decoration Beautify Feature [&hellip;]<\/p>\n","protected":false},"featured_media":1860,"comment_status":"open","ping_status":"closed","template":"","meta":[],"product_brand":[],"product_cat":[25,49],"product_tag":[],"class_list":{"0":"post-1747","1":"product","2":"type-product","3":"status-publish","4":"has-post-thumbnail","6":"product_cat-decorative-sculpture","7":"product_cat-custom-stainless-steel-sculpture-factory","9":"first","10":"instock","11":"shipping-taxable","12":"product-type-simple"},"_links":{"self":[{"href":"https:\/\/sculptureshome.com\/fr\/wp-json\/wp\/v2\/product\/1747","targetHints":{"allow":["GET"]}}],"collection":[{"href":"https:\/\/sculptureshome.com\/fr\/wp-json\/wp\/v2\/product"}],"about":[{"href":"https:\/\/sculptureshome.com\/fr\/wp-json\/wp\/v2\/types\/product"}],"replies":[{"embeddable":true,"href":"https:\/\/sculptureshome.com\/fr\/wp-json\/wp\/v2\/comments?post=1747"}],"version-history":[{"count":0,"href":"https:\/\/sculptureshome.com\/fr\/wp-json\/wp\/v2\/product\/1747\/revisions"}],"wp:featuredmedia":[{"embeddable":true,"href":"https:\/\/sculptureshome.com\/fr\/wp-json\/wp\/v2\/media\/1860"}],"wp:attachment":[{"href":"https:\/\/sculptureshome.com\/fr\/wp-json\/wp\/v2\/media?parent=1747"}],"wp:term":[{"taxonomy":"product_brand","embeddable":true,"href":"https:\/\/sculptureshome.com\/fr\/wp-json\/wp\/v2\/product_brand?post=1747"},{"taxonomy":"product_cat","embeddable":true,"href":"https:\/\/sculptureshome.com\/fr\/wp-json\/wp\/v2\/product_cat?post=1747"},{"taxonomy":"product_tag","embeddable":true,"href":"https:\/\/sculptureshome.com\/fr\/wp-json\/wp\/v2\/product_tag?post=1747"}],"curies":[{"name":"wp","href":"https:\/\/api.w.org\/{rel}","templated":true}]}}