{"id":1742,"date":"2025-05-03T05:53:22","date_gmt":"2025-05-03T05:53:22","guid":{"rendered":"https:\/\/sculptureshome.com\/product\/modern-art-crafts-stainless-steel-sculpture-ornaments-office-hotel-home-desktop-abstract-space-astronaut-decorations-gift-box\/"},"modified":"2025-05-03T07:51:19","modified_gmt":"2025-05-03T07:51:19","slug":"art-moderne-artisanat-sculpture-en-acier-inoxydable","status":"publish","type":"product","link":"https:\/\/sculptureshome.com\/fr\/product\/modern-art-crafts-stainless-steel-sculpture\/","title":{"rendered":"Modern Art Crafts Stainless Steel Sculpture"},"content":{"rendered":"<ul>\n<li><strong>Mat\u00e9riau : <\/strong> m\u00e9tal, acier inoxydable<\/li>\n<li><strong>Forme : <\/strong> Irr\u00e9gulier<\/li>\n<li><strong>Placage : <\/strong> Placage \u00e9lectrolytique<\/li>\n<li><strong>Impression : <\/strong> autres<\/li>\n<li><strong>Type de produit : <\/strong> Figurine<\/li>\n<li><strong>Technique : <\/strong> Soudage<\/li>\n<li><strong>Style : <\/strong> Croix<\/li>\n<li><strong>Application : <\/strong> Art et objets de collection, D\u00e9coration et cadeau de mariage, D\u00e9coration et cadeau de vacances, Souvenir, D\u00e9coration de la maison, Cadeau d'affaires<\/li>\n<li><strong>Num\u00e9ro de mod\u00e8le : <\/strong> D\u00e9corations de la s\u00e9rie Astronaut<\/li>\n<li><strong>Nom du produit : <\/strong> Home Assesories D\u00e9coratif<\/li>\n<li><strong>Taille : <\/strong> Taille personnalis\u00e9e accept\u00e9e<\/li>\n<li><strong>Paquet : <\/strong> Emballage de la bo\u00eete cadeau<\/li>\n<\/ul>","protected":false},"excerpt":{"rendered":"<p>Material : metal, Stainless Steel Shape : Irregular Plating : Electroplating Printing : other Product Type : Figurine Technique : Welding Style : Cross Application : Art &amp; Collectible, Wedding Decoration &amp; Gift, Holiday Decoration &amp; Gift, Souvenir, home decoration, Business Gift Model Number : Astronaut series decorations Product name : Home Assesories Decorative Size [&hellip;]<\/p>\n","protected":false},"featured_media":1741,"comment_status":"open","ping_status":"closed","template":"","meta":[],"product_brand":[],"product_cat":[25,49],"product_tag":[],"class_list":{"0":"post-1742","1":"product","2":"type-product","3":"status-publish","4":"has-post-thumbnail","6":"product_cat-decorative-sculpture","7":"product_cat-custom-stainless-steel-sculpture-factory","9":"first","10":"instock","11":"shipping-taxable","12":"product-type-simple"},"_links":{"self":[{"href":"https:\/\/sculptureshome.com\/fr\/wp-json\/wp\/v2\/product\/1742","targetHints":{"allow":["GET"]}}],"collection":[{"href":"https:\/\/sculptureshome.com\/fr\/wp-json\/wp\/v2\/product"}],"about":[{"href":"https:\/\/sculptureshome.com\/fr\/wp-json\/wp\/v2\/types\/product"}],"replies":[{"embeddable":true,"href":"https:\/\/sculptureshome.com\/fr\/wp-json\/wp\/v2\/comments?post=1742"}],"version-history":[{"count":0,"href":"https:\/\/sculptureshome.com\/fr\/wp-json\/wp\/v2\/product\/1742\/revisions"}],"wp:featuredmedia":[{"embeddable":true,"href":"https:\/\/sculptureshome.com\/fr\/wp-json\/wp\/v2\/media\/1741"}],"wp:attachment":[{"href":"https:\/\/sculptureshome.com\/fr\/wp-json\/wp\/v2\/media?parent=1742"}],"wp:term":[{"taxonomy":"product_brand","embeddable":true,"href":"https:\/\/sculptureshome.com\/fr\/wp-json\/wp\/v2\/product_brand?post=1742"},{"taxonomy":"product_cat","embeddable":true,"href":"https:\/\/sculptureshome.com\/fr\/wp-json\/wp\/v2\/product_cat?post=1742"},{"taxonomy":"product_tag","embeddable":true,"href":"https:\/\/sculptureshome.com\/fr\/wp-json\/wp\/v2\/product_tag?post=1742"}],"curies":[{"name":"wp","href":"https:\/\/api.w.org\/{rel}","templated":true}]}}