{"id":1723,"date":"2025-05-03T05:46:52","date_gmt":"2025-05-03T05:46:52","guid":{"rendered":"https:\/\/sculptureshome.com\/product\/custom-outdoor-large-metal-abstract-hollow-art-led-stainless-steel-statue-sculpture-for-sale\/"},"modified":"2025-05-03T07:52:45","modified_gmt":"2025-05-03T07:52:45","slug":"statue-en-acier-inoxydable-personnalisee-pour-lexterieur-art-creux-abstrait-en-metal","status":"publish","type":"product","link":"https:\/\/sculptureshome.com\/fr\/product\/custom-outdoor-large-metal-abstract-hollow-art-led-stainless-steel-statue\/","title":{"rendered":"Statue en acier inoxydable personnalis\u00e9e pour l'ext\u00e9rieur, grande statue en m\u00e9tal, art abstrait creux avec LED"},"content":{"rendered":"<ul>\n<li><strong>Mat\u00e9riau : <\/strong> Acier inoxydable, acier inoxydable<\/li>\n<li><strong>Forme : <\/strong> Sur mesure<\/li>\n<li><strong>Placage : <\/strong> autres<\/li>\n<li><strong>Impression : <\/strong> Autres<\/li>\n<li><strong>Type de produit : <\/strong> SCULPTURE<\/li>\n<li><strong>Technique : <\/strong> Casting<\/li>\n<li><strong>Style : <\/strong> Autre, Am\u00e9ricain<\/li>\n<li><strong>Application : <\/strong> D\u00e9coration et cadeau de vacances, PRI\u00c8RE, Souvenir, Publicit\u00e9, Art et collection, D\u00e9coration et cadeau de mariage, Cadeau d'affaires, D\u00e9coration de la maison, Autre<\/li>\n<li><strong>Lieu d'origine : <\/strong> Hebei<\/li>\n<li><strong>Nom de marque : <\/strong> BF<\/li>\n<li><strong>Num\u00e9ro de mod\u00e8le : <\/strong> BF25021201<\/li>\n<li><strong>Taille : <\/strong> Taille personnalis\u00e9e<\/li>\n<li><strong>Couleur : <\/strong> Couleur personnalis\u00e9e<\/li>\n<li><strong>Utilisation : <\/strong> D\u00e9coration ext\u00e9rieure<\/li>\n<li><strong>Emballage : <\/strong> Etag\u00e8res en bois et mousse<\/li>\n<li><strong>MOQ : <\/strong> 1 pi\u00e8ce<\/li>\n<li><strong>Qualit\u00e9 : <\/strong> Haut niveau<\/li>\n<li><strong>Service : <\/strong> 24 heures R\u00e9ponse<\/li>\n<li><strong>Logo : <\/strong> Logo personnalis\u00e9<\/li>\n<\/ul>","protected":false},"excerpt":{"rendered":"<p>Material : Stainless Steel, Stainless Steel Shape : Customized Plating : other Printing : Other Product Type : SCULPTURE Technique : Casting Style : Other, American Application : Holiday Decoration &amp; Gift, PRAYER, Souvenir, Advertising, Art &amp; Collectible, Wedding Decoration &amp; Gift, Business Gift, home decoration, Other Place of Origin : Hebei Brand Name : [&hellip;]<\/p>\n","protected":false},"featured_media":1722,"comment_status":"open","ping_status":"closed","template":"","meta":[],"product_brand":[],"product_cat":[25],"product_tag":[],"class_list":{"0":"post-1723","1":"product","2":"type-product","3":"status-publish","4":"has-post-thumbnail","6":"product_cat-decorative-sculpture","8":"first","9":"instock","10":"shipping-taxable","11":"product-type-simple"},"_links":{"self":[{"href":"https:\/\/sculptureshome.com\/fr\/wp-json\/wp\/v2\/product\/1723","targetHints":{"allow":["GET"]}}],"collection":[{"href":"https:\/\/sculptureshome.com\/fr\/wp-json\/wp\/v2\/product"}],"about":[{"href":"https:\/\/sculptureshome.com\/fr\/wp-json\/wp\/v2\/types\/product"}],"replies":[{"embeddable":true,"href":"https:\/\/sculptureshome.com\/fr\/wp-json\/wp\/v2\/comments?post=1723"}],"version-history":[{"count":0,"href":"https:\/\/sculptureshome.com\/fr\/wp-json\/wp\/v2\/product\/1723\/revisions"}],"wp:featuredmedia":[{"embeddable":true,"href":"https:\/\/sculptureshome.com\/fr\/wp-json\/wp\/v2\/media\/1722"}],"wp:attachment":[{"href":"https:\/\/sculptureshome.com\/fr\/wp-json\/wp\/v2\/media?parent=1723"}],"wp:term":[{"taxonomy":"product_brand","embeddable":true,"href":"https:\/\/sculptureshome.com\/fr\/wp-json\/wp\/v2\/product_brand?post=1723"},{"taxonomy":"product_cat","embeddable":true,"href":"https:\/\/sculptureshome.com\/fr\/wp-json\/wp\/v2\/product_cat?post=1723"},{"taxonomy":"product_tag","embeddable":true,"href":"https:\/\/sculptureshome.com\/fr\/wp-json\/wp\/v2\/product_tag?post=1723"}],"curies":[{"name":"wp","href":"https:\/\/api.w.org\/{rel}","templated":true}]}}