{"id":167,"date":"2024-01-15T08:40:05","date_gmt":"2024-01-15T08:40:05","guid":{"rendered":"https:\/\/sculptureshome.com\/?post_type=product&#038;p=167"},"modified":"2024-02-10T06:27:53","modified_gmt":"2024-02-10T06:27:53","slug":"sculpture-dailes-en-bronze-dore-personnalisee-pour-lexterieur","status":"publish","type":"product","link":"https:\/\/sculptureshome.com\/fr\/product\/customized-outdoor-style-gold-bronze-wings-sculpture\/","title":{"rendered":"Sculpture d'ailes en bronze dor\u00e9 personnalis\u00e9e pour l'ext\u00e9rieur"},"content":{"rendered":"<div class=\"attribute-list\">\n<div class=\"attribute-item\">\n<div class=\"left\">Type : Bronze<\/div>\n<\/div>\n<div class=\"attribute-item\">\n<div class=\"right\"><\/div>\n<\/div>\n<\/div>\n<h4>Autres caract\u00e9ristiques<\/h4>\n<div class=\"attribute-list\">\n<div class=\"attribute-item\">\n<div class=\"left\">Lieu d'origine : Guangdong, Chine<\/div>\n<\/div>\n<div class=\"attribute-item\">\n<div class=\"left\">Mat\u00e9riau : M\u00e9tal<\/div>\n<div>Impression : autre<\/div>\n<div class=\"right\">M\u00e9thode d'impression : autre<\/div>\n<div>Technique : Coul\u00e9e<\/div>\n<\/div>\n<div class=\"attribute-item\">\n<div class=\"left\">Style : Naturel<\/div>\n<div class=\"right\">Utilisation : D\u00e9coration int\u00e9rieure<\/div>\n<div>Th\u00e8me : Art<\/div>\n<\/div>\n<div class=\"attribute-item\">\n<div class=\"left\">Caract\u00e9ristiques r\u00e9gionales : Europe<\/div>\n<\/div>\n<div class=\"attribute-item\">\n<div class=\"left\">Mat\u00e9riau : Bronze<\/div>\n<div class=\"right\">Taille : H 120cm ou sur mesure<\/div>\n<div>Emballage : Caisse en bois avec mousse souple \u00e0 l'int\u00e9rieur<\/div>\n<div>Conception : Par notre \u00e9quipe (les conceptions des clients sont les bienvenues)<\/div>\n<\/div>\n<div class=\"attribute-item\"><\/div>\n<div class=\"attribute-item\">\n<div class=\"right\" data-spm-anchor-id=\"a2700.details.0.i88.4f5b2b1eujXQ0g\"><\/div>\n<\/div>\n<\/div>","protected":false},"excerpt":{"rendered":"<p>Type : Bronze Autres attributs Lieu d'origine : Guangdong, Chine Mat\u00e9riau : M\u00e9tal Impression : autre M\u00e9thode d'impression : autre Technique : Coul\u00e9e Style : Naturel Utilisation : D\u00e9coration de la maison Th\u00e8me : Art Caract\u00e9ristique r\u00e9gionale : Europe Mat\u00e9riau : Bronze Bronze Taille : H 120cm ou personnalis\u00e9 Emballage : Caisse en bois avec mousse souple \u00e0 l'int\u00e9rieur Design : Par notre \u00e9quipe (les designs des clients sont les bienvenus)<\/p>","protected":false},"featured_media":168,"comment_status":"open","ping_status":"closed","template":"","meta":[],"product_brand":[],"product_cat":[20,26],"product_tag":[],"class_list":{"0":"post-167","1":"product","2":"type-product","3":"status-publish","4":"has-post-thumbnail","6":"product_cat-art-sculpture","7":"product_cat-landscape-sculpture","9":"first","10":"instock","11":"shipping-taxable","12":"product-type-simple"},"_links":{"self":[{"href":"https:\/\/sculptureshome.com\/fr\/wp-json\/wp\/v2\/product\/167","targetHints":{"allow":["GET"]}}],"collection":[{"href":"https:\/\/sculptureshome.com\/fr\/wp-json\/wp\/v2\/product"}],"about":[{"href":"https:\/\/sculptureshome.com\/fr\/wp-json\/wp\/v2\/types\/product"}],"replies":[{"embeddable":true,"href":"https:\/\/sculptureshome.com\/fr\/wp-json\/wp\/v2\/comments?post=167"}],"version-history":[{"count":0,"href":"https:\/\/sculptureshome.com\/fr\/wp-json\/wp\/v2\/product\/167\/revisions"}],"wp:featuredmedia":[{"embeddable":true,"href":"https:\/\/sculptureshome.com\/fr\/wp-json\/wp\/v2\/media\/168"}],"wp:attachment":[{"href":"https:\/\/sculptureshome.com\/fr\/wp-json\/wp\/v2\/media?parent=167"}],"wp:term":[{"taxonomy":"product_brand","embeddable":true,"href":"https:\/\/sculptureshome.com\/fr\/wp-json\/wp\/v2\/product_brand?post=167"},{"taxonomy":"product_cat","embeddable":true,"href":"https:\/\/sculptureshome.com\/fr\/wp-json\/wp\/v2\/product_cat?post=167"},{"taxonomy":"product_tag","embeddable":true,"href":"https:\/\/sculptureshome.com\/fr\/wp-json\/wp\/v2\/product_tag?post=167"}],"curies":[{"name":"wp","href":"https:\/\/api.w.org\/{rel}","templated":true}]}}