{"id":157,"date":"2024-01-15T07:23:00","date_gmt":"2024-01-15T07:23:00","guid":{"rendered":"https:\/\/sculptureshome.com\/?post_type=product&#038;p=157"},"modified":"2024-02-10T06:28:33","modified_gmt":"2024-02-10T06:28:33","slug":"art-abstrait-colore-artisanat-sculpture","status":"publish","type":"product","link":"https:\/\/sculptureshome.com\/fr\/product\/colorful-abstract-art-craft-sculpture\/","title":{"rendered":"Sculpture d'art abstraite color\u00e9e"},"content":{"rendered":"<h4>Attributs sp\u00e9cifiques \u00e0 l'industrie<\/h4>\n<div class=\"attribute-list\">\n<div class=\"attribute-item\">\n<div class=\"left\">Type de produit : SCULPTURE<\/div>\n<div class=\"right\">Th\u00e8me : Ange<\/div>\n<\/div>\n<\/div>\n<h4>Autres caract\u00e9ristiques<\/h4>\n<div class=\"attribute-list\">\n<div class=\"attribute-item\">\n<div class=\"left\">Lieu d'origine<\/div>\n<div class=\"right\">Guangdong, Chine<\/div>\n<\/div>\n<div class=\"attribute-item\">\n<div class=\"right\"><\/div>\n<\/div>\n<div class=\"attribute-item\">\n<div class=\"left\">Nom : Abstract Art Craft Venus Resin Figurine Statue Greek Goddess Sculpture<\/div>\n<div class=\"left\">Mat\u00e9riau : R\u00e9sine et fer<\/div>\n<\/div>\n<\/div>\n<div class=\"attribute-list\">\n<div class=\"attribute-item\">\n<div class=\"left\">Couleur : Gris \/Bleu fuyant \/Bleu<\/div>\n<\/div>\n<div class=\"attribute-item\">\n<div class=\"left\">Taille : L250*L170*H490mm<\/div>\n<\/div>\n<div class=\"attribute-item\">\n<div class=\"left\">Utilisation : D\u00e9coration, art et objets de collection<\/div>\n<div class=\"right\">Style : Moderne<br \/>\n&nbsp;<\/p>\n<\/div>\n<\/div>\n<div class=\"attribute-item\">\n<div class=\"left\"><\/div>\n<div class=\"right\"><\/div>\n<\/div>\n<div class=\"attribute-item\">\n<div class=\"right\" data-spm-anchor-id=\"a2700.details.0.i83.32662bc1G40fVh\"><\/div>\n<\/div>\n<\/div>","protected":false},"excerpt":{"rendered":"<p>Attributs sp\u00e9cifiques \u00e0 l'industrie Type de produit : SCULPTURE Th\u00e8me : Ange Autres attributs Lieu d'origine Guangdong, Chine Nom : Abstrait Art Craft Venus Resin Figurine Statue Greek Goddess Sculpture Material : R\u00e9sine&amp;Fer Couleur : Gris \/Bleu fuyant \/Bleu Taille : L250*L170*H490mm Utilisation : D\u00e9coration Art &amp; Collection Style : Moderne &nbsp;<\/p>","protected":false},"featured_media":158,"comment_status":"open","ping_status":"closed","template":"","meta":[],"product_brand":[],"product_cat":[20,25],"product_tag":[],"class_list":{"0":"post-157","1":"product","2":"type-product","3":"status-publish","4":"has-post-thumbnail","6":"product_cat-art-sculpture","7":"product_cat-decorative-sculpture","9":"first","10":"instock","11":"shipping-taxable","12":"product-type-simple"},"_links":{"self":[{"href":"https:\/\/sculptureshome.com\/fr\/wp-json\/wp\/v2\/product\/157","targetHints":{"allow":["GET"]}}],"collection":[{"href":"https:\/\/sculptureshome.com\/fr\/wp-json\/wp\/v2\/product"}],"about":[{"href":"https:\/\/sculptureshome.com\/fr\/wp-json\/wp\/v2\/types\/product"}],"replies":[{"embeddable":true,"href":"https:\/\/sculptureshome.com\/fr\/wp-json\/wp\/v2\/comments?post=157"}],"version-history":[{"count":0,"href":"https:\/\/sculptureshome.com\/fr\/wp-json\/wp\/v2\/product\/157\/revisions"}],"wp:featuredmedia":[{"embeddable":true,"href":"https:\/\/sculptureshome.com\/fr\/wp-json\/wp\/v2\/media\/158"}],"wp:attachment":[{"href":"https:\/\/sculptureshome.com\/fr\/wp-json\/wp\/v2\/media?parent=157"}],"wp:term":[{"taxonomy":"product_brand","embeddable":true,"href":"https:\/\/sculptureshome.com\/fr\/wp-json\/wp\/v2\/product_brand?post=157"},{"taxonomy":"product_cat","embeddable":true,"href":"https:\/\/sculptureshome.com\/fr\/wp-json\/wp\/v2\/product_cat?post=157"},{"taxonomy":"product_tag","embeddable":true,"href":"https:\/\/sculptureshome.com\/fr\/wp-json\/wp\/v2\/product_tag?post=157"}],"curies":[{"name":"wp","href":"https:\/\/api.w.org\/{rel}","templated":true}]}}