{"id":149,"date":"2024-01-15T07:11:31","date_gmt":"2024-01-15T07:11:31","guid":{"rendered":"https:\/\/sculptureshome.com\/?post_type=product&#038;p=149"},"modified":"2024-01-15T07:12:33","modified_gmt":"2024-01-15T07:12:33","slug":"sculpture-artisanale-en-metal-cheval-au-galop","status":"publish","type":"product","link":"https:\/\/sculptureshome.com\/fr\/product\/metal-craft-sculpture-galloping-horse\/","title":{"rendered":"Sculpture artisanale en m\u00e9tal cheval au galop"},"content":{"rendered":"<h4>Attributs sp\u00e9cifiques \u00e0 l'industrie<\/h4>\n<div class=\"attribute-list\">\n<div class=\"attribute-item\">\n<div class=\"left\">Type : Laiton<\/div>\n<\/div>\n<div class=\"attribute-item\">\n<div class=\"left\">Type de produit : mod\u00e8le<\/div>\n<\/div>\n<\/div>\n<h4>Autres caract\u00e9ristiques<\/h4>\n<div class=\"attribute-list\">\n<div class=\"attribute-item\">\n<div class=\"left\">Lieu d'origine : Guangdong, Chine<\/div>\n<\/div>\n<div class=\"attribute-item\">\n<div class=\"left\">Mat\u00e9riau : M\u00e9tal<\/div>\n<div class=\"right\">Impression:Impression par gaufrage<\/div>\n<div>M\u00e9thode d'impression : 1 couleur<\/div>\n<\/div>\n<div class=\"attribute-item\">\n<div class=\"left\">Technique : Peint<\/div>\n<div class=\"left\">Style : Feng Shui<\/div>\n<\/div>\n<div class=\"attribute-item\">\n<div class=\"right\">Utilisation : Art et collection<\/div>\n<div>Th\u00e8me : Animal<\/div>\n<\/div>\n<div class=\"attribute-item\">\n<div class=\"left\">Nom de marque : sculptureshome<\/div>\n<\/div>\n<div class=\"attribute-item\">\n<div class=\"left\">Nom du produit : Ornement cr\u00e9atif en m\u00e9tal Art Craft<\/div>\n<div class=\"right\">Couleur : Couleur personnalis\u00e9e<br \/>\nLogo : Logo client<\/div>\n<\/div>\n<div class=\"attribute-item\">\n<div class=\"left\">Mat\u00e9riau : Laiton<\/div>\n<div class=\"right\">Utilisation : D\u00e9coration de la maison\n<\/div>\n<\/div>\n<div class=\"attribute-item\">\n<div class=\"right\"><\/div>\n<\/div>\n<\/div>","protected":false},"excerpt":{"rendered":"<p>Attributs sp\u00e9cifiques \u00e0 l'industrie Type : Laiton Type de produit : mod\u00e8le Autres attributs Lieu d'origine : Guangdong, Chine Mat\u00e9riau : Impression : Impression par gaufrage M\u00e9thode d'impression : 1 couleur Technique : Peint Style : Feng Shui Utilisation : Art et objets de collection Th\u00e8me : Animal Marque : sculptureshome Nom du produit : Ornement cr\u00e9atif en m\u00e9tal Art Craft Couleur : Couleur personnalis\u00e9e Logo : Logo du client Mat\u00e9riau : Laiton Laiton Utilisation : D\u00e9coration de la maison<\/p>","protected":false},"featured_media":151,"comment_status":"open","ping_status":"closed","template":"","meta":[],"product_brand":[],"product_cat":[22,20],"product_tag":[],"class_list":{"0":"post-149","1":"product","2":"type-product","3":"status-publish","4":"has-post-thumbnail","6":"product_cat-animal-sculpture","7":"product_cat-art-sculpture","9":"first","10":"instock","11":"shipping-taxable","12":"product-type-simple"},"_links":{"self":[{"href":"https:\/\/sculptureshome.com\/fr\/wp-json\/wp\/v2\/product\/149","targetHints":{"allow":["GET"]}}],"collection":[{"href":"https:\/\/sculptureshome.com\/fr\/wp-json\/wp\/v2\/product"}],"about":[{"href":"https:\/\/sculptureshome.com\/fr\/wp-json\/wp\/v2\/types\/product"}],"replies":[{"embeddable":true,"href":"https:\/\/sculptureshome.com\/fr\/wp-json\/wp\/v2\/comments?post=149"}],"version-history":[{"count":0,"href":"https:\/\/sculptureshome.com\/fr\/wp-json\/wp\/v2\/product\/149\/revisions"}],"wp:featuredmedia":[{"embeddable":true,"href":"https:\/\/sculptureshome.com\/fr\/wp-json\/wp\/v2\/media\/151"}],"wp:attachment":[{"href":"https:\/\/sculptureshome.com\/fr\/wp-json\/wp\/v2\/media?parent=149"}],"wp:term":[{"taxonomy":"product_brand","embeddable":true,"href":"https:\/\/sculptureshome.com\/fr\/wp-json\/wp\/v2\/product_brand?post=149"},{"taxonomy":"product_cat","embeddable":true,"href":"https:\/\/sculptureshome.com\/fr\/wp-json\/wp\/v2\/product_cat?post=149"},{"taxonomy":"product_tag","embeddable":true,"href":"https:\/\/sculptureshome.com\/fr\/wp-json\/wp\/v2\/product_tag?post=149"}],"curies":[{"name":"wp","href":"https:\/\/api.w.org\/{rel}","templated":true}]}}