{"id":146,"date":"2024-01-15T07:04:17","date_gmt":"2024-01-15T07:04:17","guid":{"rendered":"https:\/\/sculptureshome.com\/?post_type=product&#038;p=146"},"modified":"2024-01-15T07:04:17","modified_gmt":"2024-01-15T07:04:17","slug":"art-lovers-figure-sculpture-black-minimalist-resin-craft-home-decor","status":"publish","type":"product","link":"https:\/\/sculptureshome.com\/fr\/product\/art-lovers-figure-sculpture-black-minimalist-resin-craft-home-decor\/","title":{"rendered":"Art Lovers Figure Sculpture Noir Minimaliste R\u00e9sine Craft Home Decor"},"content":{"rendered":"<h4>Attributs sp\u00e9cifiques \u00e0 l'industrie<\/h4>\n<div class=\"attribute-list\">\n<div class=\"attribute-item\">\n<div class=\"left\">Style de conception<\/div>\n<div class=\"right\">Moderne<\/div>\n<\/div>\n<\/div>\n<h4>Autres caract\u00e9ristiques<\/h4>\n<div class=\"attribute-list\">\n<div class=\"attribute-item\">\n<div class=\"left\">Lieu d'origine : Guangdong, Chine<\/div>\n<\/div>\n<div class=\"attribute-item\">\n<div class=\"left\">Type : Autres d\u00e9corations pour la maison<\/div>\n<\/div>\n<div class=\"attribute-item\">\n<div class=\"left\">Nom de marque\uff1asculptureshome<\/div>\n<div class=\"right\">Mat\u00e9riau : Polyr\u00e9sine, R\u00e9sine<\/div>\n<\/div>\n<div class=\"attribute-item\">\n<div class=\"left\">Type:D\u00e9coration int\u00e9rieure, Sculpture d\u00e9corative<\/div>\n<div>Application : Maison, H\u00f4tel, Bureau<\/div>\n<\/div>\n<div class=\"attribute-item\">\n<div class=\"right\">\n&nbsp;<\/p>\n<\/div>\n<\/div>\n<div class=\"attribute-item\">\n<div class=\"left\"><\/div>\n<div class=\"right\"><\/div>\n<\/div>\n<\/div>","protected":false},"excerpt":{"rendered":"<p>Attributs sp\u00e9cifiques \u00e0 l'industrie Design Style Moderne Autres attributs Lieu d'origine : Guangdong, Chine Type : Autres d\u00e9corations pour la maison Nom de marque\uff1asculptureshome Mat\u00e9riau : Polyr\u00e9sine, R\u00e9sine Type : D\u00e9coration de maison, Sculpture de d\u00e9coration Application : Maison, H\u00f4tel, Bureau &nbsp;<\/p>","protected":false},"featured_media":147,"comment_status":"open","ping_status":"closed","template":"","meta":[],"product_brand":[],"product_cat":[20],"product_tag":[],"class_list":{"0":"post-146","1":"product","2":"type-product","3":"status-publish","4":"has-post-thumbnail","6":"product_cat-art-sculpture","8":"first","9":"instock","10":"shipping-taxable","11":"product-type-simple"},"_links":{"self":[{"href":"https:\/\/sculptureshome.com\/fr\/wp-json\/wp\/v2\/product\/146","targetHints":{"allow":["GET"]}}],"collection":[{"href":"https:\/\/sculptureshome.com\/fr\/wp-json\/wp\/v2\/product"}],"about":[{"href":"https:\/\/sculptureshome.com\/fr\/wp-json\/wp\/v2\/types\/product"}],"replies":[{"embeddable":true,"href":"https:\/\/sculptureshome.com\/fr\/wp-json\/wp\/v2\/comments?post=146"}],"version-history":[{"count":0,"href":"https:\/\/sculptureshome.com\/fr\/wp-json\/wp\/v2\/product\/146\/revisions"}],"wp:featuredmedia":[{"embeddable":true,"href":"https:\/\/sculptureshome.com\/fr\/wp-json\/wp\/v2\/media\/147"}],"wp:attachment":[{"href":"https:\/\/sculptureshome.com\/fr\/wp-json\/wp\/v2\/media?parent=146"}],"wp:term":[{"taxonomy":"product_brand","embeddable":true,"href":"https:\/\/sculptureshome.com\/fr\/wp-json\/wp\/v2\/product_brand?post=146"},{"taxonomy":"product_cat","embeddable":true,"href":"https:\/\/sculptureshome.com\/fr\/wp-json\/wp\/v2\/product_cat?post=146"},{"taxonomy":"product_tag","embeddable":true,"href":"https:\/\/sculptureshome.com\/fr\/wp-json\/wp\/v2\/product_tag?post=146"}],"curies":[{"name":"wp","href":"https:\/\/api.w.org\/{rel}","templated":true}]}}