{"id":1404,"date":"2024-05-10T01:10:58","date_gmt":"2024-05-10T01:10:58","guid":{"rendered":"https:\/\/sculptureshome.com\/product\/outdoor-stone-head-marble-busts-statue-life-size-head-sculpture\/"},"modified":"2024-05-10T01:46:11","modified_gmt":"2024-05-10T01:46:11","slug":"tete-en-pierre-exterieure-statue-en-marbre-statue-de-tete-grandeur-nature","status":"publish","type":"product","link":"https:\/\/sculptureshome.com\/fr\/product\/outdoor-stone-head-marble-busts-statue-life-size-head-sculpture\/","title":{"rendered":"Bustes en marbre pour l'ext\u00e9rieur, t\u00eate de pierre, statue, t\u00eate de sculpture grandeur nature"},"content":{"rendered":"<ul>\n<li><strong>Garantie : <\/strong> 3 ans<\/li>\n<li><strong>Service apr\u00e8s-vente : <\/strong> Installation sur site<\/li>\n<li><strong>Capacit\u00e9 de solution de projet : <\/strong> conception graphique<\/li>\n<li><strong>Application : <\/strong> Ext\u00e9rieur<\/li>\n<li><strong>Style de conception : <\/strong> EUROP\u00c9ENNE<\/li>\n<li><strong>Nom de marque : sculptureshome<\/strong><\/li>\n<li><strong>Style : <\/strong> Occidentale<\/li>\n<li><strong>Type : <\/strong> Marbre quatre saisons<\/li>\n<li><strong>Couleur : <\/strong> Blanc pur ou personnalis\u00e9<\/li>\n<li><strong>Mat\u00e9riau : <\/strong> 100% marbre naturel<\/li>\n<li><strong>Taille : <\/strong> Sur mesure<\/li>\n<li><strong>MOQ : <\/strong> 1pc<\/li>\n<li><strong>Techniques : <\/strong> Sculpt\u00e9e et polie \u00e0 la main<\/li>\n<li><strong>Sp\u00e9cial : <\/strong> Sculpture tr\u00e8s d\u00e9taill\u00e9e<\/li>\n<li><strong>Conception : <\/strong> Par notre \u00e9quipe (les dessins des clients sont les bienvenus)<\/li>\n<li><strong>Emballage : <\/strong> Caisse en bois avec storform \u00e0 l'int\u00e9rieur<\/li>\n<li><strong>Assurance : <\/strong> Couvrir tous les risques<\/li>\n<\/ul>","protected":false},"excerpt":{"rendered":"<p>Warranty : 3 years After-sale Service : Onsite Installation Project Solution Capability : graphic design Application : Outdoor Design Style : EUROPEAN Brand Name : sculptureshome Style : Western Type : Marble Four Season Colour : Pure white or Customized Material : 100% natural marble Size : Customized MOQ : 1pc Technics : Hand carved [&hellip;]<\/p>\n","protected":false},"featured_media":1403,"comment_status":"open","ping_status":"closed","template":"","meta":[],"product_brand":[],"product_cat":[43],"product_tag":[46,44,45],"class_list":{"0":"post-1404","1":"product","2":"type-product","3":"status-publish","4":"has-post-thumbnail","6":"product_cat-custom-stone-sculpture-maker","7":"product_tag-statues","8":"product_tag-stone","9":"product_tag-stone-carvings-and-sculptures","11":"first","12":"instock","13":"shipping-taxable","14":"product-type-simple"},"_links":{"self":[{"href":"https:\/\/sculptureshome.com\/fr\/wp-json\/wp\/v2\/product\/1404","targetHints":{"allow":["GET"]}}],"collection":[{"href":"https:\/\/sculptureshome.com\/fr\/wp-json\/wp\/v2\/product"}],"about":[{"href":"https:\/\/sculptureshome.com\/fr\/wp-json\/wp\/v2\/types\/product"}],"replies":[{"embeddable":true,"href":"https:\/\/sculptureshome.com\/fr\/wp-json\/wp\/v2\/comments?post=1404"}],"version-history":[{"count":0,"href":"https:\/\/sculptureshome.com\/fr\/wp-json\/wp\/v2\/product\/1404\/revisions"}],"wp:featuredmedia":[{"embeddable":true,"href":"https:\/\/sculptureshome.com\/fr\/wp-json\/wp\/v2\/media\/1403"}],"wp:attachment":[{"href":"https:\/\/sculptureshome.com\/fr\/wp-json\/wp\/v2\/media?parent=1404"}],"wp:term":[{"taxonomy":"product_brand","embeddable":true,"href":"https:\/\/sculptureshome.com\/fr\/wp-json\/wp\/v2\/product_brand?post=1404"},{"taxonomy":"product_cat","embeddable":true,"href":"https:\/\/sculptureshome.com\/fr\/wp-json\/wp\/v2\/product_cat?post=1404"},{"taxonomy":"product_tag","embeddable":true,"href":"https:\/\/sculptureshome.com\/fr\/wp-json\/wp\/v2\/product_tag?post=1404"}],"curies":[{"name":"wp","href":"https:\/\/api.w.org\/{rel}","templated":true}]}}